{"id":3484,"date":"2018-11-28T17:19:59","date_gmt":"2018-11-28T16:19:59","guid":{"rendered":"https:\/\/10jourssansecrans.org\/sinscrire\/?lang=eu"},"modified":"2023-09-18T15:34:49","modified_gmt":"2023-09-18T13:34:49","slug":"sinscrire","status":"publish","type":"page","link":"https:\/\/10jourssansecrans.org\/eu\/sinscrire\/","title":{"rendered":"S&#8217;inscrire"},"content":{"rendered":"<div>\n<div class=\"sib-form-block\">\n<div class=\"sib-text-form-block\">L&#8217;inscription est r\u00e9serv\u00e9e aux <strong>\u00e9tablissements scolaires<\/strong>, elle est libre et gratuite (formulaire ci-dessous) : \t\t<h3>Inscrire un \u00e9tablissement scolaire<\/h3>\n\t\t<form action=\"https:\/\/10jourssansecrans.org\/eu\/wp-json\/wp\/v2\/pages\/3484\/\" class=\"registerForm\" method=\"post\">\n\t\t\t<p>Vous pouvez rechercher votre \u00e9tablissement par son nom, sa ville ou son code postal : <\/p>\n\t\t\t<input type=\"hidden\" name=\"registerStep\" value=\"search\" \/><input type=\"hidden\" name=\"scolaire\" value=\"1\" \/>\n\t\t\t<label for=\"searchEtab\">Votre recherche : <\/label><input type=\"text\" name=\"searchEtab\" id=\"searchEtab\" required=\"required\" \/><input type=\"submit\" value=\"Rechercher\" \/>\n\t\t\t<br \/><br \/>\n\t\t<\/form>\n\t\t<h3>Inscrire une structure d'accueil de la petite enfance<\/h3>\n\t\t<form action=\"#\" class=\"registerForm\" method=\"post\">\n\t\t\t<p>Vous pouvez rechercher votre \u00e9tablissement par son nom, sa ville ou son code postal : <\/p>\n\t\t\t<input type=\"hidden\" name=\"registerStep\" value=\"search\" \/><input type=\"hidden\" name=\"scolaire\" value=\"0\" \/>\n\t\t\t<label for=\"searchEtab\">Votre recherche : <\/label><input type=\"text\" name=\"searchEtab\" id=\"searchEtab\" required=\"required\" \/><input type=\"submit\" value=\"Rechercher\" \/>\n\t\t<\/form>\n\t\t L&#8217;inscription est \u00e9tendue aux <strong>structures d&#8217;accueil de la petite enfance<\/strong> (cr\u00e8che collective, halte-garderie, jardin d&#8217;enfant) : <a href=\"https:\/\/2b745f93.sibforms.com\/serve\/MUIEAAZ13dAtCPmWJEiBVF-aw-iSWVNTsotlmHZ8u7t9BcQpTihqxSbUgjZtJpF5A6LrzS-p0XzGQKyT5KU82wIDSc_wUbCF1GQzyXVOVsEihnma6k78Sry2zQvbRgKAh5EJ1dCkfnsUKCIAllnepA01aZREHwRq1MJxnPvgJ3dUPAQIKp9F2O9W33YQ0dtkgAaRlILVT7e9hY-3\">formulaire d&#8217;inscription.<\/a> Les <strong>associations<\/strong>, <strong>municipalit\u00e9s<\/strong> et <strong>collectivit\u00e9s<\/strong> <strong>locales<\/strong> qui souhaitent relayer localement le d\u00e9fi collectif sont invit\u00e9es \u00e0 <a href=\"https:\/\/10jourssansecrans.org\/eu\/gurekin-harremanetan-jarri\/\" target=\"_blank\" rel=\"noopener\">entrer en contact avec nous<\/a>.<\/div>\n<\/div>\n<\/div>\n","protected":false},"excerpt":{"rendered":"<p>L&#8217;inscription est r\u00e9serv\u00e9e aux \u00e9tablissements scolaires, elle est libre et gratuite (formulaire ci-dessous) : L&#8217;inscription est \u00e9tendue aux structures d&#8217;accueil de la petite enfance (cr\u00e8che collective, halte-garderie, jardin d&#8217;enfant) : [&hellip;]<\/p>\n","protected":false},"author":5,"featured_media":0,"parent":0,"menu_order":0,"comment_status":"closed","ping_status":"closed","template":"","meta":{"_et_pb_use_builder":"off","_et_pb_old_content":"","_et_gb_content_width":"","footnotes":""},"class_list":["post-3484","page","type-page","status-publish","hentry"],"_links":{"self":[{"href":"https:\/\/10jourssansecrans.org\/eu\/wp-json\/wp\/v2\/pages\/3484","targetHints":{"allow":["GET"]}}],"collection":[{"href":"https:\/\/10jourssansecrans.org\/eu\/wp-json\/wp\/v2\/pages"}],"about":[{"href":"https:\/\/10jourssansecrans.org\/eu\/wp-json\/wp\/v2\/types\/page"}],"author":[{"embeddable":true,"href":"https:\/\/10jourssansecrans.org\/eu\/wp-json\/wp\/v2\/users\/5"}],"replies":[{"embeddable":true,"href":"https:\/\/10jourssansecrans.org\/eu\/wp-json\/wp\/v2\/comments?post=3484"}],"version-history":[{"count":1,"href":"https:\/\/10jourssansecrans.org\/eu\/wp-json\/wp\/v2\/pages\/3484\/revisions"}],"predecessor-version":[{"id":4727,"href":"https:\/\/10jourssansecrans.org\/eu\/wp-json\/wp\/v2\/pages\/3484\/revisions\/4727"}],"wp:attachment":[{"href":"https:\/\/10jourssansecrans.org\/eu\/wp-json\/wp\/v2\/media?parent=3484"}],"curies":[{"name":"wp","href":"https:\/\/api.w.org\/{rel}","templated":true}]}}