{"id":4951,"date":"2019-06-06T07:28:00","date_gmt":"2019-06-06T05:28:00","guid":{"rendered":"https:\/\/10jourssansecrans.org\/?page_id=4951"},"modified":"2023-09-18T17:57:30","modified_gmt":"2023-09-18T15:57:30","slug":"votre-soutien-est-precieux","status":"publish","type":"page","link":"https:\/\/10jourssansecrans.org\/es\/votre-soutien-est-precieux\/","title":{"rendered":"Votre soutien est pr\u00e9cieux !"},"content":{"rendered":"<p>[et_pb_section fb_built=\u00bb1&#8243; admin_label=\u00bbsection\u00bb _builder_version=\u00bb4.16&#8243; global_colors_info=\u00bb{}\u00bb][et_pb_row admin_label=\u00bbrow\u00bb _builder_version=\u00bb4.16&#8243; background_size=\u00bbinitial\u00bb background_position=\u00bbtop_left\u00bb background_repeat=\u00bbrepeat\u00bb global_colors_info=\u00bb{}\u00bb][et_pb_column type=\u00bb4_4&#8243; _builder_version=\u00bb4.16&#8243; custom_padding=\u00bb|||\u00bb global_colors_info=\u00bb{}\u00bb custom_padding__hover=\u00bb|||\u00bb][et_pb_text _builder_version=\u00bb4.22.1&#8243; _module_preset=\u00bbdefault\u00bb hover_enabled=\u00bb0&#8243; global_colors_info=\u00bb{}\u00bb sticky_enabled=\u00bb0&#8243;]L\u2019association 10 JOURS SANS \u00c9CRANS &#8211; 10 EGUNEZ PANTAILAK UTZI, a pour objet de faire la promotion du D\u00e9fi 10 Jours Sans \u00c9crans aupr\u00e8s des structures d\u2019accueil petite enfance, des \u00e9coles maternelles et primaires, des coll\u00e8ges et lyc\u00e9es, des associations, des municipalit\u00e9s, des \u00e9lus, ainsi qu\u2019aupr\u00e8s de toutes les instances qui \u0153uvrent en faveur de la petite enfance, l\u2019enfance ou l\u2019adolescence. Ces principales activit\u00e9s concernent des actions de communication et d\u2019information, l\u2019organisation de rencontres, le partage d\u2019exp\u00e9rience et la mutualisation d\u2019outils p\u00e9dagogiques.<\/p>\n<p>Qu&#8217;il soit moral, physique ou financier, votre soutien est tr\u00e8s pr\u00e9cieux !<\/p>\n<p>Assembl\u00e9e g\u00e9n\u00e9rale : <iframe id=\"haWidget\" style=\"width: 100%; height: 70px; border: none;\" src=\"https:\/\/www.helloasso.com\/associations\/10-jours-sans-ecrans-10-egunez-pantailak-utzi\/evenements\/assemblee-generale-biltzar-nagusia\/widget-bouton\"><\/iframe><br \/>\nAdh\u00e9rer :<br \/>\n<iframe id=\"haWidget\" style=\"width: 100%; height: 70px; border: none;\" src=\"https:\/\/www.helloasso.com\/associations\/10-jours-sans-ecrans-10-egunez-pantailak-utzi\/adhesions\/10-jours-sans-ecrans-10-egunez-pantailak-utzi\/widget-bouton\"><\/iframe><br \/>\nContribuer :<br \/>\n<iframe id=\"haWidget\" style=\"width: 100%; height: 70px; border: none;\" src=\"https:\/\/www.helloasso.com\/associations\/10-jours-sans-ecrans-10-egunez-pantailak-utzi\/formulaires\/1\/widget-bouton\"><\/iframe>[\/et_pb_text][\/et_pb_column][\/et_pb_row][\/et_pb_section]<\/p>\n","protected":false},"excerpt":{"rendered":"<p>L\u2019association 10 JOURS SANS \u00c9CRANS &#8211; 10 EGUNEZ PANTAILAK UTZI, a pour objet de faire la promotion du D\u00e9fi 10 Jours Sans \u00c9crans aupr\u00e8s des structures d\u2019accueil petite enfance, des [&hellip;]<\/p>\n","protected":false},"author":5,"featured_media":0,"parent":0,"menu_order":0,"comment_status":"closed","ping_status":"closed","template":"","meta":{"_et_pb_use_builder":"on","_et_pb_old_content":"<p>L\u2019association 10 JOURS SANS \u00c9CRANS - 10 EGUNEZ PANTAILAK UTZI, a pour objet de faire la promotion du D\u00e9fi 10 Jours Sans \u00c9crans aupr\u00e8s des structures d\u2019accueil petite enfance, des \u00e9coles maternelles et primaires, des coll\u00e8ges et lyc\u00e9es, des associations, des municipalit\u00e9s, des \u00e9lus, ainsi qu\u2019aupr\u00e8s de toutes les instances qui \u0153uvrent en faveur de la petite enfance, l\u2019enfance ou l\u2019adolescence. Ces principales activit\u00e9s concernent des actions de communication et d\u2019information, l\u2019organisation de rencontres, le partage d\u2019exp\u00e9rience et la mutualisation d\u2019outils p\u00e9dagogiques.<\/p><p>Qu'il soit moral, physique ou financier, votre soutien est tr\u00e8s pr\u00e9cieux !<\/p><p>Assembl\u00e9e g\u00e9n\u00e9rale : <iframe id=\"haWidget\" style=\"width: 100%; height: 70px; border: none;\" src=\"https:\/\/www.helloasso.com\/associations\/10-jours-sans-ecrans-10-egunez-pantailak-utzi\/evenements\/assemblee-generale-biltzar-nagusia\/widget-bouton\"><\/iframe><br \/>Adh\u00e9rer :<br \/><iframe id=\"haWidget\" style=\"width: 100%; height: 70px; border: none;\" src=\"https:\/\/www.helloasso.com\/associations\/10-jours-sans-ecrans-10-egunez-pantailak-utzi\/adhesions\/10-jours-sans-ecrans-10-egunez-pantailak-utzi\/widget-bouton\"><\/iframe><br \/>Contribuer :<br \/><iframe id=\"haWidget\" style=\"width: 100%; height: 70px; border: none;\" src=\"https:\/\/www.helloasso.com\/associations\/10-jours-sans-ecrans-10-egunez-pantailak-utzi\/formulaires\/1\/widget-bouton\"><\/iframe><\/p>","_et_gb_content_width":"","footnotes":""},"class_list":["post-4951","page","type-page","status-publish","hentry"],"_links":{"self":[{"href":"https:\/\/10jourssansecrans.org\/es\/wp-json\/wp\/v2\/pages\/4951","targetHints":{"allow":["GET"]}}],"collection":[{"href":"https:\/\/10jourssansecrans.org\/es\/wp-json\/wp\/v2\/pages"}],"about":[{"href":"https:\/\/10jourssansecrans.org\/es\/wp-json\/wp\/v2\/types\/page"}],"author":[{"embeddable":true,"href":"https:\/\/10jourssansecrans.org\/es\/wp-json\/wp\/v2\/users\/5"}],"replies":[{"embeddable":true,"href":"https:\/\/10jourssansecrans.org\/es\/wp-json\/wp\/v2\/comments?post=4951"}],"version-history":[{"count":3,"href":"https:\/\/10jourssansecrans.org\/es\/wp-json\/wp\/v2\/pages\/4951\/revisions"}],"predecessor-version":[{"id":4960,"href":"https:\/\/10jourssansecrans.org\/es\/wp-json\/wp\/v2\/pages\/4951\/revisions\/4960"}],"wp:attachment":[{"href":"https:\/\/10jourssansecrans.org\/es\/wp-json\/wp\/v2\/media?parent=4951"}],"curies":[{"name":"wp","href":"https:\/\/api.w.org\/{rel}","templated":true}]}}