{"id":4891,"date":"2023-03-16T10:30:40","date_gmt":"2023-03-16T09:30:40","guid":{"rendered":"https:\/\/10jourssansecrans.org\/commande\/"},"modified":"2026-01-19T14:08:43","modified_gmt":"2026-01-19T13:08:43","slug":"commande","status":"publish","type":"page","link":"https:\/\/10jourssansecrans.org\/es\/commande\/","title":{"rendered":"Commande"},"content":{"rendered":"<div class='et-box et-bio'>\n\t\t\t\t\t<div class='et-box-content'><p>Cette page s&#8217;adresse aux <strong>\u00e9<\/strong><strong>coles \/ coll\u00e8ges \/ lyc\u00e9es \/ structures petite enfance<\/strong> : commande possible apr\u00e8s inscription au d\u00e9fi + adh\u00e9sion ou parrainage.<\/p>\n<p>\ud83c\udfdb\ufe0f <strong>Vous \u00eates une collectivit\u00e9 territoriale ou un organisme relais<\/strong> ?<\/p>\n<p><strong>Vous n&#8217;\u00eates pas sur la bonne page<\/strong>, mais ce n&#8217;est pas grave \ud83d\ude0c !<\/p>\n<ul>\n<li>le dispositif de <strong>kit solidaire<\/strong> est r\u00e9serv\u00e9 aux \u00e9tablissements (notamment les \u00e9coles \u00ab isol\u00e9es \u00bb).<\/li>\n<li>Si vous souhaitez \u00e9quiper un ou plusieurs \u00e9tablissements sur votre territoire (commande sur devis) et conna\u00eetre les modalit\u00e9s d\u00e9di\u00e9es, rendez-vous ici\u00a0 :<\/li>\n<\/ul>\n<p><a href='https:\/\/10jourssansecrans.org\/sinscrire\/relayer-et-deployer-le-defi-10-jours-sans-ecrans-sur-votre-territoire\/' class='small-button smallblue'>\ud83d\udc49 Relayer et d\u00e9ployer le d\u00e9fi sur votre territoire<\/a> .<\/div><\/div>\n<div class='et-box et-info'>\n\t\t\t\t\t<div class='et-box-content'><p align=\"left\"><strong>Kits Solidaires : \u00e9puis\u00e9s (merci !)<\/strong><\/p>\n<p>Les <strong>Kits Solidaires<\/strong> ont rencontr\u00e9 un tr\u00e8s grand succ\u00e8s : <strong>merci pour votre enthousiasme !<\/strong>\nIls sont d\u00e9sormais <strong>\u00e9puis\u00e9s<\/strong>, et nous en sommes sinc\u00e8rement navr\u00e9s.<\/p>\n<p>Si nous parvenons \u00e0 obtenir des <strong>financements suppl\u00e9mentaires<\/strong>, nous ne manquerons pas de vous en informer.<\/p>\n<p>\ud83d\udc49 <strong>Il reste toutefois possible de commander des kits payants sur devis.<\/strong>\nN\u2019h\u00e9sitez pas \u00e0 vous rapprocher d\u2019un <strong>organisme<\/strong>, d\u2019une <strong>collectivit\u00e9 territoriale<\/strong> ou d\u2019un <strong>partenaire local<\/strong> susceptible de vous aider \u00e0 en financer l\u2019achat.<\/p>\n<p>\ud83d\udce9 Pour toute demande : contact@10jourssansecrans.org<\/p><\/div><\/div>\n<p>Les commandes de mat\u00e9riel sont r\u00e9serv\u00e9es aux adh\u00e9rents de l'association, veuillez vous connecter avec <strong>votre adresse email d'adh\u00e9sion<\/strong> et <strong>choisir l'\u00e9tablissement<\/strong> pour lequel vous souhaitez passer commande.<\/p><p>Si vous n'\u00eates pas encore adh\u00e9rent, vous pouvez obtenir l'<strong>estimation<\/strong> de votre future commande : <a href=\"https:\/\/10jourssansecrans.org\/simulation-de-commande\/\">Simuler une commande<\/a><\/p><p>Vous pouvez \u00e9galement <strong>adh\u00e9rer en ligne<\/strong> avec un paiement par carte bancaire s\u00e9curis\u00e9 via la plateforme <strong>HelloAsso<\/strong> : <a href=\"https:\/\/10jourssansecrans.org\/mon-compte\/?logStep=register\" title=\"Adh\u00e9rer en ligne\">Formulaire d'adh\u00e9sion<\/a><\/p><form id=\"membershipForm\" action=\"https:\/\/10jourssansecrans.org\/es\/wp-json\/wp\/v2\/pages\/4891\/\" method=\"post\" class=\"registerFormInfo\"><input type=\"hidden\" id=\"member_connect\" name=\"member_connect\" value=\"57dd62ab12\" \/><input type=\"hidden\" name=\"_wp_http_referer\" value=\"\/es\/wp-json\/wp\/v2\/pages\/4891\" \/><input type=\"hidden\" name=\"connectStep\" value=\"connectForm\" \/>\n\t<label for=\"emailAdh\" class=\"registerLabel\">Email*<\/label>\n\t<input type=\"email\" name=\"emailAdh\" id=\"emailAdh\" required=\"required\" class=\"registerField\" \/>\n\t<label for=\"passAdh\" class=\"registerLabel\">Mot de passe*<\/label>\n\t<input type=\"password\" name=\"passAdh\" id=\"passAdh\" required=\"required\" class=\"registerField\" \/>\n\t<button type=\"submit\" class=\"et_pb_button\">Connexion<\/button>\n\t<p>Mot de passe oubli\u00e9 ? <a href=\"https:\/\/10jourssansecrans.org\/mon-compte\/?logStep=password\" title=\"Cliquez pour changer votre mot de passe\">R\u00e9initialiser mon mot de passe<\/a><\/p>\n\t<p>Pas encore adh\u00e9rant ? <a href=\"https:\/\/10jourssansecrans.org\/mon-compte\/?logStep=register\" title=\"Cliquez pour cr\u00e9er un compte\">Cr\u00e9er un compte<\/a><\/p><\/form><nav class=\"stepByStep\"><a href=\"https:\/\/10jourssansecrans.org\/es\/wp-json\/wp\/v2\/pages\/4891\/\" class=\"orderStep active\">Mat\u00e9riels<\/a><a href=\"https:\/\/10jourssansecrans.org\/es\/wp-json\/wp\/v2\/pages\/4891\/?etape=shipping\" class=\"orderStep\">Livraison<\/a><a href=\"https:\/\/10jourssansecrans.org\/es\/wp-json\/wp\/v2\/pages\/4891\/?etape=payment\" class=\"orderStep\">Paiement<\/a><\/nav><p>S\u00e9lectionnez les supports que vous souhaitez recevoir, <strong>une quantit\u00e9 gratuite est r\u00e9serv\u00e9e \u00e0 chaque \u00e9tablissement*<\/strong>, celle-ci appara\u00eet dans le <strong>r\u00e9capitulatif de commande<\/strong> avant le paiement. Pensez \u00e0 commander un nombre suffisant d\u2019articles (pr\u00e9voyez quelques articles suppl\u00e9mentaires).<br \/><i>*(la quantit\u00e9 gratuite par \u00e9tablissement est fonction du nombre d'\u00e9l\u00e8ves, et ne d\u00e9passera en aucun cas la limite des stocks disponibles).<\/i><\/p><ul class=\"productList\"><li class=\"productItem\"><h4 class=\"productItemTitle\">Affiches 2026 FR<\/h4><figure class=\"productItemFig\"><a href=\"https:\/\/10jourssansecrans.org\/wp-content\/uploads\/2026\/01\/affiche_mockup.jpg\"><img decoding=\"async\" src=\"https:\/\/10jourssansecrans.org\/wp-content\/uploads\/2026\/01\/affiche_mockup.jpg\" alt=\"Affiches 2026 FR\" class=\"productItemImg\" \/><\/a><\/figure><p class=\"productItemDetail\"><strong>Cat\u00e9gorie : Affiche<\/strong><br \/><strong>R\u00e9f\u00e9rence : a2601fr<\/strong><br \/>Version en FRANCAIS. Format A3, \u00e0 afficher dans les classes ou \u00e0 l'\u00e9cole. Emball\u00e9 dans un rouleau de protection cartonn\u00e9.<br \/>Stock disponible : 50<br \/><strong>\ud83d\ude14 Exemplaires solidaires (gratuits) \u00e9puis\u00e9s pour le moment.<\/strong><br \/>Prix \u00e0 l'unit\u00e9 : 0.5\u20ac<\/p><\/li><li class=\"productItem\"><h4 class=\"productItemTitle\">Badges FR<\/h4><figure class=\"productItemFig\"><a href=\"https:\/\/10jourssansecrans.org\/wp-content\/uploads\/2025\/01\/10JSE_Mockup_Badge2.jpg\"><img decoding=\"async\" src=\"https:\/\/10jourssansecrans.org\/wp-content\/uploads\/2025\/01\/10JSE_Mockup_Badge2.jpg\" alt=\"Badges FR\" class=\"productItemImg\" \/><\/a><\/figure><p class=\"productItemDetail\"><strong>Cat\u00e9gorie : Badge<\/strong><br \/><strong>R\u00e9f\u00e9rence : b2601fr<\/strong><br \/>Les badges sont distribu\u00e9s aux enfants la veille du d\u00e9fi. Ils peuvent les porter pendant toute la dur\u00e9e du d\u00e9fi et au-del\u00e0. <br \/>Stock disponible : 509<br \/><strong>\ud83d\ude14 Exemplaires solidaires (gratuits) \u00e9puis\u00e9s pour le moment.<\/strong><br \/>Prix \u00e0 l'unit\u00e9 : 0.7\u20ac<\/p><\/li><li class=\"productItem\"><h4 class=\"productItemTitle\">Guide pour les parents 2026 FR<\/h4><figure class=\"productItemFig\"><a href=\"https:\/\/10jourssansecrans.org\/wp-content\/uploads\/2026\/01\/GUIDE_PARENTS-2026.jpg\"><img decoding=\"async\" src=\"https:\/\/10jourssansecrans.org\/wp-content\/uploads\/2026\/01\/GUIDE_PARENTS-2026.jpg\" alt=\"Guide pour les parents 2026 FR\" class=\"productItemImg\" \/><\/a><\/figure><p class=\"productItemDetail\"><strong>Cat\u00e9gorie : Guide parents<\/strong><br \/><strong>R\u00e9f\u00e9rence : g2601fr<\/strong><br \/>Guide \u00e0 destination des parents. R\u00e9ponses aux 12 questions les plus fr\u00e9quentes. Ce guide permet de saisir les enjeux du d\u00e9fi et donne des cl\u00e9s pour bien s'y pr\u00e9parer en famille.<br \/>Stock disponible : 406<br \/><strong>\ud83d\ude14 Exemplaires solidaires (gratuits) \u00e9puis\u00e9s pour le moment.<\/strong><br \/>Prix \u00e0 l'unit\u00e9 : 0.5\u20ac<\/p><\/li><li class=\"productItem\"><h4 class=\"productItemTitle\">Carnet de bord 2026, Cycle 1 FR<\/h4><figure class=\"productItemFig\"><a href=\"https:\/\/10jourssansecrans.org\/wp-content\/uploads\/2026\/01\/CARNET_2026-CYCLE1.jpg\"><img decoding=\"async\" src=\"https:\/\/10jourssansecrans.org\/wp-content\/uploads\/2026\/01\/CARNET_2026-CYCLE1.jpg\" alt=\"Carnet de bord 2026, Cycle 1 FR\" class=\"productItemImg\" \/><\/a><\/figure><p class=\"productItemDetail\"><strong>Cat\u00e9gorie : Carnet de bord<\/strong><br \/><strong>R\u00e9f\u00e9rence : c2601fr<\/strong><br \/>Le carnet de bord est l\u2019outil indispensable \u00e0 la r\u00e9ussite des enfants qui s'engagent dans le d\u00e9fi. Ils y comptent leurs points quotidiens, notent leurs r\u00e9ussites et leurs difficult\u00e9s, ce qu\u2019ils ont appr\u00e9ci\u00e9 et ce qu\u2019ils ont a appris. Ils y trouvent \u00e9galement des conseils pour r\u00e9ussir le d\u00e9fi, et des incitations \u00e0 adopter de saines habitudes de vie, \u00e0 cultiver le go\u00fbt de la d\u00e9connexion num\u00e9rique. 20 p. Version plus adapt\u00e9e pour le cycle 1.<br \/>Stock disponible : 600<br \/><strong>\ud83d\ude14 Exemplaires solidaires (gratuits) \u00e9puis\u00e9s pour le moment.<\/strong><br \/>Prix \u00e0 l'unit\u00e9 : 1.2\u20ac<\/p><\/li><li class=\"productItem\"><h4 class=\"productItemTitle\">Carnet de bord 2026, Cycle 2 FR<\/h4><figure class=\"productItemFig\"><a href=\"https:\/\/10jourssansecrans.org\/wp-content\/uploads\/2026\/01\/CARNET_2026-CYCLE2.jpg\"><img decoding=\"async\" src=\"https:\/\/10jourssansecrans.org\/wp-content\/uploads\/2026\/01\/CARNET_2026-CYCLE2.jpg\" alt=\"Carnet de bord 2026, Cycle 2 FR\" class=\"productItemImg\" \/><\/a><\/figure><p class=\"productItemDetail\"><strong>Cat\u00e9gorie : Carnet de bord<\/strong><br \/><strong>R\u00e9f\u00e9rence : c2602fr<\/strong><br \/>Le carnet de bord est l\u2019outil indispensable \u00e0 la r\u00e9ussite des enfants qui s'engagent dans le d\u00e9fi. Ils y comptent leurs points quotidiens, notent leurs r\u00e9ussites et leurs difficult\u00e9s, ce qu\u2019ils ont appr\u00e9ci\u00e9 et ce qu\u2019ils ont a appris. Ils y trouvent \u00e9galement des conseils pour r\u00e9ussir le d\u00e9fi, et des incitations \u00e0 adopter de saines habitudes de vie, \u00e0 cultiver le go\u00fbt de la d\u00e9connexion num\u00e9rique. 28 p. Version plus adapt\u00e9e pour le cycle 2.<br \/>Stock disponible : 642<br \/><strong>\ud83d\ude14 Exemplaires solidaires (gratuits) \u00e9puis\u00e9s pour le moment.<\/strong><br \/>Prix \u00e0 l'unit\u00e9 : 1.2\u20ac<\/p><\/li><li class=\"productItem\"><h4 class=\"productItemTitle\">Carnet de bord 2026, Cycle 3 FR<\/h4><figure class=\"productItemFig\"><a href=\"https:\/\/10jourssansecrans.org\/wp-content\/uploads\/2026\/01\/CARNET_2026-CYCLE3.jpg\"><img decoding=\"async\" src=\"https:\/\/10jourssansecrans.org\/wp-content\/uploads\/2026\/01\/CARNET_2026-CYCLE3.jpg\" alt=\"Carnet de bord 2026, Cycle 3 FR\" class=\"productItemImg\" \/><\/a><\/figure><p class=\"productItemDetail\"><strong>Cat\u00e9gorie : Carnet de bord<\/strong><br \/><strong>R\u00e9f\u00e9rence : c2603fr<\/strong><br \/>Le carnet de bord est l\u2019outil indispensable \u00e0 la r\u00e9ussite des enfants qui s'engagent dans le d\u00e9fi. Ils y comptent leurs points quotidiens, notent leurs r\u00e9ussites et leurs difficult\u00e9s, ce qu\u2019ils ont appr\u00e9ci\u00e9 et ce qu\u2019ils ont a appris. Ils y trouvent \u00e9galement des conseils pour r\u00e9ussir le d\u00e9fi, et des incitations \u00e0 adopter de saines habitudes de vie, \u00e0 cultiver le go\u00fbt de la d\u00e9connexion num\u00e9rique. 52 p. version \u00e9labor\u00e9e pour le Cycle 3 et +.<br \/>Stock disponible : 665<br \/><strong>\ud83d\ude14 Exemplaires solidaires (gratuits) \u00e9puis\u00e9s pour le moment.<\/strong><br \/>Prix \u00e0 l'unit\u00e9 : 1.2\u20ac<\/p><\/li><li class=\"productItem\"><h4 class=\"productItemTitle\">Carnet de bord 2026, Cycle 4<\/h4><figure class=\"productItemFig\"><a href=\"https:\/\/10jourssansecrans.org\/wp-content\/uploads\/2026\/01\/CARNET_2026-CYCLE4.jpg\"><img decoding=\"async\" src=\"https:\/\/10jourssansecrans.org\/wp-content\/uploads\/2026\/01\/CARNET_2026-CYCLE4.jpg\" alt=\"Carnet de bord 2026, Cycle 4\" class=\"productItemImg\" \/><\/a><\/figure><p class=\"productItemDetail\"><strong>Cat\u00e9gorie : Carnet de bord<\/strong><br \/><strong>R\u00e9f\u00e9rence : c2604fr<\/strong><br \/>Le carnet de bord est l\u2019outil indispensable \u00e0 la r\u00e9ussite des enfants qui s'engagent dans le d\u00e9fi. Ils y comptent leurs points quotidiens, notent leurs r\u00e9ussites et leurs difficult\u00e9s, ce qu\u2019ils ont appr\u00e9ci\u00e9 et ce qu\u2019ils ont a appris. Ils y trouvent \u00e9galement des conseils pour r\u00e9ussir le d\u00e9fi, et des incitations \u00e0 adopter de saines habitudes de vie, \u00e0 cultiver le go\u00fbt de la d\u00e9connexion num\u00e9rique. 52 p. version \u00e9labor\u00e9e pour le Cycle 3 et +.<br \/>Stock disponible : 88<br \/><strong>\ud83d\ude14 Exemplaires solidaires (gratuits) \u00e9puis\u00e9s pour le moment.<\/strong><br \/>Prix \u00e0 l'unit\u00e9 : 1.2\u20ac<\/p><\/li><li class=\"productItem\"><h4 class=\"productItemTitle\">Guide parents petite enfance 2026 FR<\/h4><figure class=\"productItemFig\"><a href=\"https:\/\/10jourssansecrans.org\/wp-content\/uploads\/2026\/03\/Mockup-Guide-FFEC-1.png\"><img decoding=\"async\" src=\"https:\/\/10jourssansecrans.org\/wp-content\/uploads\/2026\/03\/Mockup-Guide-FFEC-1.png\" alt=\"Guide parents petite enfance 2026 FR\" class=\"productItemImg\" \/><\/a><\/figure><p class=\"productItemDetail\"><strong>Cat\u00e9gorie : Guide parents<\/strong><br \/><strong>R\u00e9f\u00e9rence : pe2601fr<\/strong><br \/>Guides destin\u00e9s aux parents de la petite enfance<br \/>Stock disponible : 713<br \/>Prix \u00e0 l'unit\u00e9 : 0.8\u20ac<\/p><\/li><li class=\"productItem\"><h4 class=\"productItemTitle\">Banderole simple<\/h4><figure class=\"productItemFig\"><a href=\"https:\/\/10jourssansecrans.org\/wp-content\/uploads\/2026\/01\/Banderole-simple-5.jpg\"><img decoding=\"async\" src=\"https:\/\/10jourssansecrans.org\/wp-content\/uploads\/2026\/01\/Banderole-simple-5.jpg\" alt=\"Banderole simple\" class=\"productItemImg\" \/><\/a><\/figure><p class=\"productItemDetail\"><strong>Cat\u00e9gorie : Banderole<\/strong><br \/><strong>R\u00e9f\u00e9rence : ban202601fr<\/strong><br \/>120*60 cm. On l'affiche au balcon de la fen\u00eatre, elle est visible depuis la cour.<br \/>Stock disponible : 6<br \/>Prix \u00e0 l'unit\u00e9 : 24.9\u20ac<\/p><\/li><li class=\"productItem\"><h4 class=\"productItemTitle\">Banderole moyenne<\/h4><figure class=\"productItemFig\"><a href=\"https:\/\/10jourssansecrans.org\/wp-content\/uploads\/2026\/01\/Banderole-moyenne-1.png\"><img decoding=\"async\" src=\"https:\/\/10jourssansecrans.org\/wp-content\/uploads\/2026\/01\/Banderole-moyenne-1.png\" alt=\"Banderole moyenne\" class=\"productItemImg\" \/><\/a><\/figure><p class=\"productItemDetail\"><strong>Cat\u00e9gorie : Banderole<\/strong><br \/><strong>R\u00e9f\u00e9rence : ban202602fr<\/strong><br \/>180 * 90 cm. On l'affiche \u00e0 la grille de l'\u00e9cole, elle est visible depuis la rue.<br \/>Stock disponible : 4<br \/>Prix \u00e0 l'unit\u00e9 : 42\u20ac<\/p><\/li><li class=\"productItem\"><h4 class=\"productItemTitle\">Grande banderole<\/h4><figure class=\"productItemFig\"><a href=\"https:\/\/10jourssansecrans.org\/wp-content\/uploads\/2026\/01\/Banderole-grande.png\"><img decoding=\"async\" src=\"https:\/\/10jourssansecrans.org\/wp-content\/uploads\/2026\/01\/Banderole-grande.png\" alt=\"Grande banderole\" class=\"productItemImg\" \/><\/a><\/figure><p class=\"productItemDetail\"><strong>Cat\u00e9gorie : Banderole<\/strong><br \/><strong>R\u00e9f\u00e9rence : ban202603fr<\/strong><br \/>240 * 120 cm. On l'affiche \u00e0 la grille de l'\u00e9cole, elle est visible depuis la rue. Image non contractuelle.<br \/>Stock disponible : 1<br \/>Prix \u00e0 l'unit\u00e9 : 69\u20ac<\/p><\/li><li class=\"productItem\"><h4 class=\"productItemTitle\">Affiches 2026 EUSKARA<\/h4><figure class=\"productItemFig\"><a href=\"https:\/\/10jourssansecrans.org\/wp-content\/uploads\/2025\/01\/M-AFF_EUS_2025.jpg\"><img decoding=\"async\" src=\"https:\/\/10jourssansecrans.org\/wp-content\/uploads\/2025\/01\/M-AFF_EUS_2025.jpg\" alt=\"Affiches 2026 EUSKARA\" class=\"productItemImg\" \/><\/a><\/figure><p class=\"productItemDetail\"><strong>Cat\u00e9gorie : Afitxa<\/strong><br \/><strong>R\u00e9f\u00e9rence : a2601eus<\/strong><br \/>Version en EUSKARA (BASQUE). Format A3, \u00e0 afficher dans les classes ou \u00e0 l'\u00e9cole.<br \/>Stock disponible : 159<br \/>Prix \u00e0 l'unit\u00e9 : 0.5\u20ac<\/p><p class=\"productItemDetail\">Produit r\u00e9serv\u00e9 aux \u00e9tablissements du territoire Pays Basque<\/p><\/li><li class=\"productItem\"><h4 class=\"productItemTitle\">EGUNEROKOA 2026, 1. zikloa EUS (Version en EUSKARA)<\/h4><figure class=\"productItemFig\"><a href=\"https:\/\/10jourssansecrans.org\/wp-content\/uploads\/2025\/01\/10JSE_MockupEUS_Carnet1.jpg\"><img decoding=\"async\" src=\"https:\/\/10jourssansecrans.org\/wp-content\/uploads\/2025\/01\/10JSE_MockupEUS_Carnet1.jpg\" alt=\"EGUNEROKOA 2026, 1. zikloa EUS (Version en EUSKARA)\" class=\"productItemImg\" \/><\/a><\/figure><p class=\"productItemDetail\"><strong>Cat\u00e9gorie : Egunerokoa<\/strong><br \/><strong>R\u00e9f\u00e9rence : e2601eus<\/strong><br \/>VERSION EN EUSKARA. Le carnet de bord est l\u2019outil indispensable \u00e0 la r\u00e9ussite des enfants qui s'engagent dans le d\u00e9fi. Ils y comptent leurs points quotidiens, notent leurs r\u00e9ussites et leurs difficult\u00e9s, ce qu\u2019ils ont appr\u00e9ci\u00e9 et ce qu\u2019ils ont a appris. Ils y trouvent \u00e9galement des conseils pour r\u00e9ussir le d\u00e9fi, et des incitations \u00e0 adopter de saines habitudes de vie, \u00e0 cultiver le go\u00fbt de la d\u00e9connexion num\u00e9rique. 28 p. Version plus adapt\u00e9e pour le cycle 2.<br \/>Stock disponible : 1054<br \/>Prix \u00e0 l'unit\u00e9 : 1.2\u20ac<\/p><p class=\"productItemDetail\">Produit r\u00e9serv\u00e9 aux \u00e9tablissements du territoire Pays Basque<\/p><\/li><li class=\"productItem\"><h4 class=\"productItemTitle\">EGUNEROKOA 2026, 2. zikloa EUS (Version en EUSKARA)<\/h4><figure class=\"productItemFig\"><a href=\"https:\/\/10jourssansecrans.org\/wp-content\/uploads\/2025\/01\/10JSE_MockupEUS_Carnet2-1.jpg\"><img decoding=\"async\" src=\"https:\/\/10jourssansecrans.org\/wp-content\/uploads\/2025\/01\/10JSE_MockupEUS_Carnet2-1.jpg\" alt=\"EGUNEROKOA 2026, 2. zikloa EUS (Version en EUSKARA)\" class=\"productItemImg\" \/><\/a><\/figure><p class=\"productItemDetail\"><strong>Cat\u00e9gorie : Egunerokoa<\/strong><br \/><strong>R\u00e9f\u00e9rence : e2602eus<\/strong><br \/>VERSION en EUSKARA. Le carnet de bord est l\u2019outil indispensable \u00e0 la r\u00e9ussite des enfants qui s'engagent dans le d\u00e9fi. Ils y comptent leurs points quotidiens, notent leurs r\u00e9ussites et leurs difficult\u00e9s, ce qu\u2019ils ont appr\u00e9ci\u00e9 et ce qu\u2019ils ont a appris. Ils y trouvent \u00e9galement des conseils pour r\u00e9ussir le d\u00e9fi, et des incitations \u00e0 adopter de saines habitudes de vie, \u00e0 cultiver le go\u00fbt de la d\u00e9connexion num\u00e9rique. 20 p. Version plus adapt\u00e9e pour le cycle 1.<br \/>Stock disponible : 1079<br \/>Prix \u00e0 l'unit\u00e9 : 1.2\u20ac<\/p><p class=\"productItemDetail\">Produit r\u00e9serv\u00e9 aux \u00e9tablissements du territoire Pays Basque<\/p><\/li><li class=\"productItem\"><h4 class=\"productItemTitle\">EGUNEROKOA 2026, 3.zikloa EUS<\/h4><figure class=\"productItemFig\"><a href=\"https:\/\/10jourssansecrans.org\/wp-content\/uploads\/2025\/01\/10JSE_MockupEUS_Carnet3.jpg\"><img decoding=\"async\" src=\"https:\/\/10jourssansecrans.org\/wp-content\/uploads\/2025\/01\/10JSE_MockupEUS_Carnet3.jpg\" alt=\"EGUNEROKOA 2026, 3.zikloa EUS\" class=\"productItemImg\" \/><\/a><\/figure><p class=\"productItemDetail\"><strong>Cat\u00e9gorie : Egunerokoa<\/strong><br \/><strong>R\u00e9f\u00e9rence : e2603eus<\/strong><br \/>Le carnet de bord est l\u2019outil indispensable \u00e0 la r\u00e9ussite des enfants qui s'engagent dans le d\u00e9fi. Ils y comptent leurs points quotidiens, notent leurs r\u00e9ussites et leurs difficult\u00e9s, ce qu\u2019ils ont appr\u00e9ci\u00e9 et ce qu\u2019ils ont a appris. Ils y trouvent \u00e9galement des conseils pour r\u00e9ussir le d\u00e9fi, et des incitations \u00e0 adopter de saines habitudes de vie, \u00e0 cultiver le go\u00fbt de la d\u00e9connexion num\u00e9rique.<br \/>Stock disponible : 137<br \/>Prix \u00e0 l'unit\u00e9 : 1.2\u20ac<\/p><p class=\"productItemDetail\">Produit r\u00e9serv\u00e9 aux \u00e9tablissements du territoire Pays Basque<\/p><\/li><li class=\"productItem\"><h4 class=\"productItemTitle\">EGUNEROKOA 2025, 4. zikloa EUS.<\/h4><figure class=\"productItemFig\"><a href=\"https:\/\/10jourssansecrans.org\/wp-content\/uploads\/2026\/01\/10JSE_MockupEUS_Carnet4.jpg\"><img decoding=\"async\" src=\"https:\/\/10jourssansecrans.org\/wp-content\/uploads\/2026\/01\/10JSE_MockupEUS_Carnet4.jpg\" alt=\"EGUNEROKOA 2025, 4. zikloa EUS.\" class=\"productItemImg\" \/><\/a><\/figure><p class=\"productItemDetail\"><strong>Cat\u00e9gorie : Egunerokoa<\/strong><br \/><strong>R\u00e9f\u00e9rence : e2604eus<\/strong><br \/>Version en BASQUE. Le carnet de bord est un outil indispensable \u00e0 la r\u00e9ussite des enfants qui s'engagent dans le d\u00e9fi. Ils y comptent leurs points quotidiens, notent leurs r\u00e9ussites et leurs difficult\u00e9s, ce qu\u2019ils ont appr\u00e9ci\u00e9 et ce qu\u2019ils ont a appris. Ils y trouvent \u00e9galement des conseils pour r\u00e9ussir le d\u00e9fi, et des incitations \u00e0 adopter de saines habitudes de vie, \u00e0 d\u00e9velopper le go\u00fbt de la d\u00e9connexion num\u00e9rique.<br \/>Stock disponible : 259<br \/>Prix \u00e0 l'unit\u00e9 : 1.2\u20ac<\/p><p class=\"productItemDetail\">Produit r\u00e9serv\u00e9 aux \u00e9tablissements du territoire Pays Basque<\/p><\/li><li class=\"productItem\"><h4 class=\"productItemTitle\">TXAPAK Euskaraz<\/h4><figure class=\"productItemFig\"><a href=\"https:\/\/10jourssansecrans.org\/wp-content\/uploads\/2025\/01\/10JSE_Mockup_BadgeEUS.jpg\"><img decoding=\"async\" src=\"https:\/\/10jourssansecrans.org\/wp-content\/uploads\/2025\/01\/10JSE_Mockup_BadgeEUS.jpg\" alt=\"TXAPAK Euskaraz\" class=\"productItemImg\" \/><\/a><\/figure><p class=\"productItemDetail\"><strong>Cat\u00e9gorie : Badge<\/strong><br \/><strong>R\u00e9f\u00e9rence : b02<\/strong><br \/><br \/>Stock disponible : 1294<br \/>Prix \u00e0 l'unit\u00e9 : 0.7\u20ac<\/p><p class=\"productItemDetail\">Produit r\u00e9serv\u00e9 aux \u00e9tablissements du territoire Pays Basque<\/p><\/li><\/ul><br \/><br \/><br \/><br \/>\n","protected":false},"excerpt":{"rendered":"","protected":false},"author":6,"featured_media":0,"parent":0,"menu_order":0,"comment_status":"open","ping_status":"closed","template":"","meta":{"_et_pb_use_builder":"","_et_pb_old_content":"","_et_gb_content_width":"","footnotes":""},"class_list":["post-4891","page","type-page","status-publish","hentry"],"_links":{"self":[{"href":"https:\/\/10jourssansecrans.org\/es\/wp-json\/wp\/v2\/pages\/4891","targetHints":{"allow":["GET"]}}],"collection":[{"href":"https:\/\/10jourssansecrans.org\/es\/wp-json\/wp\/v2\/pages"}],"about":[{"href":"https:\/\/10jourssansecrans.org\/es\/wp-json\/wp\/v2\/types\/page"}],"author":[{"embeddable":true,"href":"https:\/\/10jourssansecrans.org\/es\/wp-json\/wp\/v2\/users\/6"}],"replies":[{"embeddable":true,"href":"https:\/\/10jourssansecrans.org\/es\/wp-json\/wp\/v2\/comments?post=4891"}],"version-history":[{"count":16,"href":"https:\/\/10jourssansecrans.org\/es\/wp-json\/wp\/v2\/pages\/4891\/revisions"}],"predecessor-version":[{"id":7175,"href":"https:\/\/10jourssansecrans.org\/es\/wp-json\/wp\/v2\/pages\/4891\/revisions\/7175"}],"wp:attachment":[{"href":"https:\/\/10jourssansecrans.org\/es\/wp-json\/wp\/v2\/media?parent=4891"}],"curies":[{"name":"wp","href":"https:\/\/api.w.org\/{rel}","templated":true}]}}