{"id":4882,"date":"2021-03-24T15:55:12","date_gmt":"2021-03-24T14:55:12","guid":{"rendered":"https:\/\/10jourssansecrans.org\/adhesio-et-cotisation\/"},"modified":"2023-09-18T16:55:31","modified_gmt":"2023-09-18T14:55:31","slug":"adhesio-et-cotisation","status":"publish","type":"page","link":"https:\/\/10jourssansecrans.org\/es\/adhesio-et-cotisation\/","title":{"rendered":"Adh\u00e9sion"},"content":{"rendered":"<p>L&#8217;association <em>10 jours sans \u00e9crans<\/em> a pour objet la promotion du D\u00c9FI 10 JOURS SANS \u00c9CRANS aupr\u00e8s des structures d\u2019accueil petite enfance, des \u00e9coles maternelles et primaires, des coll\u00e8ges et lyc\u00e9es, des associations, des municipalit\u00e9s, des \u00e9lus, ainsi qu\u2019aupr\u00e8s de toutes les instances qui \u0153uvrent en faveur de la petite enfance, l\u2019enfance ou l\u2019adolescence.<\/p>\n<p align=\"justify\">Les activit\u00e9s envisag\u00e9es concernent des actions de communication et d\u2019information, des activit\u00e9s favorisant le partage d\u2019exp\u00e9rience et la mutualisation d\u2019outils p\u00e9dagogiques, le d\u00e9veloppement d\u2019un partenariat et l\u2019organisation de rencontres.<\/p>\n<p align=\"justify\">L\u2019association est ouverte \u00e0 tous, sans condition ni distinction. Sont membres actifs ceux qui ont pris l&#8217;engagement de verser annuellement une somme minimale de 12 \u20ac.<\/p>\n<p align=\"justify\">&lt;iframe id=\u00bbhaWidget\u00bb allowtransparency=\u00bbtrue\u00bb src=\u00bbhttps:\/\/www.helloasso.com\/associations\/10-jours-sans-ecrans-10-egunez-pantailak-utzi\/adhesions\/adhesion-2022\/widget-vignette\u00bb style=\u00bbwidth: 350px; height: 450px; border: none;\u00bb&gt;&lt;\/iframe&gt;<\/p>\n","protected":false},"excerpt":{"rendered":"<p>L&#8217;association 10 jours sans \u00e9crans a pour objet la promotion du D\u00c9FI 10 JOURS SANS \u00c9CRANS aupr\u00e8s des structures d\u2019accueil petite enfance, des \u00e9coles maternelles et primaires, des coll\u00e8ges et [&hellip;]<\/p>\n","protected":false},"author":5,"featured_media":0,"parent":0,"menu_order":0,"comment_status":"closed","ping_status":"closed","template":"","meta":{"_et_pb_use_builder":"off","_et_pb_old_content":"","_et_gb_content_width":"","footnotes":""},"class_list":["post-4882","page","type-page","status-publish","hentry"],"_links":{"self":[{"href":"https:\/\/10jourssansecrans.org\/es\/wp-json\/wp\/v2\/pages\/4882","targetHints":{"allow":["GET"]}}],"collection":[{"href":"https:\/\/10jourssansecrans.org\/es\/wp-json\/wp\/v2\/pages"}],"about":[{"href":"https:\/\/10jourssansecrans.org\/es\/wp-json\/wp\/v2\/types\/page"}],"author":[{"embeddable":true,"href":"https:\/\/10jourssansecrans.org\/es\/wp-json\/wp\/v2\/users\/5"}],"replies":[{"embeddable":true,"href":"https:\/\/10jourssansecrans.org\/es\/wp-json\/wp\/v2\/comments?post=4882"}],"version-history":[{"count":1,"href":"https:\/\/10jourssansecrans.org\/es\/wp-json\/wp\/v2\/pages\/4882\/revisions"}],"predecessor-version":[{"id":4885,"href":"https:\/\/10jourssansecrans.org\/es\/wp-json\/wp\/v2\/pages\/4882\/revisions\/4885"}],"wp:attachment":[{"href":"https:\/\/10jourssansecrans.org\/es\/wp-json\/wp\/v2\/media?parent=4882"}],"curies":[{"name":"wp","href":"https:\/\/api.w.org\/{rel}","templated":true}]}}