{"id":4852,"date":"2021-02-12T21:57:05","date_gmt":"2021-02-12T20:57:05","guid":{"rendered":"https:\/\/10jourssansecrans.org\/accueil\/recoursos\/ecrans-et-sommeil\/"},"modified":"2023-09-18T16:51:50","modified_gmt":"2023-09-18T14:51:50","slug":"ecrans-et-sommeil","status":"publish","type":"page","link":"https:\/\/10jourssansecrans.org\/es\/accueil\/recoursos\/ecrans-et-sommeil\/","title":{"rendered":"\u00c9crans et sommeil"},"content":{"rendered":"<p>En ce qui concerne les effets de l\u2019exposition aux \u00e9crans sur le sommeil, l&#8217;ensemble de la recherche semble aller dans le m\u00eame sens.<\/p>\n<h2>Un effet qui n\u2019est plus \u00e0 d\u00e9montrer<\/h2>\n<p><img loading=\"lazy\" decoding=\"async\" class=\"size-medium wp-image-2014 alignright\" src=\"https:\/\/10jourssansecrans.org\/wp-content\/uploads\/2021\/02\/hcsp-300x164.jpg\" alt=\"\" width=\"300\" height=\"164\" srcset=\"https:\/\/10jourssansecrans.org\/wp-content\/uploads\/2021\/02\/hcsp-300x164.jpg 300w, https:\/\/10jourssansecrans.org\/wp-content\/uploads\/2021\/02\/hcsp.jpg 410w\" sizes=\"(max-width: 300px) 100vw, 300px\" \/>Le Haut Conseil de la Sant\u00e9 Publique (HCSP), instance fran\u00e7aise charg\u00e9e d\u2019apporter une aide \u00e0 la d\u00e9cision au ministre de la Sant\u00e9 en r\u00e9alisant des rapports sur la sant\u00e9 et en formulant des recommandations, a publi\u00e9, en janvier 2020, un rapport et un avis concernant <a href=\"https:\/\/www.vie-publique.fr\/sites\/default\/files\/rapport\/pdf\/273315.pdf\" target=\"_blank\" rel=\"noopener\">les effets de l\u2019exposition des enfants et des jeunes aux \u00e9crans<\/a>. Selon elle,<\/p>\n<div id=\"sdfootnote1\">\n<p class=\"sdfootnote-western\">\n<\/div>\n","protected":false},"excerpt":{"rendered":"<p>En ce qui concerne les effets de l\u2019exposition aux \u00e9crans sur le sommeil, l&#8217;ensemble de la recherche semble aller dans le m\u00eame sens. Un effet qui n\u2019est plus \u00e0 d\u00e9montrer [&hellip;]<\/p>\n","protected":false},"author":5,"featured_media":0,"parent":3509,"menu_order":0,"comment_status":"closed","ping_status":"closed","template":"","meta":{"_et_pb_use_builder":"","_et_pb_old_content":"","_et_gb_content_width":"","footnotes":""},"class_list":["post-4852","page","type-page","status-publish","hentry"],"_links":{"self":[{"href":"https:\/\/10jourssansecrans.org\/es\/wp-json\/wp\/v2\/pages\/4852","targetHints":{"allow":["GET"]}}],"collection":[{"href":"https:\/\/10jourssansecrans.org\/es\/wp-json\/wp\/v2\/pages"}],"about":[{"href":"https:\/\/10jourssansecrans.org\/es\/wp-json\/wp\/v2\/types\/page"}],"author":[{"embeddable":true,"href":"https:\/\/10jourssansecrans.org\/es\/wp-json\/wp\/v2\/users\/5"}],"replies":[{"embeddable":true,"href":"https:\/\/10jourssansecrans.org\/es\/wp-json\/wp\/v2\/comments?post=4852"}],"version-history":[{"count":1,"href":"https:\/\/10jourssansecrans.org\/es\/wp-json\/wp\/v2\/pages\/4852\/revisions"}],"predecessor-version":[{"id":4854,"href":"https:\/\/10jourssansecrans.org\/es\/wp-json\/wp\/v2\/pages\/4852\/revisions\/4854"}],"up":[{"embeddable":true,"href":"https:\/\/10jourssansecrans.org\/es\/wp-json\/wp\/v2\/pages\/3509"}],"wp:attachment":[{"href":"https:\/\/10jourssansecrans.org\/es\/wp-json\/wp\/v2\/media?parent=4852"}],"curies":[{"name":"wp","href":"https:\/\/api.w.org\/{rel}","templated":true}]}}