{"id":4846,"date":"2021-05-08T11:19:42","date_gmt":"2021-05-08T09:19:42","guid":{"rendered":"https:\/\/10jourssansecrans.org\/accueil\/recoursos\/carnets-de-bord\/"},"modified":"2023-09-18T16:50:13","modified_gmt":"2023-09-18T14:50:13","slug":"carnets-de-bord","status":"publish","type":"page","link":"https:\/\/10jourssansecrans.org\/es\/accueil\/recoursos\/carnets-de-bord\/","title":{"rendered":"Carnets de bord"},"content":{"rendered":"<p>Bient\u00f4t, sur cette page, le carnet de bord du d\u00e9fi 2021 sera disponible au t\u00e9l\u00e9chargement.<\/p>\n","protected":false},"excerpt":{"rendered":"<p>Bient\u00f4t, sur cette page, le carnet de bord du d\u00e9fi 2021 sera disponible au t\u00e9l\u00e9chargement.<\/p>\n","protected":false},"author":5,"featured_media":0,"parent":3509,"menu_order":0,"comment_status":"closed","ping_status":"closed","template":"","meta":{"_et_pb_use_builder":"","_et_pb_old_content":"","_et_gb_content_width":"","footnotes":""},"class_list":["post-4846","page","type-page","status-publish","hentry"],"_links":{"self":[{"href":"https:\/\/10jourssansecrans.org\/es\/wp-json\/wp\/v2\/pages\/4846","targetHints":{"allow":["GET"]}}],"collection":[{"href":"https:\/\/10jourssansecrans.org\/es\/wp-json\/wp\/v2\/pages"}],"about":[{"href":"https:\/\/10jourssansecrans.org\/es\/wp-json\/wp\/v2\/types\/page"}],"author":[{"embeddable":true,"href":"https:\/\/10jourssansecrans.org\/es\/wp-json\/wp\/v2\/users\/5"}],"replies":[{"embeddable":true,"href":"https:\/\/10jourssansecrans.org\/es\/wp-json\/wp\/v2\/comments?post=4846"}],"version-history":[{"count":1,"href":"https:\/\/10jourssansecrans.org\/es\/wp-json\/wp\/v2\/pages\/4846\/revisions"}],"predecessor-version":[{"id":4849,"href":"https:\/\/10jourssansecrans.org\/es\/wp-json\/wp\/v2\/pages\/4846\/revisions\/4849"}],"up":[{"embeddable":true,"href":"https:\/\/10jourssansecrans.org\/es\/wp-json\/wp\/v2\/pages\/3509"}],"wp:attachment":[{"href":"https:\/\/10jourssansecrans.org\/es\/wp-json\/wp\/v2\/media?parent=4846"}],"curies":[{"name":"wp","href":"https:\/\/api.w.org\/{rel}","templated":true}]}}