{"id":4733,"date":"2023-03-15T18:14:31","date_gmt":"2023-03-15T17:14:31","guid":{"rendered":"https:\/\/10jourssansecrans.org\/defi-collectif\/badges-affiches-et-carnets-de-bord\/"},"modified":"2026-04-01T12:22:55","modified_gmt":"2026-04-01T10:22:55","slug":"badges-affiches-et-carnets-de-bord","status":"publish","type":"page","link":"https:\/\/10jourssansecrans.org\/es\/defi-collectif\/badges-affiches-et-carnets-de-bord\/","title":{"rendered":"Badges, affiches et carnets de bord \u2014 \u00c9dition 2026"},"content":{"rendered":"<p><strong data-start=\"121\" data-end=\"156\">Merci pour votre enthousiasme !<\/strong><\/p>\n<div class='et-box et-info'>\n\t\t\t\t\t<div class='et-box-content'><p align=\"left\"><strong>Kits Solidaires : \u00e9puis\u00e9s (merci !)<\/strong><\/p>\n<p>Les <strong>Kits Solidaires<\/strong> ont rencontr\u00e9 un tr\u00e8s grand succ\u00e8s : <strong>merci pour votre enthousiasme !<\/strong>\nIls sont d\u00e9sormais <strong>\u00e9puis\u00e9s<\/strong>, et nous en sommes sinc\u00e8rement navr\u00e9s.<\/p>\n<p>Si nous parvenons \u00e0 obtenir des <strong>financements suppl\u00e9mentaires<\/strong>, nous ne manquerons pas de vous en informer.<\/p>\n<p>\ud83d\udc49 <strong>Il reste toutefois possible de commander des kits payants.<\/strong>\nN\u2019h\u00e9sitez pas \u00e0 vous rapprocher d\u2019un <strong>organisme<\/strong>, d\u2019une <strong>collectivit\u00e9 territoriale<\/strong> ou d\u2019un <strong>partenaire local<\/strong> susceptible de vous aider \u00e0 en financer l\u2019achat.<\/p>\n<p>\ud83d\udce9 Pour toute demande : contact@10jourssansecrans.org<\/p><\/div><\/div>\n<p>Le d\u00e9fi collectif <strong>10 Jours sans \u00e9crans<\/strong> (19\u201328 mai 2026) est une <strong>op\u00e9ration d\u2019\u00e9ducation \u00e0 la r\u00e9duction du temps d\u2019\u00e9cran<\/strong>, port\u00e9e par les \u00e9tablissements scolaires ou les structures d&#8217;accueil de la petite enfance et prolong\u00e9e dans les familles. Son efficacit\u00e9 repose sur une <strong>pr\u00e9paration p\u00e9dagogique<\/strong> : c\u2019est elle qui permet de vrais changements d\u2019habitudes, pendant les 10 jours et au-del\u00e0.<\/p>\n<p>\ud83d\udce6 Le <strong>Kit 10 Jours sans \u00e9crans<\/strong> (carnets de bord, badges, affiches, guide parents) est l\u2019outil cl\u00e9 pour soutenir cette dynamique.<\/p>\n<div class='et-box et-shadow'>\n\t\t\t\t\t<div class='et-box-content'>\ud83c\udfdb\ufe0f <strong>Vous \u00eates une collectivit\u00e9 territoriale ou un organisme relais<\/strong> ?<\/p>\n<p><strong>Vous n&#8217;\u00eates pas sur la bonne page<\/strong>, mais ce n&#8217;est pas grave \ud83d\ude0c !<\/p>\n<ul>\n<li>le dispositif de <strong>kit solidaire<\/strong> est r\u00e9serv\u00e9 aux \u00e9tablissements (notamment les \u00e9coles \u00ab isol\u00e9es \u00bb).<\/li>\n<li>Si vous souhaitez \u00e9quiper un ou plusieurs \u00e9tablissements sur votre territoire (commande sur devis) et conna\u00eetre les modalit\u00e9s d\u00e9di\u00e9es, rendez-vous ici\u00a0 :<\/li>\n<\/ul>\n<p><a href='https:\/\/10jourssansecrans.org\/sinscrire\/relayer-et-deployer-le-defi-10-jours-sans-ecrans-sur-votre-territoire\/' class='small-button smallblue'>\ud83d\udc49 Relayer et d\u00e9ployer le d\u00e9fi sur votre territoire<\/a> .<\/div><\/div>\n<p>Cette page concerne la commande de kits pour un \u00e9tablissement inscrit (\u00e9cole\/structure petite enfance).\u00a0 :<\/p>\n<ul>\n<li><a href=\"#kits-solidaires\">Le dispositif kits solidaires<\/a><\/li>\n<li><a href=\"#a-qui-s-adresse-la-commande\">\u00c0 qui s\u2019adresse la commande ?<\/a><\/li>\n<li><a href=\"#le-saviez-vous\">Le saviez-vous ?<\/a><\/li>\n<li><a href=\"#materiel\">Mat\u00e9riel 2026<\/a><\/li>\n<li><a href=\"#versions-numeriques\">Versions num\u00e9riques des kits<\/a><\/li>\n<li><a href=\"#commande\">Commande<\/a><\/li>\n<\/ul>\n<div class='et-box et-bio'>\n\t\t\t\t\t<div class='et-box-content'><p id=\"kits-solidaires\">\ud83d\udc9b <strong>Kits solidaires<\/strong> : Lorsqu\u2019une \u00e9cole ou une structure d\u2019accueil petite enfance est inscrite au d\u00e9fi, elle a la possibilit\u00e9 de <b>recevoir<\/b> du <b>mat\u00e9riel<\/b> <b>sous certaines conditions. <\/b>Si vous d\u00e9sirez vous en procurer, <b>veuillez lire attentivement les lignes suivantes.<\/b><\/p>\n<p>Gr\u00e2ce aux organismes qui la soutiennent ( voir la page <a href=\"https:\/\/10jourssansecrans.org\/lassociation\/qui-sommes-nous\/nos-partenaires\/\" target=\"_blank\" rel=\"noopener\"><em>[ Nos partenaires<\/em> ]<\/a> ), l\u2019association 10 Jours Sans \u00c9crans distribue du mat\u00e9riel aux \u00e9coles qui souhaitent en recevoir. En 2026, nous pr\u00e9voyons de distribuer plusieurs milliers de kits solidaires, compos\u00e9s de <b>badges<\/b>, de <b>carnets de bord<\/b>, d\u2019<b>affiches<\/b> et de <b>guides<\/b> <b>pour<\/b> <b>les<\/b> <b>parents<\/b>.<\/p>\n<div class=\"et_pb_slider et_pb_slider_fullwidth_off et_pb_gallery_post_type\">\n\t\t\t\t<div class=\"et_pb_slides\">\n\t\t\t\t\t<div class=\"et_pb_slide\" style=\"background: url(https:\/\/10jourssansecrans.org\/wp-content\/uploads\/2026\/01\/GUIDE_PARENTS-2026-1-scaled.jpg);\"><\/div><div class=\"et_pb_slide\" style=\"background: url(https:\/\/10jourssansecrans.org\/wp-content\/uploads\/2026\/01\/affiche_mockup-1.jpg);\"><\/div><div class=\"et_pb_slide\" style=\"background: url(https:\/\/10jourssansecrans.org\/wp-content\/uploads\/2026\/01\/3cycles-scaled.jpg);\"><\/div><div class=\"et_pb_slide\" style=\"background: url(https:\/\/10jourssansecrans.org\/wp-content\/uploads\/2025\/01\/10JSE_Mockup_Badge2-arin.jpg);\"><\/div><div class=\"et_pb_slide\" style=\"background: url(https:\/\/10jourssansecrans.org\/wp-content\/uploads\/2026\/03\/Mockup-guide-FFEC-2026.png);\"><\/div>\n\t\t\t\t<\/div>\n\t\t\t<\/div>\n<p>\ud83d\udd14 <strong>Le nombre de kits solidaires est limit\u00e9<\/strong>, car il d\u00e9pend des soutiens qui nous sont attribu\u00e9s. Merci \u00e0 <a href=\"https:\/\/10jourssansecrans.org\/lassociation\/qui-sommes-nous\/\" target=\"_blank\" rel=\"noopener\">nos partenaires<\/a> pour leur pr\u00e9cieux appui.<\/p><\/div><\/div>\n<p>&nbsp;<\/p>\n<h2 id=\"a-qui-s-adresse-la-commande\" class=\"western\"><strong>\u00c0 qui s\u2019adresse la commande ?<\/strong><\/h2>\n<p><strong>\u00c9coles \/ coll\u00e8ges \/ lyc\u00e9es \/ structures petite enfance<\/strong> : commande possible apr\u00e8s inscription au d\u00e9fi + adh\u00e9sion ou parrainage.<\/p>\n<ul>\n<li><strong>\ud83c\udfeb \u00c9coles \u201cisol\u00e9es\u201d<\/strong> (peu ou pas de soutien local) : la commande est pens\u00e9e en priorit\u00e9 pour vous.<strong>\u00a0<\/strong><\/li>\n<li>\ud83d\udea7 Si vous \u00eates une collectivit\u00e9 territoriale ou un organisme relais, c&#8217;est par ici : <a href=\"https:\/\/10jourssansecrans.org\/sinscrire\/relayer-et-deployer-le-defi-10-jours-sans-ecrans-sur-votre-territoire\/\" target=\"_blank\" rel=\"noopener\">https:\/\/10jourssansecrans.org\/sinscrire\/relayer-et-deployer-le-defi-10-jours-sans-ecrans-sur-votre-territoire\/<\/a><\/li>\n<\/ul>\n<h2 id=\"le-saviez-vous\" class=\"western\"><strong>Le saviez-vous\u00a0?<\/strong><\/h2>\n<p>Le d\u00e9fi collectif <strong>\u00ab10 Jours sans \u00e9crans\u00bb<\/strong> est bien plus qu&#8217;un simple \u00e9v\u00e9nement : il est le fruit d&#8217;une mobilisation soci\u00e9tale de grande envergure que nous souhaitons continuer \u00e0 d\u00e9velopper et \u00e0 p\u00e9renniser.<\/p>\n<p>Le soutien de <a href=\"https:\/\/10jourssansecrans.org\/lassociation\/qui-sommes-nous\/\" target=\"_blank\" rel=\"noopener\">nos partenaires<\/a> nous permet chaque ann\u00e9e d&#8217;am\u00e9liorer la qualit\u00e9 de notre accompagnement et du mat\u00e9riel propos\u00e9 aux participants.<\/p>\n<p><strong>Une petite structure<\/strong><br \/>\nIl est important de noter que l&#8217;association 10 Jours Sans \u00c9crans repose essentiellement sur l&#8217;engagement d&#8217;une seule personne, qui consacre un mi-temps tout au long de l&#8217;ann\u00e9e. Ce travail cons\u00e9quent inclut :<\/p>\n<ul>\n<li>La gestion des <strong>inscriptions<\/strong> ;<\/li>\n<li>La <strong>conception<\/strong> et la <strong>production<\/strong> du mat\u00e9riel distribu\u00e9 ;<\/li>\n<li>L&#8217;<strong>emballage<\/strong> et la livraison des colis, avec l&#8217;aide de b\u00e9n\u00e9voles ponctuels.<\/li>\n<li>La recherche de <strong>financements<\/strong> et la <strong>coordination<\/strong> du projet ;<\/li>\n<li>La r\u00e9alisation des <strong>questionnaires<\/strong> pour \u00e9valuer l\u2019impact du d\u00e9fi.<\/li>\n<\/ul>\n<p><strong>Nos d\u00e9fis et votre soutien<\/strong><br \/>\nMalgr\u00e9 tous nos efforts, nous sommes parfois confront\u00e9s \u00e0 des limites de temps et de moyens, ce qui peut occasionner quelques lenteurs ou impr\u00e9cisions. Nous sommes conscients de ces d\u00e9fis et mettons tout en \u0153uvre pour am\u00e9liorer notre organisation et la qualit\u00e9 de notre soutien.<\/p>\n<h3><strong>Vous pouvez faire la diff\u00e9rence<\/strong><\/h3>\n<p>Nous avons besoin de vous pour continuer \u00e0 faire grandir cette mobilisation soci\u00e9tale. Voici comment vous pouvez contribuer :<\/p>\n<ul>\n<li><strong><a href=\"https:\/\/www.helloasso.com\/associations\/10-jours-sans-ecrans-10-egunez-pantailak-utzi\/adhesions\/adhesion-2023\" target=\"_new\" rel=\"noopener\">Adh\u00e9rer \u00e0 l&#8217;association<\/a><\/strong> : devenez membre et soutenez activement nos actions.<\/li>\n<li><strong><a href=\"https:\/\/www.helloasso.com\/associations\/10-jours-sans-ecrans-10-egunez-pantailak-utzi\/formulaires\/1\" target=\"_new\" rel=\"noopener\">Faire un don<\/a><\/strong> : chaque contribution, m\u00eame modeste, nous aide \u00e0 financer les kits et \u00e0 soutenir la logistique du d\u00e9fi.<\/li>\n<li><a href=\"https:\/\/10jourssansecrans.org\/devenir-membre-actif-de-lassociation\/\"><strong>Devenir b\u00e9n\u00e9vole<\/strong><\/a> : participez \u00e0 l&#8217;organisation et apportez votre \u00e9nergie \u00e0 ce projet collectif.<\/li>\n<\/ul>\n<p><strong>Un immense merci<\/strong> \u00e0 toutes les \u00e9coles, familles et partenaires pour leur patience, leur compr\u00e9hension et leur confiance. C&#8217;est gr\u00e2ce \u00e0 vous que nous continuons, ann\u00e9e apr\u00e8s ann\u00e9e, \u00e0 porter ce projet avec enthousiasme et d\u00e9termination.<\/p>\n<h2 id=\"materiel\" class=\"western\"><b>Mat\u00e9riel<\/b> <b>2026<\/b><\/h2>\n<p>Pour l&#8217;\u00e9dition 2026, voici le mat\u00e9riel qui sera distribu\u00e9 dans les \u00e9tablissements scolaires participants :<\/p>\n<ul>\n<li><strong>500 affiches<\/strong> au format A3, con\u00e7ues pour \u00eatre \u00e9pingl\u00e9es dans les classes ou \u00e0 l\u2019entr\u00e9e des \u00e9coles, afin d\u2019attirer l\u2019attention et inspirer une participation collective.<\/li>\n<li><strong>10 000 badges<\/strong>, permettant aux enfants de s\u2019identifier fi\u00e8rement comme participants au d\u00e9fi.<\/li>\n<li><strong>10 000 carnets de bord<\/strong>, adapt\u00e9s aux \u00e2ges des enfants, avec un carnet sp\u00e9cifique pour chaque cycle d\u2019apprentissage scolaire (maternelle, \u00e9l\u00e9mentaire, coll\u00e8ge).<\/li>\n<li><strong>10 000 guides pour les parents<\/strong>, proposant des conseils pratiques et des id\u00e9es concr\u00e8tes pour accompagner leurs enfants tout au long des 10 jours.<\/li>\n<\/ul>\n<h3 class=\"western\"><strong>Nouveaut\u00e9 2026 : la banderole \u00ab 10 JOURS SANS \u00c9CRANS \u00bb<\/strong><\/h3>\n<div id=\"attachment_6968\" style=\"width: 310px\" class=\"wp-caption alignright\"><a href=\"https:\/\/10jourssansecrans.org\/wp-content\/uploads\/2026\/01\/Banderole-moyenne-2-300x200.png\"><img loading=\"lazy\" decoding=\"async\" aria-describedby=\"caption-attachment-6968\" class=\"size-medium wp-image-6968\" src=\"https:\/\/10jourssansecrans.org\/wp-content\/uploads\/2026\/01\/Banderole-moyenne-2-300x200.png\" alt=\"\" width=\"300\" height=\"200\" \/><\/a><p id=\"caption-attachment-6968\" class=\"wp-caption-text\">Banderole 10 jours sans \u00e9crans : format moyen<\/p><\/div>\n<p>\u00c0 la demande de plusieurs \u00e9tablissements, nous avons con\u00e7u une <strong>banderole \u201c10 JOURS SANS \u00c9CRANS\u201d<\/strong> pour <strong>valoriser et rendre plus visible<\/strong> l\u2019engagement de votre \u00e9cole\/structure pendant le d\u00e9fi.<\/p>\n<p>Trois formats sont propos\u00e9s : <strong>petit<\/strong>, <strong>moyen<\/strong> et <strong>grand<\/strong>.<\/p>\n<p>\u26a0\ufe0f <strong>\u00c0 noter :<\/strong> la banderole est propos\u00e9e <strong>en option<\/strong> et <strong>ne fait pas partie des kits solidaires<\/strong>.<\/p>\n<h3><strong>Aper\u00e7u du mat\u00e9riel<\/strong><\/h3>\n<p>Visualiser le contenu des diff\u00e9rents supports qui constitue le kit : <a href=\"https:\/\/10jourssansecrans.frama.space\/s\/848EagpmfjYMsbW\">[Voir le contenu des supports]<\/a><\/p>\n<ul>\n<li>Les <strong>affiches<\/strong> permettent de valoriser le d\u00e9fi et de f\u00e9d\u00e9rer \u00e9l\u00e8ves, enseignants et familles autour de cette mobilisation.<\/li>\n<li>Les <strong>badges<\/strong> sont un symbole d\u2019appartenance et d\u2019engagement pour les enfants.<\/li>\n<li>Les <strong>carnets de bord<\/strong> sont adapt\u00e9s \u00e0 chaque tranche d\u2019\u00e2ge, avec des activit\u00e9s et des contenus p\u00e9dagogiques con\u00e7us pour les diff\u00e9rents cycles scolaires, ils permettent de se pr\u00e9parer au d\u00e9fi plusieurs semaines en amont.<\/li>\n<li>Les <strong>guides pour les parents<\/strong> offrent un soutien concret pour vivre pleinement le d\u00e9fi en famille et initier des changements positifs et durables dans les habitudes num\u00e9riques.<\/li>\n<\/ul>\n<div class=\"et_pb_slider et_pb_slider_fullwidth_off et_pb_gallery_post_type\">\n\t\t\t\t<div class=\"et_pb_slides\">\n\t\t\t\t\t<div class=\"et_pb_slide\" style=\"background: url(https:\/\/10jourssansecrans.org\/wp-content\/uploads\/2026\/01\/affiche_mockup-1.jpg);\"><\/div><div class=\"et_pb_slide\" style=\"background: url(https:\/\/10jourssansecrans.org\/wp-content\/uploads\/2025\/01\/10JSE_Mockup_Badge2-arin.jpg);\"><\/div><div class=\"et_pb_slide\" style=\"background: url(https:\/\/10jourssansecrans.org\/wp-content\/uploads\/2026\/01\/3cycles-scaled.jpg);\"><\/div><div class=\"et_pb_slide\" style=\"background: url(https:\/\/10jourssansecrans.org\/wp-content\/uploads\/2026\/01\/GUIDE_PARENTS-2026-1-scaled.jpg);\"><\/div><div class=\"et_pb_slide\" style=\"background: url(https:\/\/10jourssansecrans.org\/wp-content\/uploads\/2026\/01\/CARNET_2026-CYCLE1-1-scaled.jpg);\"><\/div><div class=\"et_pb_slide\" style=\"background: url(https:\/\/10jourssansecrans.org\/wp-content\/uploads\/2026\/01\/CARNET_2026-CYCLE2-1-scaled.jpg);\"><\/div><div class=\"et_pb_slide\" style=\"background: url(https:\/\/10jourssansecrans.org\/wp-content\/uploads\/2026\/01\/CARNET_2026-CYCLE3-1-scaled.jpg);\"><\/div><div class=\"et_pb_slide\" style=\"background: url(https:\/\/10jourssansecrans.org\/wp-content\/uploads\/2026\/01\/CARNET_2026-CYCLE4-1-scaled.jpg);\"><\/div><div class=\"et_pb_slide\" style=\"background: url(https:\/\/10jourssansecrans.org\/wp-content\/uploads\/2026\/01\/Banderole-simple.png);\"><\/div><div class=\"et_pb_slide\" style=\"background: url(https:\/\/10jourssansecrans.org\/wp-content\/uploads\/2026\/01\/Banderole-moyenne-2.png);\"><\/div><div class=\"et_pb_slide\" style=\"background: url(https:\/\/10jourssansecrans.org\/wp-content\/uploads\/2026\/01\/Banderole-grande-1.png);\"><\/div>\n\t\t\t\t<\/div>\n\t\t\t<\/div>\n<h2 id=\"versions-numeriques\"><strong>Version num\u00e9rique des kits<\/strong><\/h2>\n<p>Si vous souhaitez imprimer vous m\u00eame les kits, vous ouvez effectuer une demande pour recevoir la version num\u00e9rique des supports : <a href=\"https:\/\/10jourssansecrans.org\/commande\/fichiers-dimpression\/\">[Demander la version num\u00e9rique des kits 2026]<\/a><\/p>\n<h2><strong>Points de vigilance pour la commande des kits<\/strong><\/h2>\n<p>Avant de finaliser votre commande, merci de bien lire et prendre en compte les points suivants :<\/p>\n<ol>\n<li><strong>Modification des articles<\/strong>\n<ul>\n<li>Le <strong>nombre d\u2019articles<\/strong> (affiches, carnets, badges, guides) peut \u00eatre ajust\u00e9 lors de la commande.<\/li>\n<li>Une fois la commande finalis\u00e9e, <strong>aucune modification ne sera possible<\/strong>. Veuillez donc v\u00e9rifier attentivement les quantit\u00e9s.<\/li>\n<\/ul>\n<\/li>\n<li><strong>Carnets de bord adapt\u00e9s aux cycles d&#8217;apprentissage<\/strong><br \/>\nQuatre carnets de bord diff\u00e9rents sont disponibles, correspondant aux cycles d&#8217;apprentissage suivants :<\/p>\n<ul>\n<li><strong>Cycle 1 : maternelle<\/strong> (petite, moyenne et grande sections).<\/li>\n<li><strong>Cycle 2 : apprentissages fondamentaux<\/strong> (CP, CE1, CE2).<\/li>\n<li><strong>Cycle 3 : consolidation<\/strong> (CM1, CM2, 6e).<\/li>\n<li><strong>Cycle 4 : approfondissements<\/strong> (5e, 4e, 3e).<br \/>\nSoyez particuli\u00e8rement <strong>vigilants aux quantit\u00e9s<\/strong> command\u00e9es pour chaque cycle.<\/li>\n<\/ul>\n<\/li>\n<li><strong>Lieu de livraison<\/strong>\n<ul>\n<li>Le <strong>lieu de livraison<\/strong> doit \u00eatre choisi avec soin, car il <strong>ne pourra pas \u00eatre modifi\u00e9<\/strong> apr\u00e8s validation de la commande.<\/li>\n<\/ul>\n<\/li>\n<li><strong>Modes de paiement<\/strong><br \/>\nDeux options sont disponibles pour r\u00e9gler votre commande :<\/p>\n<ul>\n<li><strong>Paiement via HelloAsso (carte bancaire)<\/strong> :\n<ul>\n<li>Une contribution pour soutenir le fonctionnement de HelloAsso sera automatiquement propos\u00e9e.<\/li>\n<li>Vous pouvez :\n<ul>\n<li>Ajuster cette contribution selon vos pr\u00e9f\u00e9rences.<\/li>\n<li>Signifier que vous ne souhaitez pas y participer.<\/li>\n<\/ul>\n<\/li>\n<\/ul>\n<\/li>\n<li><strong>Paiement par virement bancaire<\/strong> :\n<ul>\n<li>Votre commande sera exp\u00e9di\u00e9e <strong>apr\u00e8s traitement de votre r\u00e8glement par virement<\/strong>.<\/li>\n<li>Merci de <strong>pr\u00e9ciser le num\u00e9ro de votre commande<\/strong> dans l\u2019intitul\u00e9 de votre virement.<\/li>\n<\/ul>\n<\/li>\n<\/ul>\n<\/li>\n<li><strong>Kits solidaires<\/strong>\n<ul>\n<li>Chaque structure b\u00e9n\u00e9ficie d\u2019un certain nombre de <strong>kits solidaires<\/strong>, calcul\u00e9 ainsi :\n<ul>\n<li><strong>Nombre de kits solidaires = nombre d&#8217;enfants inscrits<\/strong><\/li>\n<\/ul>\n<\/li>\n<li>Il est possible d&#8217;en commander plus, mais le reste des kits est \u00e0 la charge de la personne ou l&#8217;organisme qui passe commande.<\/li>\n<\/ul>\n<\/li>\n<li><strong>Recommandation pour les quantit\u00e9s<\/strong>\n<ul>\n<li>Il est fortement conseill\u00e9 de commander <strong>15 \u00e0 20 % de kits suppl\u00e9mentaires<\/strong> pour pr\u00e9voir :\n<ul>\n<li>Les besoins des adultes de l\u2019\u00e9cole (enseignants, personnel \u00e9ducatif, etc.).<\/li>\n<li>Les pertes ou accidents \u00e9ventuels.<\/li>\n<\/ul>\n<\/li>\n<\/ul>\n<\/li>\n<li><strong>Frais de port<\/strong>\n<ul>\n<li>Les <strong>frais de port sont \u00e0 la charge<\/strong> de la personne ou de l\u2019organisme qui passe la commande.<\/li>\n<li>Les envois sont r\u00e9alis\u00e9s via <strong>Colissimo entreprise<\/strong>, selon leurs tarifs en vigueur.<\/li>\n<\/ul>\n<\/li>\n<li><strong>Livraisons<\/strong>\n<ul>\n<li>Une fois les commandes valid\u00e9es et les colis pr\u00e9par\u00e9s, les livraisons seront effectu\u00e9es <strong>\u00e0 partir du mois de mars<\/strong>.<\/li>\n<\/ul>\n<\/li>\n<\/ol>\n<h2 id=\"commande\" class=\"western\"><strong>Commande du mat\u00e9riel : 3 \u00e9tapes essentielles<\/strong><\/h2>\n<p>Avant de pouvoir effectuer une commande de mat\u00e9riel, merci de v\u00e9rifier que les deux conditions suivantes sont remplies : inscription <strong>et<\/strong> adh\u00e9sion.<\/p>\n<h4><strong>\u00c9tape 1 : Inscription <\/strong>et simulation<\/h4>\n<p>L\u2019\u00e9tablissement concern\u00e9 (\u00e9cole, coll\u00e8ge, lyc\u00e9e ou structure d\u2019accueil de jeunes enfants) doit imp\u00e9rativement \u00eatre inscrit pour participer au d\u00e9fi collectif 2026. Cette inscription est gratuite et sans engagement.<br \/>\n<a href=\"https:\/\/10jourssansecrans.org\/es\/sinscrire\/\" target=\"_blank\" rel=\"noopener\">\u27a1\ufe0f S\u2019inscrire au d\u00e9fi collectif<\/a><\/p>\n<p>Avant d\u2019adh\u00e9rer, il est possible d\u2019effectuer une <strong>simulation de commande<\/strong> pour estimer le co\u00fbt du mat\u00e9riel n\u00e9cessaire \u00e0 une \u00e9cole ou un \u00e9tablissement donn\u00e9. Cette \u00e9tape vous permet d\u2019avoir une id\u00e9e pr\u00e9cise des frais engag\u00e9s.<\/p>\n<p>\u27a1\ufe0f <a href=\"https:\/\/10jourssansecrans.org\/simulation-de-commande\/\" target=\"_blank\" rel=\"noopener\">Faire une simulation de commande<\/a><\/p>\n<h4><strong>\u00c9tape 2 : Adh\u00e9sion<\/strong><\/h4>\n<p>L\u2019\u00e9tablissement doit \u00eatre parrain\u00e9 par une personne, une association ou un organisme (bien souvent une association de parents d\u2019\u00e9l\u00e8ves) qui :<\/p>\n<ul>\n<li>Est <strong>adh\u00e9rent<\/strong> \u00e0 l\u2019association <strong>10 Jours Sans \u00c9crans<\/strong>.<\/li>\n<li>Est <strong>\u00e0 jour de sa cotisation annuelle<\/strong>.<\/li>\n<\/ul>\n<p>Le r\u00e8glement de l&#8217;adh\u00e9sion se fait exclusivement par le biais de la plateforme HelloAsso.<\/p>\n<p>\u27a1\ufe0f <a href=\"https:\/\/10jourssansecrans.org\/mon-compte\/?logStep=register\" target=\"_blank\" rel=\"noopener\">Adh\u00e9rer \u00e0 l\u2019association<\/a><\/p>\n<p>Une adh\u00e9sion est n\u00e9cessaire pour passer une commande.\u00a0<strong>NB<\/strong> : Pensez \u00e0 noter l\u2019adresse e-mail utilis\u00e9e pour l\u2019adh\u00e9sion. Elle vous sera n\u00e9cessaire pour valider votre commande.<\/p>\n<h4><strong>\u00c9tape 3 : Passer la commande<\/strong><\/h4>\n<p>Une fois les deux \u00e9tapes pr\u00e9c\u00e9dentes valid\u00e9es, vous pouvez passer votre commande en cliquant sur le bouton ci-dessous :<br \/>\n\u27a1\ufe0f <a href=\"https:\/\/10jourssansecrans.org\/es\/commande\/\" target=\"_blank\" rel=\"noopener\">Commander le mat\u00e9riel<\/a><\/p>\n<p><!-- Commentez ici ce qui se passe [box type=\"warning\"] Il semble que la page de commande soit momentan\u00e9ment indisponible, nous en sommes navr\u00e9s. Nous mettons tout en \u0153uvre pour la remettre en marche au plus vite.[\/box]--><\/p>\n","protected":false},"excerpt":{"rendered":"<p>Merci pour votre enthousiasme ! Le d\u00e9fi collectif 10 Jours sans \u00e9crans (19\u201328 mai 2026) est une op\u00e9ration d\u2019\u00e9ducation \u00e0 la r\u00e9duction du temps d\u2019\u00e9cran, port\u00e9e par les \u00e9tablissements scolaires [&hellip;]<\/p>\n","protected":false},"author":5,"featured_media":0,"parent":3495,"menu_order":0,"comment_status":"open","ping_status":"open","template":"","meta":{"_et_pb_use_builder":"","_et_pb_old_content":"","_et_gb_content_width":"","footnotes":""},"class_list":["post-4733","page","type-page","status-publish","hentry"],"_links":{"self":[{"href":"https:\/\/10jourssansecrans.org\/es\/wp-json\/wp\/v2\/pages\/4733","targetHints":{"allow":["GET"]}}],"collection":[{"href":"https:\/\/10jourssansecrans.org\/es\/wp-json\/wp\/v2\/pages"}],"about":[{"href":"https:\/\/10jourssansecrans.org\/es\/wp-json\/wp\/v2\/types\/page"}],"author":[{"embeddable":true,"href":"https:\/\/10jourssansecrans.org\/es\/wp-json\/wp\/v2\/users\/5"}],"replies":[{"embeddable":true,"href":"https:\/\/10jourssansecrans.org\/es\/wp-json\/wp\/v2\/comments?post=4733"}],"version-history":[{"count":100,"href":"https:\/\/10jourssansecrans.org\/es\/wp-json\/wp\/v2\/pages\/4733\/revisions"}],"predecessor-version":[{"id":7348,"href":"https:\/\/10jourssansecrans.org\/es\/wp-json\/wp\/v2\/pages\/4733\/revisions\/7348"}],"up":[{"embeddable":true,"href":"https:\/\/10jourssansecrans.org\/es\/wp-json\/wp\/v2\/pages\/3495"}],"wp:attachment":[{"href":"https:\/\/10jourssansecrans.org\/es\/wp-json\/wp\/v2\/media?parent=4733"}],"curies":[{"name":"wp","href":"https:\/\/api.w.org\/{rel}","templated":true}]}}