{"id":3529,"date":"2022-03-16T17:47:42","date_gmt":"2022-03-16T16:47:42","guid":{"rendered":"https:\/\/10jourssansecrans.org\/frbadges-affiches-et-carnets-de-bord\/?lang=es"},"modified":"2022-03-16T17:47:42","modified_gmt":"2022-03-16T16:47:42","slug":"frbadges-affiches-et-carnets-de-bord","status":"publish","type":"page","link":"https:\/\/10jourssansecrans.org\/es\/frbadges-affiches-et-carnets-de-bord\/","title":{"rendered":"[:fr]Badges, affiches et carnets de bord"},"content":{"rendered":"<p>C&#8217;est une <strong>NOUVEAUT\u00c9 2022 <\/strong>: en plus des <strong>badges<\/strong>, des<strong> carnets de bord<\/strong> et des <strong>affiches<\/strong> du d\u00e9fi seront <strong><u>gratuitement distribu\u00e9s aux \u00e9l\u00e8ves des \u00e9coles<\/u><\/strong> qui en feront la demande et qui seront parrain\u00e9es par un <strong>membre adh\u00e9rant <\/strong>de l&#8217;association 10 JOURS SANS \u00c9CRANS (dans la limite des r\u00e9serves disponibles &#8211; euskaraz ere eginen dira).<\/p>\n<p>Les carnets seront plus \u00e9toff\u00e9s que l&#8217;an dernier (36 pages) et comporteront :<\/p>\n<ul>\n<li><strong>une page par jour<\/strong> de d\u00e9fi pour aider les enfants \u00e0<strong> mieux pr\u00e9parer le d\u00e9fi<\/strong> et \u00e0 \u00e9valuer ses r\u00e9ussites (les fameux 6 points par jour).<\/li>\n<li>des infos concernant les <strong>m\u00e9faits<\/strong> de la s\u00e9dentarit\u00e9 et les <strong>b\u00e9n\u00e9fices<\/strong> de l&#8217;activit\u00e9 physique, les effets des \u00e9crans sur le sommeil.<\/li>\n<li>des pages pour<u> <\/u><strong><u>d\u00e9velopper le go\u00fbt de la d\u00e9connexion num\u00e9rique<\/u><\/strong>, d\u00e9velopper de <strong>saines habitudes de vie<\/strong>, inciter \u00e0 \u00eatre<strong> physiquement actif (v\u00e9lo, jeux de ballons \u2026)<\/strong>, \u00e0 privil\u00e9gier renouer le <strong>contact avec la nature<\/strong>, \u00e0 consacrer du temps \u00e0 <strong>lecture<\/strong>.<\/li>\n<\/ul>\n<p>Les mod\u00e8les seront visibles prochainement sur ce site, mais vous pouvez d&#8217;ores et d\u00e9j\u00e0 les r\u00e9server ici :<\/p>\n<a href='https:\/\/www.helloasso.com\/associations\/10-jours-sans-ecrans-10-egunez-pantailak-utzi\/boutiques\/test' class='big-button bigblue' target=\"_blank\">Commande de badges, affiches et carnets de bord<\/a>\n","protected":false},"excerpt":{"rendered":"<p>C&#8217;est une NOUVEAUT\u00c9 2022 : en plus des badges, des carnets de bord et des affiches du d\u00e9fi seront gratuitement distribu\u00e9s aux \u00e9l\u00e8ves des \u00e9coles qui en feront la demande [&hellip;]<\/p>\n","protected":false},"author":5,"featured_media":0,"parent":0,"menu_order":0,"comment_status":"closed","ping_status":"closed","template":"","meta":{"_et_pb_use_builder":"","_et_pb_old_content":"","_et_gb_content_width":"","footnotes":""},"class_list":["post-3529","page","type-page","status-publish","hentry"],"_links":{"self":[{"href":"https:\/\/10jourssansecrans.org\/es\/wp-json\/wp\/v2\/pages\/3529","targetHints":{"allow":["GET"]}}],"collection":[{"href":"https:\/\/10jourssansecrans.org\/es\/wp-json\/wp\/v2\/pages"}],"about":[{"href":"https:\/\/10jourssansecrans.org\/es\/wp-json\/wp\/v2\/types\/page"}],"author":[{"embeddable":true,"href":"https:\/\/10jourssansecrans.org\/es\/wp-json\/wp\/v2\/users\/5"}],"replies":[{"embeddable":true,"href":"https:\/\/10jourssansecrans.org\/es\/wp-json\/wp\/v2\/comments?post=3529"}],"version-history":[{"count":0,"href":"https:\/\/10jourssansecrans.org\/es\/wp-json\/wp\/v2\/pages\/3529\/revisions"}],"wp:attachment":[{"href":"https:\/\/10jourssansecrans.org\/es\/wp-json\/wp\/v2\/media?parent=3529"}],"curies":[{"name":"wp","href":"https:\/\/api.w.org\/{rel}","templated":true}]}}