{"id":3492,"date":"2019-01-05T08:56:59","date_gmt":"2019-01-05T07:56:59","guid":{"rendered":"https:\/\/10jourssansecrans.org\/presse\/?lang=es"},"modified":"2023-09-18T17:07:30","modified_gmt":"2023-09-18T15:07:30","slug":"presse","status":"publish","type":"page","link":"https:\/\/10jourssansecrans.org\/es\/presse\/","title":{"rendered":"Presse"},"content":{"rendered":"<p>Du 8 au 17 octobre, nous avons accueilli Jacques Brodeur \u00e0 Pau et \u00e0 Urrugne, puis il s&#8217;est envol\u00e9 pour San Francisco o\u00f9 il a pr\u00e9sent\u00e9 le d\u00e9fi 10 jours sans \u00e9crans. Nous le connaissions un peu \u00e0 travers les extraits de conf\u00e9rences en ligne. Mais nous avons d\u00e9couvert une personnalit\u00e9 charismatique, un r\u00e9volutionnaire pacifique, aux convictions incroyablement enracin\u00e9es.<\/p>\n<p>Avec son sens de la formule et ses talents de conf\u00e9renciers in\u00e9galables, mais aussi par sa sympathie et sa t\u00e9nacit\u00e9, il r\u00e9ussit \u00e0 contaminer de son enthousiasme enfants, parents, professionnels et journalistes qui ont le malheur de se trouver sur son passage, pour les enr\u00f4ler dans un match collectif et les persuader que les enfants peuvent reprendre le contr\u00f4le des \u00e9crans et que la victoire face aux captologues est \u00e0 notre port\u00e9e.<\/p>\n<p>Retrouvez quelques unes de ses interventions \u00e0 travers les reportages diffus\u00e9s dans la presse :<\/p>\n<div class=\"wp-playlist wp-audio-playlist wp-playlist-light\">\n\t\t\t<div class=\"wp-playlist-current-item\"><\/div>\n\t\t<audio controls=\"controls\" preload=\"none\" width=\"1058\"\n\t\t\t><\/audio>\n\t<div class=\"wp-playlist-next\"><\/div>\n\t<div class=\"wp-playlist-prev\"><\/div>\n\t<noscript>\n\t<ol>\n\t\t<li><a href='https:\/\/10jourssansecrans.org\/wp-content\/uploads\/2019\/01\/2018-10-17-Jacques-Brodeur-France-Bleu.mp3'>L'invit\u00e9 de la r\u00e9daction 17.10.2018<\/a><\/li><li><a href='https:\/\/10jourssansecrans.org\/wp-content\/uploads\/2019\/01\/France-bleu-B\u00e9arn_Jacques_Brodeur_12.10.2018-ITEMA_21848300-0.mp3'>Jacques Brodeur. Les 10 jours sans \u00e9cran : conf\u00e9rences \u00e0 Pau 12.10.2018<\/a><\/li>\t<\/ol>\n\t<\/noscript>\n\t<script type=\"application\/json\" class=\"wp-playlist-script\">{\"type\":\"audio\",\"tracklist\":true,\"tracknumbers\":true,\"images\":true,\"artists\":true,\"tracks\":[{\"src\":\"https:\/\/10jourssansecrans.org\/wp-content\/uploads\/2019\/01\/2018-10-17-Jacques-Brodeur-France-Bleu.mp3\",\"type\":\"audio\/mpeg\",\"title\":\"L'invit\\u00e9 de la r\\u00e9daction 17.10.2018\",\"caption\":\"\",\"description\":\"\\u003Ci\\u003EL'invit\\u00e9 de la r\\u00e9daction 17.10.2018\\u003C\/i\\u003E tir\\u00e9 de \\u003Ci\\u003EL'invit\\u00e9 de la r\\u00e9daction\\u003C\/i\\u003E Genre\\u00a0: Podcast.\",\"meta\":{\"album\":\"L'invit\\u00e9 de la r\\u00e9daction\",\"genre\":\"Podcast\",\"length_formatted\":\"5:05\"},\"image\":{\"src\":\"https:\/\/10jourssansecrans.org\/wp-includes\/images\/media\/audio.svg\",\"width\":48,\"height\":64},\"thumb\":{\"src\":\"https:\/\/10jourssansecrans.org\/wp-includes\/images\/media\/audio.svg\",\"width\":48,\"height\":64}},{\"src\":\"https:\/\/10jourssansecrans.org\/wp-content\/uploads\/2019\/01\/France-bleu-B\\u00e9arn_Jacques_Brodeur_12.10.2018-ITEMA_21848300-0.mp3\",\"type\":\"audio\/mpeg\",\"title\":\"Jacques Brodeur. Les 10 jours sans \\u00e9cran : conf\\u00e9rences \\u00e0 Pau 12.10.2018\",\"caption\":\"\",\"description\":\"\\u003Ci\\u003EJacques Brodeur. Les 10 jours sans \\u00e9cran : conf\\u00e9rences \\u00e0 Pau 12.10.2018\\u003C\/i\\u003E tir\\u00e9 de \\u003Ci\\u003EJacques Brodeur. Les 10 jours sans \\u00e9cran : conf\\u00e9rences \\u00e0 Pau\\u003C\/i\\u003E Genre\\u00a0: Podcast.\",\"meta\":{\"album\":\"Jacques Brodeur. Les 10 jours sans \\u00e9cran : conf\\u00e9rences \\u00e0 Pau\",\"genre\":\"Podcast\",\"length_formatted\":\"26:10\"},\"image\":{\"src\":\"https:\/\/10jourssansecrans.org\/wp-includes\/images\/media\/audio.svg\",\"width\":48,\"height\":64},\"thumb\":{\"src\":\"https:\/\/10jourssansecrans.org\/wp-includes\/images\/media\/audio.svg\",\"width\":48,\"height\":64}}]}<\/script>\n<\/div>\n\t\n<div class=\"wp-playlist wp-video-playlist wp-playlist-light\">\n\t\t<video controls=\"controls\" preload=\"none\" width=\"1058\"\n\t\t height=\"595\"\t><\/video>\n\t<div class=\"wp-playlist-next\"><\/div>\n\t<div class=\"wp-playlist-prev\"><\/div>\n\t<noscript>\n\t<ol>\n\t\t<li><a href='https:\/\/10jourssansecrans.org\/wp-content\/uploads\/2019\/01\/Education-les-petits-Palois-apprennent-\u00e0-contr\u00f4ler-les-\u00e9crans.mp4'>Education les petits Palois apprennent \u00e0 contr\u00f4ler les \u00e9crans<\/a><\/li><li><a href='https:\/\/10jourssansecrans.org\/wp-content\/uploads\/2019\/01\/D\u00e9fi-10-jours-sans-\u00e9cran.mp4'>D\u00e9fi 10 jours sans \u00e9cran<\/a><\/li><li><a href='https:\/\/10jourssansecrans.org\/wp-content\/uploads\/2019\/01\/Jacques-Brodeur-explique-le-d\u00e9fi-10-jours-sans-\u00e9cran-9-oct-18-HPyTv-La-T\u00e9l\u00e9-de-Pau.mp4'>Jacques Brodeur explique le d\u00e9fi 10 jours sans \u00e9cran (9 oct 18) HPyTv La T\u00e9l\u00e9 de Pau<\/a><\/li>\t<\/ol>\n\t<\/noscript>\n\t<script type=\"application\/json\" class=\"wp-playlist-script\">{\"type\":\"video\",\"tracklist\":true,\"tracknumbers\":true,\"images\":true,\"artists\":true,\"tracks\":[{\"src\":\"https:\/\/10jourssansecrans.org\/wp-content\/uploads\/2019\/01\/Education-les-petits-Palois-apprennent-\\u00e0-contr\\u00f4ler-les-\\u00e9crans.mp4\",\"type\":\"video\/mp4\",\"title\":\"Education les petits Palois apprennent \\u00e0 contr\\u00f4ler les \\u00e9crans\",\"caption\":\"\",\"description\":\"\",\"meta\":{\"length_formatted\":\"1:37\"},\"dimensions\":{\"original\":{\"width\":1280,\"height\":720},\"resized\":{\"width\":1058,\"height\":595}},\"image\":{\"src\":\"https:\/\/10jourssansecrans.org\/wp-includes\/images\/media\/video.svg\",\"width\":48,\"height\":64},\"thumb\":{\"src\":\"https:\/\/10jourssansecrans.org\/wp-includes\/images\/media\/video.svg\",\"width\":48,\"height\":64}},{\"src\":\"https:\/\/10jourssansecrans.org\/wp-content\/uploads\/2019\/01\/D\\u00e9fi-10-jours-sans-\\u00e9cran.mp4\",\"type\":\"video\/mp4\",\"title\":\"D\\u00e9fi 10 jours sans \\u00e9cran\",\"caption\":\"\",\"description\":\"\",\"meta\":{\"length_formatted\":\"1:42\"},\"dimensions\":{\"original\":{\"width\":1280,\"height\":720},\"resized\":{\"width\":1058,\"height\":595}},\"image\":{\"src\":\"https:\/\/10jourssansecrans.org\/wp-includes\/images\/media\/video.svg\",\"width\":48,\"height\":64},\"thumb\":{\"src\":\"https:\/\/10jourssansecrans.org\/wp-includes\/images\/media\/video.svg\",\"width\":48,\"height\":64}},{\"src\":\"https:\/\/10jourssansecrans.org\/wp-content\/uploads\/2019\/01\/Jacques-Brodeur-explique-le-d\\u00e9fi-10-jours-sans-\\u00e9cran-9-oct-18-HPyTv-La-T\\u00e9l\\u00e9-de-Pau.mp4\",\"type\":\"video\/mp4\",\"title\":\"Jacques Brodeur explique le d\\u00e9fi 10 jours sans \\u00e9cran (9 oct 18) HPyTv La T\\u00e9l\\u00e9 de Pau\",\"caption\":\"\",\"description\":\"\",\"meta\":{\"length_formatted\":\"7:54\"},\"dimensions\":{\"original\":{\"width\":1280,\"height\":720},\"resized\":{\"width\":1058,\"height\":595}},\"image\":{\"src\":\"https:\/\/10jourssansecrans.org\/wp-includes\/images\/media\/video.svg\",\"width\":48,\"height\":64},\"thumb\":{\"src\":\"https:\/\/10jourssansecrans.org\/wp-includes\/images\/media\/video.svg\",\"width\":48,\"height\":64}}]}<\/script>\n<\/div>\n\t\n<p>France 3 Pau Sud Aquitaine : <a class=\"moz-txt-link-freetext\" href=\"https:\/\/www.youtube.com\/watch?v=kToAtQbrBp0&amp;feature=youtu.be&amp;fbclid=IwAR0fBv_d5LrGxjUyiFigWynVqIbwVVqb7nk6VbRPnkZF85NHgn6uqRQcdPU\">https:\/\/www.youtube.com\/watch?v=kToAtQbrBp0&amp;feature=youtu.be&amp;fbclid=IwAR0fBv_d5LrGxjUyiFigWynVqIbwVVqb7nk6VbRPnkZF85NHgn6uqRQcdPU<\/a><\/p>\n<p>France Bleu B\u00e9arn : <a class=\"moz-txt-link-freetext\" href=\"https:\/\/www.francebleu.fr\/emissions\/l-invite-du-jour\/bearn\/jacques-brodeur-les-10-jours-sans-ecran-conferences-a-pau\">https:\/\/www.francebleu.fr\/emissions\/l-invite-du-jour\/bearn\/jacques-brodeur-les-10-jours-sans-ecran-conferences-a-pau<\/a><\/p>\n<p>HpyTV la t\u00e9l\u00e9 de Pau : <a class=\"moz-txt-link-freetext\" href=\"https:\/\/www.youtube.com\/watch?v=tvpyl313PGY&amp;fbclid=IwAR0TajL54KAQ5LtFusOVqtvcWaFkO27Yq9zPfF5TAcm6bcR6DL2kkH3GC18\">https:\/\/www.youtube.com\/watch?v=tvpyl313PGY&amp;fbclid=IwAR0TajL54KAQ5LtFusOVqtvcWaFkO27Yq9zPfF5TAcm6bcR6DL2kkH3GC18<\/a><\/p>\n<p>France Bleu Pays Basque: <a class=\"moz-txt-link-freetext\" href=\"http:\/\/media.radiofrance-podcast.net\/podcast09\/15137-17.10.2018-ITEMA_21855515-0.mp3\">http:\/\/media.radiofrance-podcast.net\/podcast09\/15137-17.10.2018-ITEMA_21855515-0.mp3<\/a><\/p>\n<p>France 3 Euskal Herri Pays Basque : <a class=\"moz-txt-link-freetext\" href=\"https:\/\/www.youtube.com\/watch?v=XeOoQJtPyvM\">https:\/\/www.youtube.com\/watch?v=XeOoQJtPyvM<\/a><\/p>\n<p>Sud Ouest :<\/p>\n<div class=\"et_pb_slider et_pb_slider_fullwidth_off et_pb_gallery_post_type\">\n\t\t\t\t<div class=\"et_pb_slides\">\n\t\t\t\t\t<div class=\"et_pb_slide\" style=\"background: url(https:\/\/10jourssansecrans.org\/wp-content\/uploads\/2019\/01\/2018-10-16-Jacques-Brodeur.jpg);\"><\/div>\n\t\t\t\t<\/div>\n\t\t\t<\/div>\n<p>Gara :<\/p>\n<div class=\"et_pb_slider et_pb_slider_fullwidth_off et_pb_gallery_post_type\">\n\t\t\t\t<div class=\"et_pb_slides\">\n\t\t\t\t\t<div class=\"et_pb_slide\" style=\"background: url(https:\/\/10jourssansecrans.org\/wp-content\/uploads\/2019\/01\/Jacques_Brodeur_Gara_20181103.jpg);\"><\/div><div class=\"et_pb_slide\" style=\"background: url(https:\/\/10jourssansecrans.org\/wp-content\/uploads\/2019\/01\/Jacques_Brodeur_Gara_20181103-2.jpg);\"><\/div>\n\t\t\t\t<\/div>\n\t\t\t<\/div>\n<p>La semaine du Pays Basque :<\/p>\n<div class=\"et_pb_slider et_pb_slider_fullwidth_off et_pb_gallery_post_type\">\n\t\t\t\t<div class=\"et_pb_slides\">\n\t\t\t\t\t<div class=\"et_pb_slide\" style=\"background: url(https:\/\/10jourssansecrans.org\/wp-content\/uploads\/2019\/01\/La-Semaine0001.jpg);\"><\/div><div class=\"et_pb_slide\" style=\"background: url(https:\/\/10jourssansecrans.org\/wp-content\/uploads\/2019\/01\/La-Semaine0002.jpg);\"><\/div>\n\t\t\t\t<\/div>\n\t\t\t<\/div>\n","protected":false},"excerpt":{"rendered":"<p>Du 8 au 17 octobre, nous avons accueilli Jacques Brodeur \u00e0 Pau et \u00e0 Urrugne, puis il s&#8217;est envol\u00e9 pour San Francisco o\u00f9 il a pr\u00e9sent\u00e9 le d\u00e9fi 10 jours [&hellip;]<\/p>\n","protected":false},"author":5,"featured_media":0,"parent":0,"menu_order":0,"comment_status":"closed","ping_status":"closed","template":"","meta":{"_et_pb_use_builder":"","_et_pb_old_content":"","_et_gb_content_width":"","footnotes":""},"class_list":["post-3492","page","type-page","status-publish","hentry"],"_links":{"self":[{"href":"https:\/\/10jourssansecrans.org\/es\/wp-json\/wp\/v2\/pages\/3492","targetHints":{"allow":["GET"]}}],"collection":[{"href":"https:\/\/10jourssansecrans.org\/es\/wp-json\/wp\/v2\/pages"}],"about":[{"href":"https:\/\/10jourssansecrans.org\/es\/wp-json\/wp\/v2\/types\/page"}],"author":[{"embeddable":true,"href":"https:\/\/10jourssansecrans.org\/es\/wp-json\/wp\/v2\/users\/5"}],"replies":[{"embeddable":true,"href":"https:\/\/10jourssansecrans.org\/es\/wp-json\/wp\/v2\/comments?post=3492"}],"version-history":[{"count":1,"href":"https:\/\/10jourssansecrans.org\/es\/wp-json\/wp\/v2\/pages\/3492\/revisions"}],"predecessor-version":[{"id":4931,"href":"https:\/\/10jourssansecrans.org\/es\/wp-json\/wp\/v2\/pages\/3492\/revisions\/4931"}],"wp:attachment":[{"href":"https:\/\/10jourssansecrans.org\/es\/wp-json\/wp\/v2\/media?parent=3492"}],"curies":[{"name":"wp","href":"https:\/\/api.w.org\/{rel}","templated":true}]}}