{"id":4920,"date":"2022-03-22T08:46:57","date_gmt":"2022-03-22T07:46:57","guid":{"rendered":"https:\/\/10jourssansecrans.org\/visioconferences\/"},"modified":"2025-12-08T07:17:59","modified_gmt":"2025-12-08T06:17:59","slug":"nos-webinaires","status":"publish","type":"page","link":"https:\/\/10jourssansecrans.org\/en\/nos-webinaires\/","title":{"rendered":"Nos webinaires"},"content":{"rendered":"<p data-start=\"160\" data-end=\"387\">Le <strong data-start=\"163\" data-end=\"202\">d\u00e9fi collectif 10 Jours sans \u00e9crans<\/strong> se d\u00e9roulera du <strong data-start=\"219\" data-end=\"244\">19 mai au 28 mai 2026<\/strong>.<br data-start=\"245\" data-end=\"248\" \/>Pour accompagner la pr\u00e9paration, l\u2019association <strong data-start=\"295\" data-end=\"319\">10 Jours sans \u00e9crans<\/strong> propose <strong data-start=\"328\" data-end=\"353\">plusieurs visioconf\u00e9rences<\/strong> tout au long de l\u2019ann\u00e9e scolaire.<\/p>\n<p data-start=\"545\" data-end=\"561\"><div class='et-box et-bio'>\n\t\t\t\t\t<div class='et-box-content'><h3 data-start=\"563\" data-end=\"578\">Inscription<\/h3>\n<p data-start=\"580\" data-end=\"665\"><strong data-start=\"389\" data-end=\"404\">\ud83d\udd14 Important : <\/strong>La participation est gratuite, mais r\u00e9serv\u00e9e aux adh\u00e9rents \u00e0 jour de leur cotisation.\nPour adh\u00e9rer ou renouveler votre adh\u00e9sion, rendez-vous sur cette page :<br data-start=\"738\" data-end=\"741\" \/><a href=\"https:\/\/10jourssansecrans.org\/mon-compte\/?logStep=register\" target=\"_blank\" rel=\"noopener\">\ud83d\udd17 <strong data-start=\"744\" data-end=\"786\">[Adh\u00e9sion 2026 \u2013 10 Jours sans \u00c9crans]<\/strong><\/a><\/p>\n<p data-start=\"788\" data-end=\"961\">Entrez ci-dessous l\u2019adresse mail associ\u00e9e \u00e0 votre adh\u00e9sion.<br data-start=\"847\" data-end=\"850\" \/>Si elle correspond \u00e0 une adh\u00e9sion valide, vous recevrez un message vous invitant \u00e0 confirmer votre inscription.<\/p>\n<p data-start=\"963\" data-end=\"995\"><form action=\"https:\/\/10jourssansecrans.org\/en\/wp-json\/wp\/v2\/pages\/4920\/\" id=\"webinarRegisterForm\" method=\"post\" class=\"memberConnectForm\"><input type=\"hidden\" name=\"step\" value=\"registerWebin\" \/><label for=\"adhEmail\">Votre email d'adh\u00e9sion<\/label> <input type=\"email\" name=\"adhEmail\" id=\"adhEmail\" required=\"required\" class=\"connectField\" \/><p>&nbsp;<\/p><button type=\"submit\" class=\"et_pb_button et_pb_contact_submit\">Valider<\/button><\/form><div class=\"webinarRegisterFormReturn\"><\/div><\/p>\n<p data-start=\"997\" data-end=\"1003\"><\/div><\/div><\/p>\n<h3 data-start=\"1005\" data-end=\"1057\">Ci-dessous, les dates des prochains webinaires :<\/h3>\n<p data-start=\"1058\" data-end=\"1088\"><code class=\"text-sm sm:text-base inline-flex text-left items-center space-x-4 bg-gray-800 text-white rounded-lg p-4 pl-6\"><div class=\"ecs-no-events\">There are no upcoming events.<\/div><\/code><\/p>\n","protected":false},"excerpt":{"rendered":"<p>Le d\u00e9fi collectif 10 Jours sans \u00e9crans se d\u00e9roulera du 19 mai au 28 mai 2026.Pour accompagner la pr\u00e9paration, l\u2019association 10 Jours sans \u00e9crans propose plusieurs visioconf\u00e9rences tout au long [&hellip;]<\/p>\n","protected":false},"author":5,"featured_media":0,"parent":0,"menu_order":0,"comment_status":"closed","ping_status":"closed","template":"","meta":{"_et_pb_use_builder":"","_et_pb_old_content":"","_et_gb_content_width":"","footnotes":""},"class_list":["post-4920","page","type-page","status-publish","hentry"],"_links":{"self":[{"href":"https:\/\/10jourssansecrans.org\/en\/wp-json\/wp\/v2\/pages\/4920","targetHints":{"allow":["GET"]}}],"collection":[{"href":"https:\/\/10jourssansecrans.org\/en\/wp-json\/wp\/v2\/pages"}],"about":[{"href":"https:\/\/10jourssansecrans.org\/en\/wp-json\/wp\/v2\/types\/page"}],"author":[{"embeddable":true,"href":"https:\/\/10jourssansecrans.org\/en\/wp-json\/wp\/v2\/users\/5"}],"replies":[{"embeddable":true,"href":"https:\/\/10jourssansecrans.org\/en\/wp-json\/wp\/v2\/comments?post=4920"}],"version-history":[{"count":6,"href":"https:\/\/10jourssansecrans.org\/en\/wp-json\/wp\/v2\/pages\/4920\/revisions"}],"predecessor-version":[{"id":6921,"href":"https:\/\/10jourssansecrans.org\/en\/wp-json\/wp\/v2\/pages\/4920\/revisions\/6921"}],"wp:attachment":[{"href":"https:\/\/10jourssansecrans.org\/en\/wp-json\/wp\/v2\/media?parent=4920"}],"curies":[{"name":"wp","href":"https:\/\/api.w.org\/{rel}","templated":true}]}}