{"id":4904,"date":"2020-03-27T09:26:13","date_gmt":"2020-03-27T08:26:13","guid":{"rendered":"https:\/\/10jourssansecrans.org\/ecouter-des-podcasts-pour-decrocher-un-peu-des-ecrans\/"},"modified":"2023-09-18T17:01:13","modified_gmt":"2023-09-18T15:01:13","slug":"ecouter-des-podcasts-pour-decrocher-un-peu-des-ecrans","status":"publish","type":"page","link":"https:\/\/10jourssansecrans.org\/en\/ecouter-des-podcasts-pour-decrocher-un-peu-des-ecrans\/","title":{"rendered":"La baladodiffusion : du cin\u00e9ma pour les oreilles"},"content":{"rendered":"<p>[et_pb_section fb_built=&#8221;1&#8243; _builder_version=&#8221;4.16&#8243; background_color=&#8221;#ffffff&#8221; custom_padding=&#8221;||20px|||&#8221; global_colors_info=&#8221;{}&#8221;][et_pb_row _builder_version=&#8221;4.16&#8243; background_color=&#8221;#ffffff&#8221; global_colors_info=&#8221;{}&#8221;][et_pb_column type=&#8221;4_4&#8243; _builder_version=&#8221;4.16&#8243; global_colors_info=&#8221;{}&#8221;][et_pb_post_title meta=&#8221;off&#8221; _builder_version=&#8221;4.16&#8243; global_colors_info=&#8221;{}&#8221;][\/et_pb_post_title][\/et_pb_column][\/et_pb_row][\/et_pb_section][et_pb_section fb_built=&#8221;1&#8243; admin_label=&#8221;section&#8221; _builder_version=&#8221;4.16&#8243; custom_padding=&#8221;25px|||||&#8221; global_colors_info=&#8221;{}&#8221;][et_pb_row admin_label=&#8221;row&#8221; _builder_version=&#8221;4.16&#8243; background_size=&#8221;initial&#8221; background_position=&#8221;top_left&#8221; background_repeat=&#8221;repeat&#8221; global_colors_info=&#8221;{}&#8221;][et_pb_column type=&#8221;4_4&#8243; _builder_version=&#8221;4.16&#8243; custom_padding=&#8221;|||&#8221; global_colors_info=&#8221;{}&#8221; custom_padding__hover=&#8221;|||&#8221;][et_pb_text admin_label=&#8221;Text&#8221; _builder_version=&#8221;4.16&#8243; background_size=&#8221;initial&#8221; background_position=&#8221;top_left&#8221; background_repeat=&#8221;repeat&#8221; global_colors_info=&#8221;{}&#8221;]<\/p>\n<p><img loading=\"lazy\" decoding=\"async\" class=\"wp-image-1409 size-medium alignleft\" src=\"https:\/\/10jourssansecrans.org\/wp-content\/uploads\/2020\/03\/podcast-sappuie-sequences-courtesne-lasser-auditeurs_0_1182_788-197x300.jpg\" alt=\"\" width=\"197\" height=\"300\" srcset=\"https:\/\/10jourssansecrans.org\/wp-content\/uploads\/2020\/03\/podcast-sappuie-sequences-courtesne-lasser-auditeurs_0_1182_788-197x300.jpg 197w, https:\/\/10jourssansecrans.org\/wp-content\/uploads\/2020\/03\/podcast-sappuie-sequences-courtesne-lasser-auditeurs_0_1182_788.jpg 474w\" sizes=\"(max-width: 197px) 100vw, 197px\" \/> La baladodiffusion, en plus d&#8217;accorder une pause aux parents, offre une activit\u00e9 tr\u00e8s divertissante, intelligente,et sans \u00e9crans aux enfants, que l&#8217;on pr\u00e9voie de voyager plusieurs heures en voiture ou en train, que le week-end s&#8217;annonce pluvieux, ou que l&#8217;on soit en p\u00e9riode de confinement ou de di\u00e8te cathodique .Qu&#8217;elle soit v\u00e9cue de mani\u00e8re commune ou individuelle, l&#8217;exp\u00e9rience de la baladodiffusion, en p\u00e9riode de di\u00e8te m\u00e9diatique est un format qui fait travailler enti\u00e8rement l&#8217;esprit, et m\u00eame le corps car celui-ci reste disponible pour faire la vaisselle, bricoler, marcher, faire le m\u00e9nage etc.<\/p>\n<p>Les bienfaits de la lecture \u00e0 haute voix aupr\u00e8s des enfants sont largement reconnus. Livres audios, contes, s\u00e9ries,\u00a0 capsules pour apprendre les sciences, les arts ou l&#8217;histoire, les formats sont nombreux. Lorsqu&#8217;ils sont biens faits, que l&#8217;habillage sonore est vivant et la narration dynamique, l&#8217;utilisation des balados plonge les enfants dans l&#8217;univers du r\u00e9cit,\u00a0 stimule l&#8217;app\u00e9tit pour l&#8217;apprentissage de la lecture, d\u00e9veloppe le vocabulaire et la compr\u00e9hension de texte. Mais surtout, la baladodiffusion, activit\u00e9 sans \u00e9cran, est une machine incroyable \u00e0 fabriquer des images, des images mentales, et nourrit l&#8217;imaginaire.<\/p>\n<h2>Et ils en redemandent !<\/h2>\n<p>Et lorsque les enfants y ont gout\u00e9 ils en redemandent, ils parlent de ce qu&#8217;ils ont \u00e9cout\u00e9 et veulent en savoir plus. Une \u00e9tude du r\u00e9seau <a href=\"https:\/\/docs.wixstatic.com\/ugd\/10c540_8056b16c7caa47b091ca25a5cc426176.pdf\">Kids Garden<\/a> affirme que :<\/p>\n<ul>\n<li>&#8220;80% des enfants \u00e9coutent un balado plus d\u2019une fois;&#8221;<\/li>\n<li>&#8220;Pr\u00e8s de 20% \u00e9coutent un \u00e9pisode au moins 10 fois;&#8221;&#8221;<\/li>\n<li>&#8220;Apr\u00e8s avoir \u00e9cout\u00e9 un balado, 73% lancent des conversations en lien avec leur \u00e9coute, 58% citent ou rejouent ce qu\u2019ils viennent d\u2019\u00e9couter, 56% parlent \u00e0 d\u2019autres enfants de ce qu\u2019ils ont appris dans le balado, 54% demandent \u00e0 r\u00e9\u00e9couter l\u2019\u00e9pisode et 52% r\u00e9clament plus d\u2019information sur le sujet du balado qu\u2019ils viennent d\u2019\u00e9couter.&#8221;<\/li>\n<\/ul>\n<p>Les ressources librement t\u00e9l\u00e9chargeables et de qualit\u00e9 sont nombreuse, retrouvez dans cette page les acc\u00e8s \u00e0 plusieurs d&#8217;entre elles.<\/p>\n<p>&nbsp;<\/p>\n<p>[\/et_pb_text][et_pb_blog fullwidth=&#8221;off&#8221; include_categories=&#8221;50&#8243; show_more=&#8221;on&#8221; show_author=&#8221;off&#8221; _builder_version=&#8221;4.16&#8243; global_colors_info=&#8221;{}&#8221;][\/et_pb_blog][\/et_pb_column][\/et_pb_row][\/et_pb_section][et_pb_section fb_built=&#8221;1&#8243; _builder_version=&#8221;4.16&#8243; global_colors_info=&#8221;{}&#8221;][\/et_pb_section]<\/p>\n","protected":false},"excerpt":{"rendered":"<p>La baladodiffusion, en plus d&#8217;accorder une pause aux parents, offre une activit\u00e9 tr\u00e8s divertissante, intelligente,et sans \u00e9crans aux enfants, que l&#8217;on pr\u00e9voie de voyager plusieurs heures en voiture ou en [&hellip;]<\/p>\n","protected":false},"author":5,"featured_media":0,"parent":0,"menu_order":0,"comment_status":"closed","ping_status":"closed","template":"","meta":{"_et_pb_use_builder":"on","_et_pb_old_content":"[:fr]Vous trouverez ici une s\u00e9rie de descritpion de podcasts disponibles en au t\u00e9l\u00e9chargement.[:]","_et_gb_content_width":"","footnotes":""},"class_list":["post-4904","page","type-page","status-publish","hentry"],"_links":{"self":[{"href":"https:\/\/10jourssansecrans.org\/en\/wp-json\/wp\/v2\/pages\/4904","targetHints":{"allow":["GET"]}}],"collection":[{"href":"https:\/\/10jourssansecrans.org\/en\/wp-json\/wp\/v2\/pages"}],"about":[{"href":"https:\/\/10jourssansecrans.org\/en\/wp-json\/wp\/v2\/types\/page"}],"author":[{"embeddable":true,"href":"https:\/\/10jourssansecrans.org\/en\/wp-json\/wp\/v2\/users\/5"}],"replies":[{"embeddable":true,"href":"https:\/\/10jourssansecrans.org\/en\/wp-json\/wp\/v2\/comments?post=4904"}],"version-history":[{"count":2,"href":"https:\/\/10jourssansecrans.org\/en\/wp-json\/wp\/v2\/pages\/4904\/revisions"}],"predecessor-version":[{"id":4911,"href":"https:\/\/10jourssansecrans.org\/en\/wp-json\/wp\/v2\/pages\/4904\/revisions\/4911"}],"wp:attachment":[{"href":"https:\/\/10jourssansecrans.org\/en\/wp-json\/wp\/v2\/media?parent=4904"}],"curies":[{"name":"wp","href":"https:\/\/api.w.org\/{rel}","templated":true}]}}