{"id":4896,"date":"2021-04-23T16:34:32","date_gmt":"2021-04-23T14:34:32","guid":{"rendered":"https:\/\/10jourssansecrans.org\/defi-collectif\/affiches\/"},"modified":"2023-09-18T16:59:10","modified_gmt":"2023-09-18T14:59:10","slug":"affiches","status":"publish","type":"page","link":"https:\/\/10jourssansecrans.org\/en\/defi-collectif\/affiches\/","title":{"rendered":"Affiches"},"content":{"rendered":"<div>\n<p>Les affiches pour le d\u00e9fi 2021 sont disponibles au libre t\u00e9l\u00e9chargement en euskara et en fran\u00e7ais.<\/p>\n<\/div>\n<div>Toujours inspir\u00e9es du &#8220;tape m&#8217;en cinq&#8221;, &#8220;ou &#8220;High Five&#8221; utilis\u00e9 par les sportifs, les enfants et les adolescents. Ce geste rappelle la connexion avec les autres dans la vie r\u00e9elle. C&#8217;est \u00e9galement un geste de victoire, d&#8217;encouragement et de f\u00e9licitation qui correspond \u00e0 l&#8217;esprit du d\u00e9fi. Il symbolise l&#8217;esprit d&#8217;\u00e9quipe, une attitude active et non s\u00e9dentaire, celle d&#8217;enfants et d&#8217;adolescents d\u00e9termin\u00e9s \u00e0 prendre de habitudes de vies plus saines.<\/div>\n<div>Sarah Tamiatto, \u00e9tudiante en derni\u00e8re ann\u00e9e de graphisme et design, a travaill\u00e9, dans le cadre de son projet de fin d&#8217;\u00e9tude, \u00e0 sur deux formules d&#8217;affiches, l&#8217;une simple, l&#8217;autre double.<\/div>\n<div><\/div>\n<h2>Affiches simples :<\/h2>\n<div class=\"et_pb_slider et_pb_slider_fullwidth_off et_pb_gallery_post_type\">\n\t\t\t\t<div class=\"et_pb_slides\">\n\t\t\t\t\t<div class=\"et_pb_slide\" style=\"background: url(https:\/\/10jourssansecrans.org\/wp-content\/uploads\/2021\/04\/Affiche-simble_BS-RVB-100.jpg);\"><\/div><div class=\"et_pb_slide\" style=\"background: url(https:\/\/10jourssansecrans.org\/wp-content\/uploads\/2021\/04\/TestRVB-100.jpg);\"><\/div>\n\t\t\t\t<\/div>\n\t\t\t<\/div>\n<a href='https:\/\/10jourssansecrans.org\/wp-content\/uploads\/2021\/04\/Affiche-A3_simpleBS-1.pdf' class='icon-button download-icon' target=\"_blank\">Affiche simple en EUSKARA<span class='et-icon'><\/span><\/a>\n<a href='https:\/\/10jourssansecrans.org\/wp-content\/uploads\/2021\/04\/Affiche-A3_simpleFR.pdf' class='icon-button download-icon' target=\"_blank\">Affiche simple en FRANCAIS<span class='et-icon'><\/span><\/a>\n<h2>Affiches doubles :<\/h2>\n<div class=\"et_pb_slider et_pb_slider_fullwidth_off et_pb_gallery_post_type\">\n\t\t\t\t<div class=\"et_pb_slides\">\n\t\t\t\t\t<div class=\"et_pb_slide\" style=\"background: url(https:\/\/10jourssansecrans.org\/wp-content\/uploads\/2021\/04\/Affiche_DoubleBS1-RVB-100.jpg);\"><\/div><div class=\"et_pb_slide\" style=\"background: url(https:\/\/10jourssansecrans.org\/wp-content\/uploads\/2021\/04\/Affiche_DoubleBS2-RVB_1-100.jpg);\"><\/div><div class=\"et_pb_slide\" style=\"background: url(https:\/\/10jourssansecrans.org\/wp-content\/uploads\/2021\/04\/Affiche_DoubleFR1-RVB-100.jpg);\"><\/div><div class=\"et_pb_slide\" style=\"background: url(https:\/\/10jourssansecrans.org\/wp-content\/uploads\/2021\/04\/Affiche_DoubleFR2-RVB-100.jpg);\"><\/div>\n\t\t\t\t<\/div>\n\t\t\t<\/div>\n<a href='https:\/\/10jourssansecrans.org\/wp-content\/uploads\/2021\/04\/A3-Doubleaffiches_BS.pdf' class='icon-button download-icon' target=\"_blank\">Affiche double en EUSKARA:<span class='et-icon'><\/span><\/a>\n<a href='https:\/\/10jourssansecrans.org\/wp-content\/uploads\/2021\/04\/A3-Doubleaffiches_FR.pdf' class='icon-button download-icon' target=\"_blank\">Affiche double en Fran\u00e7ais<span class='et-icon'><\/span><\/a>\n","protected":false},"excerpt":{"rendered":"<p>Les affiches pour le d\u00e9fi 2021 sont disponibles au libre t\u00e9l\u00e9chargement en euskara et en fran\u00e7ais. Toujours inspir\u00e9es du &#8220;tape m&#8217;en cinq&#8221;, &#8220;ou &#8220;High Five&#8221; utilis\u00e9 par les sportifs, les [&hellip;]<\/p>\n","protected":false},"author":5,"featured_media":0,"parent":4647,"menu_order":0,"comment_status":"open","ping_status":"open","template":"","meta":{"_et_pb_use_builder":"","_et_pb_old_content":"","_et_gb_content_width":"","footnotes":""},"class_list":["post-4896","page","type-page","status-publish","hentry"],"_links":{"self":[{"href":"https:\/\/10jourssansecrans.org\/en\/wp-json\/wp\/v2\/pages\/4896","targetHints":{"allow":["GET"]}}],"collection":[{"href":"https:\/\/10jourssansecrans.org\/en\/wp-json\/wp\/v2\/pages"}],"about":[{"href":"https:\/\/10jourssansecrans.org\/en\/wp-json\/wp\/v2\/types\/page"}],"author":[{"embeddable":true,"href":"https:\/\/10jourssansecrans.org\/en\/wp-json\/wp\/v2\/users\/5"}],"replies":[{"embeddable":true,"href":"https:\/\/10jourssansecrans.org\/en\/wp-json\/wp\/v2\/comments?post=4896"}],"version-history":[{"count":1,"href":"https:\/\/10jourssansecrans.org\/en\/wp-json\/wp\/v2\/pages\/4896\/revisions"}],"predecessor-version":[{"id":4899,"href":"https:\/\/10jourssansecrans.org\/en\/wp-json\/wp\/v2\/pages\/4896\/revisions\/4899"}],"up":[{"embeddable":true,"href":"https:\/\/10jourssansecrans.org\/en\/wp-json\/wp\/v2\/pages\/4647"}],"wp:attachment":[{"href":"https:\/\/10jourssansecrans.org\/en\/wp-json\/wp\/v2\/media?parent=4896"}],"curies":[{"name":"wp","href":"https:\/\/api.w.org\/{rel}","templated":true}]}}