{"id":4875,"date":"2021-04-28T06:30:18","date_gmt":"2021-04-28T04:30:18","guid":{"rendered":"https:\/\/10jourssansecrans.org\/accueil\/resources\/outils-pour-la-classe\/programme-sois-fute-ecran-ferme\/"},"modified":"2023-09-18T16:54:41","modified_gmt":"2023-09-18T14:54:41","slug":"programme-sois-fute-ecran-ferme","status":"publish","type":"page","link":"https:\/\/10jourssansecrans.org\/en\/accueil\/resources\/outils-pour-la-classe\/programme-sois-fute-ecran-ferme\/","title":{"rendered":"Programme sois fut\u00e9 \u00e9cran ferm\u00e9 !"},"content":{"rendered":"<p><img loading=\"lazy\" decoding=\"async\" class=\"size-medium wp-image-2004 alignright\" src=\"https:\/\/10jourssansecrans.org\/wp-content\/uploads\/2021\/02\/Sois-fute-ecran-ferme-logo-300x145.png\" alt=\"\" width=\"300\" height=\"145\" srcset=\"https:\/\/10jourssansecrans.org\/wp-content\/uploads\/2021\/02\/Sois-fute-ecran-ferme-logo-300x145.png 300w, https:\/\/10jourssansecrans.org\/wp-content\/uploads\/2021\/02\/Sois-fute-ecran-ferme-logo.png 424w\" sizes=\"(max-width: 300px) 100vw, 300px\" \/>Le programme Sois fut\u00e9, \u00e9cran ferm\u00e9! vise \u00e0 sensibiliser les enfants et les membres de leur famille au temps qu\u2019ils passent devant leurs \u00e9crans. De plus, le programme enseigne aux enfants d\u2019\u00e2ge scolaire \u00e0 g\u00e9rer leur temps d\u2019\u00e9cran et les encourage \u00e0 faire des choix d\u2019activit\u00e9s r\u00e9cr\u00e9atives saines. La r\u00e9duction du temps d\u2019\u00e9cran \u00e0 des fins r\u00e9cr\u00e9atives comporte de nombreux b\u00e9n\u00e9fices, de l\u2019am\u00e9lioration de la sant\u00e9 et du bien-\u00eatre jusqu\u2019\u00e0 de meilleurs r\u00e9sultats scolaires. Une initiative visant \u00e0 diminuer le temps d\u2019\u00e9cran \u00e0 des fins r\u00e9cr\u00e9atives et \u00e0 augmenter le niveau d\u2019activit\u00e9 des \u00e9l\u00e8ves.<\/p>\n<h2>L\u2019approche Sois fut\u00e9, \u00e9cran ferm\u00e9!<\/h2>\n<p>Sois fut\u00e9, \u00e9cran ferm\u00e9! encourage les \u00e9l\u00e8ves \u00e0 g\u00e9rer le temps qu\u2019ils passent devant un \u00e9cran. Ils sont appel\u00e9s \u00e0 r\u00e9fl\u00e9chir sur :<br \/>\n\u2022 Les \u00e9crans qu&#8217;ils pr\u00e9f\u00e8rent et pourquoi ils les pr\u00e9f\u00e8rent<br \/>\n\u2022 Les \u00e9missions de t\u00e9l\u00e9vision, les jeux et les logiciels int\u00e9ressants et \u00e9ducatifs<br \/>\n\u2022 Les \u00e9missions de t\u00e9l\u00e9vision, les jeux et les logiciels moins populaires<br \/>\n\u2022 Leurs activit\u00e9s pr\u00e9f\u00e9r\u00e9es, \u00e0 l\u2019exception de celles pratiqu\u00e9es devant un \u00e9cran, qui am\u00e9liorent leur sant\u00e9 physique<br \/>\n\u2022 Les avantages \u00e0 remplacer 30 minutes d\u2019activit\u00e9s \u00e0 l\u2019\u00e9cran (\u00e0 des fins r\u00e9cr\u00e9atives) par des activit\u00e9s sans \u00e9cran.<\/p>\n<h2>Fondement du programme<\/h2>\n<p>Sois fut\u00e9, \u00e9cran ferm\u00e9! est un programme d\u2019\u00e9ducation \u00e0 la sant\u00e9 dont l\u2019objectif est d\u2019apprendre aux \u00e9l\u00e8ves du primaire \u00e0 <strong>g\u00e9rer le temps qu\u2019ils passent devant un \u00e9cran<\/strong>. En diminuant le temps d&#8217;\u00e9cran \u00e0 des fins r\u00e9cr\u00e9atives, les enfants pourront s\u2019adonner \u00e0 de nombreuses autres activit\u00e9s, telles que des projets cr\u00e9atifs, des activit\u00e9s physiques et des relations interpersonnelles.<\/p>\n<p>Sois fut\u00e9, \u00e9cran ferm\u00e9! a pour but de :<\/p>\n<p>\u2022 Sensibiliser non seulement les \u00e9l\u00e8ves, mais aussi les parents et les enseignants, au temps d\u2019\u00e9cran.<br \/>\n\u2022 R\u00e9duire le temps pass\u00e9 devant un \u00e9cran \u00e0 2 heures ou moins par jour (ou maintenir ce niveau s\u2019il est d\u00e9j\u00e0<br \/>\natteint).<\/p>\n<p>Six messages-cl\u00e9s ont servi \u00e0 d\u00e9finir ces objectifs. Les messages 4 et 5 s\u2019adressent aux parents et aux enseignants.<br \/>\n1. Notre corps est fait pour bouger. Les personnes qui sont actives physiquement chaque jour jouissent<br \/>\nd\u2019une meilleure sant\u00e9, elles sont heureuses et vivent plus longtemps.<br \/>\n2. Le temps d\u2019\u00e9cran remplace l\u2019activit\u00e9 physique, la lecture et les relations sociales. En fermant les \u00e9crans, les enfants disposent de plus de temps pour jouer ou s\u2019adonner \u00e0 des activit\u00e9s enrichissantes.<br \/>\n3. Les enfants mangent souvent devant la t\u00e9l\u00e9vision et ont tendance \u00e0 consommer ce qu\u2019ils voient. Les<br \/>\npublicit\u00e9s exposent souvent les enfants \u00e0 des choix d\u2019aliments et de boissons \u00e0 faible valeur nutritive.<br \/>\nLes enfants qui regardent souvent la t\u00e9l\u00e9vision ont tendance \u00e0 grignoter davantage et \u00e0 r\u00e9clamer plus de<br \/>\nboissons sucr\u00e9es.<br \/>\n4. Les enfants qui passent moins de temps devant un \u00e9cran ont de meilleures chances de r\u00e9ussir \u00e0 l\u2019\u00e9cole,<br \/>\nc\u2019est-\u00e0-dire qu\u2019ils obtiennent de meilleurs r\u00e9sultats scolaires, ont une meilleure aptitude \u00e0 la lecture,<br \/>\nsont plus attentifs en classe et ont plus de facilit\u00e9 \u00e0 communiquer.<br \/>\n5. Les enfants d\u00e9veloppent des habitudes de vie qui se perp\u00e9tuent jusqu\u2019\u00e0 l\u2019\u00e2ge adulte. Les parents et les<br \/>\nautres membres de la famille peuvent favoriser le d\u00e9veloppement de saines habitudes de vie chez leurs<br \/>\nenfants en int\u00e9grant \u00e0 leur quotidien l\u2019activit\u00e9 physique, le jeu actif et en limitant le temps d\u2019\u00e9cran.<br \/>\n6. \u00c9changer trente minutes d\u2019activit\u00e9s \u00e0 l\u2019\u00e9cran contre toute autre activit\u00e9 amusante fait une diff\u00e9rence.<br \/>\nLes \u00e9crans font partie de nos vies et sont l\u00e0 pour y rester. Afin de contribuer \u00e0 l\u2019adoption d\u2019un mode de vie sain, nous devons g\u00e9rer et utiliser le temps d\u2019\u00e9cran quotidien de fa\u00e7on responsable.<\/p>\n<h1>Le dossier complet :<\/h1>\n<p><a href=\"https:\/\/10jourssansecrans.org\/wp-content\/uploads\/2021\/04\/1-SFEF-Introduction-et-presentation-du-manuel.pdf\">1-SFEF-Introduction-et-presentation-du-manuel<\/a><\/p>\n<p><a href=\"https:\/\/10jourssansecrans.org\/wp-content\/uploads\/2021\/04\/2-SFEF-Maternelle-1-2-3-annees-demarrage-rapide.pdf\">2-SFEF-Maternelle-1-2-3-annees-demarrage-rapide<\/a><\/p>\n<p><a href=\"https:\/\/10jourssansecrans.org\/wp-content\/uploads\/2021\/04\/3-SFEF-4-annee-demarrage-rapide.pdf\">3-SFEF-4-annee-demarrage-rapide<\/a><\/p>\n<p><a href=\"https:\/\/10jourssansecrans.org\/wp-content\/uploads\/2021\/04\/4-SFEF-passeport.pdf\">4-SFEF-passeport<\/a><\/p>\n<p><a href=\"https:\/\/10jourssansecrans.org\/wp-content\/uploads\/2021\/04\/5-SFEF-5-annee-demarrage-rapide.pdf\">5-SFEF-5-annee-demarrage-rapide<\/a><\/p>\n<p><a href=\"https:\/\/10jourssansecrans.org\/wp-content\/uploads\/2021\/04\/6-SFEF-5-annee-cahier-d-exercice-des-eleves.pdf\">6-SFEF-5-annee-cahier-d-exercice-des-eleves<\/a><\/p>\n<p><a href=\"https:\/\/10jourssansecrans.org\/wp-content\/uploads\/2021\/04\/7-SFEF-6-annee-demarragerapide.pdf\">7-SFEF-6-annee-demarragerapide<\/a><\/p>\n<p><a href=\"https:\/\/10jourssansecrans.org\/wp-content\/uploads\/2021\/04\/8-SFEF-6-annee-Cahier-des-eleves.pdf\">8-SFEF-6-annee-Cahier-des-eleves<\/a><\/p>\n<p><a href=\"https:\/\/10jourssansecrans.org\/wp-content\/uploads\/2021\/04\/9-SFEF-Annexes.pdf\">9-SFEF-Annexes<\/a><\/p>\n","protected":false},"excerpt":{"rendered":"<p>Le programme Sois fut\u00e9, \u00e9cran ferm\u00e9! vise \u00e0 sensibiliser les enfants et les membres de leur famille au temps qu\u2019ils passent devant leurs \u00e9crans. De plus, le programme enseigne aux [&hellip;]<\/p>\n","protected":false},"author":5,"featured_media":4100,"parent":4781,"menu_order":0,"comment_status":"closed","ping_status":"closed","template":"","meta":{"_et_pb_use_builder":"","_et_pb_old_content":"","_et_gb_content_width":"","footnotes":""},"class_list":["post-4875","page","type-page","status-publish","has-post-thumbnail","hentry"],"_links":{"self":[{"href":"https:\/\/10jourssansecrans.org\/en\/wp-json\/wp\/v2\/pages\/4875","targetHints":{"allow":["GET"]}}],"collection":[{"href":"https:\/\/10jourssansecrans.org\/en\/wp-json\/wp\/v2\/pages"}],"about":[{"href":"https:\/\/10jourssansecrans.org\/en\/wp-json\/wp\/v2\/types\/page"}],"author":[{"embeddable":true,"href":"https:\/\/10jourssansecrans.org\/en\/wp-json\/wp\/v2\/users\/5"}],"replies":[{"embeddable":true,"href":"https:\/\/10jourssansecrans.org\/en\/wp-json\/wp\/v2\/comments?post=4875"}],"version-history":[{"count":1,"href":"https:\/\/10jourssansecrans.org\/en\/wp-json\/wp\/v2\/pages\/4875\/revisions"}],"predecessor-version":[{"id":4878,"href":"https:\/\/10jourssansecrans.org\/en\/wp-json\/wp\/v2\/pages\/4875\/revisions\/4878"}],"up":[{"embeddable":true,"href":"https:\/\/10jourssansecrans.org\/en\/wp-json\/wp\/v2\/pages\/4781"}],"wp:featuredmedia":[{"embeddable":true,"href":"https:\/\/10jourssansecrans.org\/en\/wp-json\/wp\/v2\/media\/4100"}],"wp:attachment":[{"href":"https:\/\/10jourssansecrans.org\/en\/wp-json\/wp\/v2\/media?parent=4875"}],"curies":[{"name":"wp","href":"https:\/\/api.w.org\/{rel}","templated":true}]}}