{"id":4775,"date":"2021-02-11T19:52:31","date_gmt":"2021-02-11T18:52:31","guid":{"rendered":"https:\/\/10jourssansecrans.org\/accueil\/resources\/sedentarite-surpoids-obesite-et-capacites-cardio-vasculaires\/"},"modified":"2023-09-18T15:58:51","modified_gmt":"2023-09-18T13:58:51","slug":"sedentarite-surpoids-obesite-et-capacites-cardio-vasculaires","status":"publish","type":"page","link":"https:\/\/10jourssansecrans.org\/en\/accueil\/resources\/sedentarite-surpoids-obesite-et-capacites-cardio-vasculaires\/","title":{"rendered":"S\u00e9dentarit\u00e9, surpoids-ob\u00e9sit\u00e9, et capacit\u00e9s cardio vasculaires."},"content":{"rendered":"<h2>2\/3 des adolescents \u00e0 un niveau de risque \u00e9lev\u00e9<\/h2>\n<p><img loading=\"lazy\" decoding=\"async\" class=\"size-medium wp-image-1890 alignright\" src=\"https:\/\/10jourssansecrans.org\/wp-content\/uploads\/2021\/01\/logo-anses_4-1024x502-1-300x147.jpg\" alt=\"\" width=\"300\" height=\"147\" \/>Dans un rapport publi\u00e9 en novembre 2020<a class=\"sdfootnoteanc\" href=\"#sdfootnote1sym\" name=\"sdfootnote1anc\"><sup>1<\/sup><\/a>, l&#8217;ANSES ( Agence Nationale de S\u00e9curit\u00e9 Sanitaire, de l&#8217;environnement et du travail) a publi\u00e9 un communiqu\u00e9 intitul\u00e9 <a href=\"https:\/\/www.anses.fr\/fr\/content\/inactivit\u00e9-physique-et-s\u00e9dentarit\u00e9-chez-les-jeunes-l\u2019anses-alerte-les-pouvoirs-publics\" target=\"_blank\" rel=\"noopener\">Inactivit\u00e9 physique et s\u00e9dentarit\u00e9 chez les jeunes : l&#8217;ANSES alerte les pouvoirs publics<\/a>. En voici les premiers mots :<\/p>\n<p>&#8220;Pour \u00eatre en bonne sant\u00e9, il est essentiel de pratiquer des activit\u00e9s physiques \u2013 sport, marche, jeux\u2026 \u2013 et de limiter les temps de s\u00e9dentarit\u00e9 devant les \u00e9crans. L\u2019Anses publie ce jour une \u00e9valuation des risques sanitaires associ\u00e9s \u00e0 la s\u00e9dentarit\u00e9 et \u00e0 l\u2019inactivit\u00e9 physique des enfants et adolescents. Cette expertise montre que les <strong>deux tiers des 11-17 ans se situent \u00e0 un niveau de risque \u00e9lev\u00e9<\/strong>, ce qui peut se traduire par du surpoids, de l\u2019ob\u00e9sit\u00e9, des troubles du comportement alimentaire ou encore une qualit\u00e9 du sommeil et de vie alt\u00e9r\u00e9e.<br \/>\nOr, les habitudes prises \u00e0 l\u2019adolescence tendent \u00e0 s\u2019installer, avec un impact sur la sant\u00e9 et la qualit\u00e9 de vie \u00e0 l\u2019\u00e2ge adulte. L\u2019Anses alerte donc aujourd\u2019hui les pouvoirs publics sur la n\u00e9cessit\u00e9 de promouvoir et renforcer l\u2019activit\u00e9 physique d\u00e8s l\u2019adolescence&#8221;.<\/p>\n<p><a class=\"sdfootnotesym\" href=\"#sdfootnote1anc\" name=\"sdfootnote1sym\">1<\/a><i>Inactivit\u00e9 physique et s\u00e9dentarit\u00e9 chez les jeunes<\/i> : l&#8217;ANSES alerte les pouvoirs publics. ANSES, 2020. https:\/\/www.anses.fr\/fr\/content\/inactivit%C3%A9-physique-et-s%C3%A9dentarit%C3%A9-chez-les-jeunes-l%E2%80%99anses-alerte-les-pouvoirs-publics<\/p>\n<h2 class=\"western\">En 40 ans, 25% de capacit\u00e9 physique en moins<\/h2>\n<p class=\"western\"><img loading=\"lazy\" decoding=\"async\" class=\"size-full wp-image-1954 alignright\" src=\"https:\/\/10jourssansecrans.org\/wp-content\/uploads\/2021\/02\/logo-white-min.png\" alt=\"\" width=\"300\" height=\"117\" \/>Ces donn\u00e9es rejoignent celles qu&#8217;indique la <b>F\u00e9d\u00e9ration Fran\u00e7ais<\/b><b>e<\/b><b> de Cardiologie<\/b> <a href=\"https:\/\/www.fedecardio.org\/campagne-enfants\/les-chutes.html\" target=\"_blank\" rel=\"noopener\">dans un article de 2016<\/a>:<\/p>\n<blockquote><p>\u00ab En 40 ans, nos coll\u00e9giens ont perdu environ <b>25 % de leur capacit\u00e9 physique<\/b>, alerte le Professeur Fran\u00e7ois Carr\u00e9, cardiologue au CHRU de Rennes et membre de la F\u00e9d\u00e9ration Fran\u00e7aise de Cardiologie. &#8220;C\u2019est-\u00e0-dire qu\u2019ils courent moins vite et moins longtemps\u2026 <b>En 1971, un coll\u00e9gien courait 600 m\u00e8tres en 3 min, en 2013 pour cette m\u00eame distance, il lui en faut 4<\/b>. Quand on sait que l\u2019endurance est l\u2019un des meilleurs marqueurs d\u2019une bonne sant\u00e9 cardio-vasculaire, il est temps de recommencer \u00e0 bouger\u00a0!&#8221;<\/p><\/blockquote>\n<blockquote><p><b>71\u00a0% des parents pensent que leurs enfants<\/b><b> <\/b><b>font autant d\u2019activit\u00e9 physique qu\u2019eux au<\/b><b> <\/b><b>m\u00eame \u00e2ge.<\/b> Il y a un fort d\u00e9calage entre perception et r\u00e9alit\u00e9. Les jeunes g\u00e9n\u00e9rations semblent tr\u00e8s actives aux yeux des parents et des grands parents\u00a0: elles font davantage de sport, sont plus libres de leurs mouvements\u2026 Mais il n&#8217;en est rien.<\/p><\/blockquote>\n<blockquote><p>T\u00e9l\u00e9phone, tablette, ordinateur, t\u00e9l\u00e9vision font d\u00e9sormais partie du quotidien des enfants et pour des dur\u00e9es souvent excessives et les parents pris par leurs obligations professionnelles ne s\u2019en rendent pas forc\u00e9ment compte.<\/p><\/blockquote>\n<blockquote><p><strong>Les adultes ne sont pas conscients pour eux m\u00eame des m\u00e9faits de la s\u00e9dentarit\u00e9 que les \u00e9crans entra\u00eenent et pensent que la jeunesse prot\u00e8ge leurs enfants.<\/strong> Or, dans leur jeunesse, parents et grands parents \u00e9taient rarement s\u00e9dentaires.<\/p><\/blockquote>\n<blockquote><p>Pour les enfants, entre 4 et 17 ans il faut faire 1\u00a0h d\u2019activit\u00e9 physique par jour. C\u2019est aux parents de montrer l\u2019exemple. Si on apprend aux enfants \u00e0 faire r\u00e9guli\u00e8rement de l\u2019activit\u00e9 physique, cela deviendra un r\u00e9flexe qu\u2019ils conserveront \u00e0 long terme.<\/p><\/blockquote>\n<blockquote><p>Quel que soit l\u2019\u00e2ge et les capacit\u00e9s de l\u2019enfant, il est important d\u2019associer l\u2019activit\u00e9 physique au plaisir et au bien-\u00eatre plut\u00f4t qu\u2019\u00e0 la performance ou \u00e0 la contrainte.<\/p>\n<ul>\n<li>Accompagnez-les \u00e0 l\u2019\u00e9cole, \u00e0 pied ou en v\u00e9lo<\/li>\n<li>Privil\u00e9giez les activit\u00e9s de plein air, le week-end et apr\u00e8s les cours<\/li>\n<li>\u00c9vitez ou limitez le temps pass\u00e9 devant les \u00e9crans, tablette ou mobile<\/li>\n<li>Prenez les escaliers plut\u00f4t que l\u2019ascenseur<\/li>\n<li>Descendez une station de bus ou de m\u00e9tro avant, garez-vous une rue plus loin<\/li>\n<li>Privil\u00e9giez la marche plut\u00f4t que la voiture&#8221;.<\/li>\n<\/ul>\n<\/blockquote>\n<p>Ce m\u00eame cardiologue s&#8217;exprime sur France<a href=\"#sdfootnote1sym\" name=\"sdfootnote1anc\">1<\/a> info pour parler de <a href=\"https:\/\/www.francetvinfo.fr\/societe\/enfance-et-adolescence\/deux-tiers-des-ados-trop-sedentaires-une-bombe-a-retardement-alerte-un-cardiologue_4192257.html\" target=\"_blank\" rel=\"noopener\">bombe \u00e0 retardement<\/a>, en r\u00e9action \u00e0 la publication de l&#8217;ANSES:<\/p>\n<blockquote><p>&#8220;Nos enfants ont un mauvais capital sant\u00e9. Le grand probl\u00e8me de cette s\u00e9dentarit\u00e9, de cette inactivit\u00e9, comme le tabagisme, comme la malbouffe, c&#8217;est que \u00e7a ne tue pas tout de suite, mais \u00e7a va tuer dans trente ans.&#8221;<a class=\"sdfootnotesym\" href=\"#sdfootnote1anc\" name=\"sdfootnote1sym\"><\/a><\/p><\/blockquote>\n<div id=\"sdfootnote1\">\n<p align=\"justify\">Pour sensibiliser le grand public \u00e0 cette question, la FFC a r\u00e9alis\u00e9 un spot : \u00ab En restant assis, votre enfant prend plus de risque\u201d. Celui-ci peut-\u00eatre utilis\u00e9 comme support p\u00e9dagogique aupr\u00e8s des parents mais \u00e9galement aupr\u00e8s des enfants et des adolescents d\u00e8s qu\u2019ils sont en \u00e2ge d\u2019en comprendre le message principal. L\u2019int\u00e9r\u00eat ici, sera d&#8217;initier une discussion sur les cons\u00e9quences du temps excessif pass\u00e9 devant les \u00e9crans, et l\u2019int\u00e9r\u00eat d\u2019adopter de saines habitudes de vie. On peut \u00e9galement leur proposer d\u2019effectuer des recherches sur le lien existant entre la s\u00e9dentarit\u00e9 devant les \u00e9crans de loisirs et la sant\u00e9 sur le long terme, et les recommandations de l&#8217;OMS \u00e0 ce niveau.<\/p>\n<p><iframe loading=\"lazy\" title=\"Les Gaulois pour La F\u00e9d\u00e9ration Fran\u00e7aise de Cardiologie - mars 2017\" frameborder=\"0\" width=\"1080\" height=\"459\" src=\"https:\/\/geo.dailymotion.com\/player.html?video=x5ez3ma&#038;\" allowfullscreen allow=\"autoplay; fullscreen; picture-in-picture\"><\/iframe><\/p>\n<div id=\"sdfootnote1\">\n<p class=\"western\" align=\"justify\">La FFC a \u00e9galement publi\u00e9 <a href=\"http:\/\/coeuretsanteblois.fr\/wp-content\/uploads\/2017\/03\/Annonce-presse-Enfants-affiche.png\">une affiche<\/a> pour sensibiliser le public \u00e0 cette question.<\/p>\n<div class=\"et_pb_slider et_pb_slider_fullwidth_off et_pb_gallery_post_type\">\n\t\t\t\t<div class=\"et_pb_slides\">\n\t\t\t\t\t<div class=\"et_pb_slide\" style=\"background: url(https:\/\/10jourssansecrans.org\/wp-content\/uploads\/2021\/02\/FedeCardio-Annonce-presse-Enfants-affiche.png);\"><\/div>\n\t\t\t\t<\/div>\n\t\t\t<\/div>\n<p class=\"western\" align=\"justify\">Pour aller plus loin sur ces constats, l&#8217;avis des experts et les conseils pratiques, la F\u00e9d\u00e9ration Fran\u00e7aise de Cardiologie met en ligne le dossier <a href=\"https:\/\/www.fedecardio.org\/sites\/default\/files\/image_article\/ffc-observatoire-du-coeur-2.pdf?utm_source=landing\" target=\"_blank\" rel=\"noopener\">L\u2019AVENIR DU C\u0152UR DES JEUNES<\/a>.<\/p>\n<div id=\"sdfootnote1\">\n<p class=\"sdfootnote-western\"><a class=\"sdfootnotesym\" href=\"#sdfootnote1anc\" name=\"sdfootnote1sym\">1<\/a><a href=\"http:\/\/coeuretsanteblois.fr\/wp-content\/uploads\/2017\/03\/Annonce-presse-Enfants-affiche.png\">http:\/\/coeuretsanteblois.fr\/wp-content\/uploads\/2017\/03\/Annonce-presse-Enfants-affiche.png<\/a><\/p>\n<p>&nbsp;<\/p>\n<\/div>\n<\/div>\n<\/div>\n<h2 align=\"justify\">R\u00e9percussions sur le d\u00e9veloppement, le bien-\u00eatre, le sommeil et la sant\u00e9 mentale<\/h2>\n<p><img loading=\"lazy\" decoding=\"async\" class=\"size-medium wp-image-1947 alignright\" src=\"https:\/\/10jourssansecrans.org\/wp-content\/uploads\/2021\/02\/ONSAP-300x198.jpg\" alt=\"\" width=\"300\" height=\"198\" \/>En janvier 2021 un comit\u00e9 d\u2019experts compos\u00e9s de repr\u00e9sentants du milieu acad\u00e9mique, de soci\u00e9t\u00e9s savantes, d\u2019institutions de sant\u00e9 publique ou encore des milieux scolaires et associatifs, ont publi\u00e9, sous la coordination de l\u2019Observatoire national de l\u2019activit\u00e9 physique et de la s\u00e9dentarit\u00e9 (ONAPS), un <a href=\"http:\/\/www.onaps.fr\/data\/documents\/report_card_2020.pdf\">\u00e9tat des lieux de l\u2019activit\u00e9 physique et de la s\u00e9dentarit\u00e9 des enfants et adolescents<\/a> Fran\u00e7ais.<\/p>\n<p class=\"western\">Concernant le temps de s\u00e9dentarit\u00e9 pass\u00e9 devant les \u00e9crans de loisirs voici ce qui est indiqu\u00e9 :<\/p>\n<blockquote><p>\u00ab\u00a0Les bienfaits d\u2019une activit\u00e9 physique r\u00e9guli\u00e8re et d\u2019un temps limit\u00e9 de s\u00e9dentarit\u00e9 d\u00e8s le plus jeune \u00e2ge ne sont plus \u00e0 d\u00e9montrer\u00a0\u00bb<\/p><\/blockquote>\n<blockquote><p>\u00ab\u00a0Les enfants et les adolescents passent en majorit\u00e9 beaucoup trop de temps que celui recommand\u00e9 devant les \u00e9crans, laissant pr\u00e9sager une augmentation potentielle des probl\u00e8mes de d\u00e9veloppement, de bien-\u00eatre, de sommeil et de sant\u00e9 mentale au sein de cette population\u00a0\u00bb.<\/p><\/blockquote>\n<blockquote><p>\u00ab\u00a0Les experts impliqu\u00e9s dans le d\u00e9veloppement de ce rapport souhaitent tirer la sonnette d\u2019alarme face \u00e0 un bilan pr\u00e9occupant pr\u00e9sent\u00e9 ici. Il y a un besoin urgent pour le d\u00e9veloppement d\u2019une campagne nationale de pr\u00e9vention s\u2019adressant aux enfants, adolescents et parents pour communiquer sur les risques potentiellement associ\u00e9s au temps d\u2019\u00e9cran prolong\u00e9. De plus, il serait judicieux de pr\u00e9senter et de rendre accessible un panel d\u2019activit\u00e9s (activit\u00e9s physiques et activit\u00e9s s\u00e9dentaires n\u2019impliquant pas l\u2019utilisation d\u2019\u00e9cran) comme alternatives pour tous les enfants et les adolescents fran\u00e7ais, quel que soit leur niveau socio-\u00e9conomique, avec ou sans handicap ou besoin particulier.\u00a0\u00bb<\/p><\/blockquote>\n<h2 class=\"western\">Combinaison de trois recommandations<\/h2>\n<p class=\"western\"><img loading=\"lazy\" decoding=\"async\" class=\"size-full wp-image-1949 alignright\" src=\"https:\/\/10jourssansecrans.org\/wp-content\/uploads\/2021\/02\/OMS-logo.png\" alt=\"\" width=\"200\" height=\"200\" srcset=\"https:\/\/10jourssansecrans.org\/wp-content\/uploads\/2021\/02\/OMS-logo.png 200w, https:\/\/10jourssansecrans.org\/wp-content\/uploads\/2021\/02\/OMS-logo-150x150.png 150w\" sizes=\"(max-width: 200px) 100vw, 200px\" \/>En 2020, l\u2019Organisation Mondiale de la Sant\u00e9 (OMS), publiait deux documents :<\/p>\n<p class=\"western\"><a href=\"https:\/\/apps.who.int\/iris\/handle\/10665\/331751\" target=\"_blank\" rel=\"noopener\"><i>Lignes Directrices sur l\u2019Activit\u00e9 Physique, la S\u00e9dentarit\u00e9 et le Sommeil chez les enfants de moins de 5 ans.<\/i><\/a><\/p>\n<p class=\"western\"><a href=\"https:\/\/www.who.int\/fr\/publications-detail\/9789240014886\" target=\"_blank\" rel=\"noopener\"><i>Lignes directrices de l\u2019OMS sur l\u2019activit\u00e9 physique et la s\u00e9dentarit\u00e9: en un coup d\u2019\u0153il.<\/i><\/a><\/p>\n<p class=\"western\">L\u2019OMS a \u00e9tudi\u00e9 les pr\u00e9conisations qui existent d\u00e9j\u00e0 dans diff\u00e9rents pays. Pour elle c\u2019est la combinaison de 3 types de pr\u00e9conisations imbriqu\u00e9es sur 24h00 qui est efficace. Activit\u00e9 physique, r\u00e9duction du temps de s\u00e9dentarit\u00e9, sommeil.<\/p>\n<blockquote><p>\u00ab\u00a0Les habitudes saines en mati\u00e8re d\u2019activit\u00e9 physique, de s\u00e9dentarit\u00e9 et de sommeil se contractent t\u00f4t dans la vie, ce qui permet de les maintenir pendant l\u2019enfance et l\u2019adolescence et jusqu\u2019\u00e0 l\u2019\u00e2ge adulte.\u00a0\u00bb<\/p><\/blockquote>\n<blockquote><p>\u00ab\u00a0La petite enfance est une p\u00e9riode de d\u00e9veloppement physique et cognitif rapide o\u00f9 se forment les habitudes de l\u2019enfant et o\u00f9 il est possible de changer et d&#8217;adapter les r\u00e8gles de vie de la famille\u00a0\u00bb.<\/p><\/blockquote>\n<blockquote><p>&#8220;Chez les enfants et les adolescents, une s\u00e9dentarit\u00e9 accrue est associ\u00e9e aux r\u00e9sultats sanitaires n\u00e9gatifs suivants : adiposit\u00e9 accrue\u00a0; sant\u00e9 cardiom\u00e9tabolique, forme physique et comportement social de moindre qualit\u00e9 ; et dur\u00e9e de sommeil r\u00e9duite.&#8221;<\/p><\/blockquote>\n<blockquote><p>&#8220;Il est recommand\u00e9 ce qui suit\u00a0: Les enfants et les adolescents devraient limiter leur temps de s\u00e9dentarit\u00e9, et en particulier le temps de loisir pass\u00e9 devant un \u00e9cran&#8221;.<\/p><\/blockquote>\n<p class=\"western\">Les recommandations de l\u2019OMS s\u2019adressent essentiellement aux d\u00e9cideurs des minist\u00e8res de la Sant\u00e9, de l\u2019\u00e9ducation et de l\u2019action sociale dans un but de formation des professionnels qui accompagnent les enfants.<\/p>\n<p><span style=\"color: #3366ff;\"><strong>Recommandations de l&#8217;OMS sur le temps d&#8217;activit\u00e9 physique, de s\u00e9dentarit\u00e9 et de sommeil des enfants de moins de 5 ans sur 24 heures :<\/strong><\/span><\/p>\n<div class=\"et_pb_slider et_pb_slider_fullwidth_off et_pb_gallery_post_type\">\n\t\t\t\t<div class=\"et_pb_slides\">\n\t\t\t\t\t<div class=\"et_pb_slide\" style=\"background: url(https:\/\/10jourssansecrans.org\/wp-content\/uploads\/2021\/02\/OMS-2020-5ans-0.png);\"><\/div><div class=\"et_pb_slide\" style=\"background: url(https:\/\/10jourssansecrans.org\/wp-content\/uploads\/2021\/02\/OMS-2020-5ans-1.png);\"><\/div><div class=\"et_pb_slide\" style=\"background: url(https:\/\/10jourssansecrans.org\/wp-content\/uploads\/2021\/02\/OMS-2020-5ans-2.png);\"><\/div><div class=\"et_pb_slide\" style=\"background: url(https:\/\/10jourssansecrans.org\/wp-content\/uploads\/2021\/02\/OMS-2020-5ans-3.png);\"><\/div>\n\t\t\t\t<\/div>\n\t\t\t<\/div>\n<p><span style=\"color: #3366ff;\"><strong>Recommandations de l&#8217;OMS sur le temps d&#8217;activit\u00e9 physique et la s\u00e9dentarit\u00e9 des enfants et adolescents (\u00e2g\u00e9s de 5 \u00e0 17 ans) :<\/strong><\/span><\/p>\n<div class=\"et_pb_slider et_pb_slider_fullwidth_off et_pb_gallery_post_type\">\n\t\t\t\t<div class=\"et_pb_slides\">\n\t\t\t\t\t<div class=\"et_pb_slide\" style=\"background: url(https:\/\/10jourssansecrans.org\/wp-content\/uploads\/2021\/02\/OMS-2020-enfants-ados-1.png);\"><\/div><div class=\"et_pb_slide\" style=\"background: url(https:\/\/10jourssansecrans.org\/wp-content\/uploads\/2021\/02\/OMS-2020-enfants-ados-2.png);\"><\/div><div class=\"et_pb_slide\" style=\"background: url(https:\/\/10jourssansecrans.org\/wp-content\/uploads\/2021\/02\/OMS-2020-enfants-ados-3.png);\"><\/div>\n\t\t\t\t<\/div>\n\t\t\t<\/div>\n<h2>Comment promouvoir de saines habitudes de vie ?<\/h2>\n<p class=\"western\"><img loading=\"lazy\" decoding=\"async\" class=\"size-medium wp-image-1952 alignright\" src=\"https:\/\/10jourssansecrans.org\/wp-content\/uploads\/2021\/02\/ParticipACTION_Logo-300x124.png\" alt=\"\" width=\"300\" height=\"124\" srcset=\"https:\/\/10jourssansecrans.org\/wp-content\/uploads\/2021\/02\/ParticipACTION_Logo-300x124.png 300w, https:\/\/10jourssansecrans.org\/wp-content\/uploads\/2021\/02\/ParticipACTION_Logo.png 419w\" sizes=\"(max-width: 300px) 100vw, 300px\" \/>Au Qu\u00e9b\u00e9c, l&#8217;organisme national \u00e0 but non lucratif <b>PARTICIPACTION<\/b>, fait la promotion, d&#8217;un mode de vie sain et d&#8217;une bonne forme physique. S\u2019appuyant sur les pr\u00e9conisations de l&#8217;OMS et des directives canadiennes en mati\u00e8re de mouvement, elle met \u00e0 disposition des ressources pour les enfants, la famille et les \u00e9ducateurs, dans le but de promouvoir l&#8217;activit\u00e9 physique le sommeil, et la limitation du temps \u00e9cran.<\/p>\n<blockquote><p>\u00ab\u00a0Les jeunes (5 \u00e0 17 ans) ont besoin de <b>suer<\/b>, <b>bouger<\/b>, <b>s\u2019asseoir<\/b> et <b>dormir<\/b> <b>\u00e0 juste dose<\/b> chaque jour pour \u00eatre en bonne sant\u00e9\u00a0! Les bienfaits qu\u2019ils en retirent sont notamment une meilleure sant\u00e9 g\u00e9n\u00e9rale, une meilleure forme physique, le maintien d\u2019un poids sant\u00e9, une meilleure humeur et l\u2019apprentissage de nouvelles habilet\u00e9s \u2013 en r\u00e9alit\u00e9\u2026 Tout va tellement mieux quand on bouge.\u00a0\u00bb<\/p><\/blockquote>\n<p class=\"western\" align=\"left\">Ressources pour la petite enfance\u00a0:<\/p>\n<ul>\n<li>\n<p class=\"western\" align=\"left\"><a href=\"https:\/\/www.participaction.com\/fr-ca\/bienfaits-et-directives\/jeunes-5-a-17-ans\" target=\"_blank\" rel=\"noopener\">https:\/\/www.participaction.com\/fr-ca\/bienfaits-et-directives\/la-petite-enfance-de-0-a-4-ans<\/a><\/p>\n<\/li>\n<\/ul>\n<p class=\"western\">Ressources pour les jeunes de 5 \u00e0 17 ans\u00a0:<\/p>\n<ul>\n<li>\n<p class=\"western\"><a href=\"https:\/\/www.participaction.com\/fr-ca\/bienfaits-et-directives\/jeunes-5-a-17-ans\" target=\"_blank\" rel=\"noopener\">https:\/\/www.participaction.com\/fr-ca\/bienfaits-et-directives\/jeunes-5-a-17-ans<\/a><\/p>\n<\/li>\n<\/ul>\n<p class=\"western\">Dans une campagne pr\u00e9c\u00e9dente qu\u2019elle avait nomm\u00e9e Faites Place au Jeu, elle avait r\u00e9alis\u00e9 des spots vid\u00e9o pour la promotion du temps de jeu et la r\u00e9duction du temps d\u2019\u00e9cran aupr\u00e8s des enfants.<\/p>\n<p class=\"western\" align=\"left\">Ces courtes vid\u00e9os sont utilisables en classe :<\/p>\n<p><iframe loading=\"lazy\" title=\"Faites Place Au Jeu - Corde \u00e0 Sauter\" width=\"1080\" height=\"608\" src=\"https:\/\/www.youtube.com\/embed\/FOW3TPwhWYM?feature=oembed\"  allow=\"accelerometer; autoplay; clipboard-write; encrypted-media; gyroscope; picture-in-picture; web-share\" allowfullscreen><\/iframe><\/p>\n<p>D&#8217;autres vid\u00e9os de la m\u00eame s\u00e9rie sont disponible sur la playlist de Participation : <a href=\"https:\/\/youtube.com\/playlist?list=PLn9ck0OZhxkYHwtk7YH_Nf5YiQIEqsYjr\" target=\"_blank\" rel=\"noopener\">https:\/\/youtube.com\/playlist?list=PLKshycsSNn2J36rMbjmgLJs2Y68VIsJ54<\/a><\/p>\n<p>&nbsp;<\/p>\n<h2 class=\"western\">Campagne Sois fut\u00e9 \u00e9cran ferm\u00e9!<\/h2>\n<p class=\"western\"><img loading=\"lazy\" decoding=\"async\" class=\"size-medium wp-image-2004 alignright\" src=\"https:\/\/10jourssansecrans.org\/wp-content\/uploads\/2021\/02\/Sois-fute-ecran-ferme-logo-300x145.png\" alt=\"\" width=\"300\" height=\"145\" srcset=\"https:\/\/10jourssansecrans.org\/wp-content\/uploads\/2021\/02\/Sois-fute-ecran-ferme-logo-300x145.png 300w, https:\/\/10jourssansecrans.org\/wp-content\/uploads\/2021\/02\/Sois-fute-ecran-ferme-logo.png 424w\" sizes=\"(max-width: 300px) 100vw, 300px\" \/>Sois fut\u00e9, \u00e9cran ferm\u00e9\u00a0! est un programme d\u2019\u00e9ducation \u00e0 la sant\u00e9, lanc\u00e9 \u00e0 l&#8217;automne 2013 au Qu\u00e9bec. Son objectif est d\u2019apprendre aux \u00e9l\u00e8ves du primaire \u00e0 g\u00e9rer le temps qu\u2019ils passent devant un \u00e9cran.<\/p>\n<blockquote><p>\u00ab En diminuant le temps d\u2019\u00e9cran \u00e0 des fins r\u00e9cr\u00e9atives, les enfants pourront s\u2019adonner \u00e0 de nombreuses autres activit\u00e9s, telles que des projets cr\u00e9atifs, des activit\u00e9s physiques et des relations interpersonnelles.<br \/>\nSois fut\u00e9, \u00e9cran ferm\u00e9 ! a pour but de sensibiliser non seulement les \u00e9l\u00e8ves, mais aussi les parents et les enseignants, au temps d\u2019\u00e9cran. Et de r\u00e9duire le temps pass\u00e9 devant un \u00e9cran \u00e0 2 heures ou moins par jour (ou maintenir ce niveau s\u2019il est d\u00e9j\u00e0 atteint).<\/p><\/blockquote>\n<blockquote><p>Si messages-cl\u00e9s ont servi \u00e0 d\u00e9finir ces objectifs. Les messages 4 et 5 s\u2019adressent aux parents et aux enseignants :<\/p>\n<ul>\n<li>Notre corps est fait pour bouger.<\/li>\n<li>Le temps d\u2019\u00e9cran remplace l\u2019activit\u00e9 physique, la lecture et les relations sociales.<\/li>\n<li>Les enfants mangent souvent devant la t\u00e9l\u00e9vision et ont tendance \u00e0 consommer ce qu\u2019ils voient.<\/li>\n<li>Les enfants passent moins de temps devant un \u00e9cran ont de meilleures chances de r\u00e9ussir \u00e0 l\u2019\u00e9cole.<\/li>\n<li>Les enfants d\u00e9veloppent des habitudes de vie qui se perp\u00e9tuent jusqu\u2019\u00e0 l&#8217;\u00e2ge adulte.<\/li>\n<li>\u00c9changer trente minutes d&#8217;activit\u00e9s \u00e0 l&#8217;\u00e9cran contre toute autre activit\u00e9 amusante fais la diff\u00e9rence. \u00bb<\/li>\n<\/ul>\n<\/blockquote>\n<p>Acc\u00e9der au dossier complet<\/p>\n<a href='#' class='small-button smallblue' target=\"_blank\">Dossier complet Soit Fut\u00e9 \u00c9cran Ferm\u00e9<\/a>\n<h2>Pour conclure<\/h2>\n<p><strong>L\u2019augmentation du temps d\u2019\u00e9cran des jeunes est n\u00e9gativement reli\u00e9 \u00e0 la s\u00e9dentarit\u00e9 et \u00e0 l&#8217;\u00e9tat sant\u00e9 des jeunes (adiposit\u00e9, de capacit\u00e9s cardio-vasculaires, \u00e9tat de l&#8217;ensemble musculo-squelettique). Les organismes publics en charge de la pr\u00e9vention de la sant\u00e9 dans le monde font \u00e9tat d&#8217;une situation alarmante au vu du nombre d\u2019enfants et d&#8217;adolescents qui d\u00e9passent les seuils d&#8217;alerte. Les pr\u00e9conisations vont dans le sens d\u2019une n\u00e9cessaire (mais non suffisante) r\u00e9duction du temps \u00e9cran. <\/strong><\/p>\n<p><strong>Les bienfaits de l\u2019activit\u00e9 physique r\u00e9guli\u00e8re et d\u2019un temps limit\u00e9 de s\u00e9dentarit\u00e9 d\u00e8s le plus jeune \u00e2ge ne sont plus \u00e0 d\u00e9montrer. En France, il existe un besoin urgent pour d\u00e9velopper des campagnes de pr\u00e9vention sur les risques potentiellement associ\u00e9s au temps d\u2019\u00e9cran excessif. Dans certains pays comme au Canada des campagnes de ce type existent et nous pouvons nous en servir.<\/strong><\/p>\n","protected":false},"excerpt":{"rendered":"<p>2\/3 des adolescents \u00e0 un niveau de risque \u00e9lev\u00e9 Dans un rapport publi\u00e9 en novembre 20201, l&#8217;ANSES ( Agence Nationale de S\u00e9curit\u00e9 Sanitaire, de l&#8217;environnement et du travail) a publi\u00e9 [&hellip;]<\/p>\n","protected":false},"author":5,"featured_media":0,"parent":3510,"menu_order":0,"comment_status":"closed","ping_status":"closed","template":"","meta":{"_et_pb_use_builder":"","_et_pb_old_content":"","_et_gb_content_width":"","footnotes":""},"class_list":["post-4775","page","type-page","status-publish","hentry"],"_links":{"self":[{"href":"https:\/\/10jourssansecrans.org\/en\/wp-json\/wp\/v2\/pages\/4775","targetHints":{"allow":["GET"]}}],"collection":[{"href":"https:\/\/10jourssansecrans.org\/en\/wp-json\/wp\/v2\/pages"}],"about":[{"href":"https:\/\/10jourssansecrans.org\/en\/wp-json\/wp\/v2\/types\/page"}],"author":[{"embeddable":true,"href":"https:\/\/10jourssansecrans.org\/en\/wp-json\/wp\/v2\/users\/5"}],"replies":[{"embeddable":true,"href":"https:\/\/10jourssansecrans.org\/en\/wp-json\/wp\/v2\/comments?post=4775"}],"version-history":[{"count":1,"href":"https:\/\/10jourssansecrans.org\/en\/wp-json\/wp\/v2\/pages\/4775\/revisions"}],"predecessor-version":[{"id":4778,"href":"https:\/\/10jourssansecrans.org\/en\/wp-json\/wp\/v2\/pages\/4775\/revisions\/4778"}],"up":[{"embeddable":true,"href":"https:\/\/10jourssansecrans.org\/en\/wp-json\/wp\/v2\/pages\/3510"}],"wp:attachment":[{"href":"https:\/\/10jourssansecrans.org\/en\/wp-json\/wp\/v2\/media?parent=4775"}],"curies":[{"name":"wp","href":"https:\/\/api.w.org\/{rel}","templated":true}]}}