{"id":4769,"date":"2021-02-11T18:19:47","date_gmt":"2021-02-11T17:19:47","guid":{"rendered":"https:\/\/10jourssansecrans.org\/accueil\/resources\/temps-decran-et-les-jeunes\/"},"modified":"2025-08-07T19:19:05","modified_gmt":"2025-08-07T17:19:05","slug":"temps-decran-et-les-jeunes","status":"publish","type":"page","link":"https:\/\/10jourssansecrans.org\/en\/accueil\/resources\/temps-decran-et-les-jeunes\/","title":{"rendered":"Temps d&#8217;\u00e9cran chez les enfants et les adolescents"},"content":{"rendered":"<h1>Jeunes et \u00e9crans : des donn\u00e9es chiffr\u00e9es.<\/h1>\n<blockquote><p>&#8220;Nos enfants ont un mauvais capital sant\u00e9. Le grand probl\u00e8me de cette s\u00e9dentarit\u00e9, de cette inactivit\u00e9, comme le tabagisme, comme la malbouffe, c&#8217;est que \u00e7a ne tue pas tout de suite, mais \u00e7a va tuer dans trente ans. Et surtout, un enfant assis sera un adulte assis, plusieurs \u00e9tudes l&#8217;ont montr\u00e9, c&#8217;est-\u00e0-dire que ces ados s\u00e9dentaires vont continuer parce que c&#8217;est leur mode de vie, leurs habitudes.&#8221;<\/p><\/blockquote>\n<p>Fran\u00e7ois Carr\u00e9, cardiologue et m\u00e9decin du sport au CHU de Rennes (Ille-et-Vilaine)<\/p>\n<h2>Temps d&#8217;exposition :<\/h2>\n<p>Selon <a href=\"https:\/\/www.lumni.fr\/video\/les-ecrans-un-danger-pour-la-sante\"><em>Les \u00e9crans, un danger pour la sant\u00e9 ?<\/em><\/a> R\u00e9alis\u00e9 par D\u00e9cod&#8217;actu en 2018, \u00ab Le temps d\u2019exposition aux \u00e9crans ne fait que progresser. Les adultes passent en moyenne 5h07 minutes par jour devant les \u00e9crans, contre 3h10 il y a dix ans. Et ce, hors activit\u00e9 professionnelle ! \u00bb, \u00ab\u00a0<strong>Les jeunes, eux, passent 4h11 par jour devant les \u00e9crans<\/strong>, une heure de plus qu\u2019il y a 10 ans. Et le pourcentage d\u2019ados passant plus de 3 heures par jour devant un \u00e9cran a explos\u00e9, en particulier chez les gar\u00e7ons entre 15 et 17 ans.\u00a0\u00bb<\/p>\n<p>Ces chiffres s\u2019appuient sur l&#8217;\u00e9tude ESTEBAN 2015<a href=\"#sdfootnote1sym\" name=\"sdfootnote1anc\">1<\/a>, et font dire que la grande majorit\u00e9 des enfants passe plus de temps devant les \u00e9crans qu&#8217;en classe.<\/p>\n<div id=\"sdfootnote1\">\n<p class=\"western\">Par ailleurs, selon cette \u00e9tude, la dur\u00e9e quotidienne moyenne pass\u00e9e devant un \u00e9cran et corr\u00e9l\u00e9 au dipl\u00f4me des parents. Plus celui-ci est \u00e9lev\u00e9, moins l\u2019exposition aux \u00e9crans est importante (cf. figure suivante).<\/p>\n<div class=\"et_pb_slider et_pb_slider_fullwidth_off et_pb_gallery_post_type\">\n\t\t\t\t<div class=\"et_pb_slides\">\n\t\t\t\t\t<div class=\"et_pb_slide\" style=\"background: url(https:\/\/10jourssansecrans.org\/wp-content\/uploads\/2021\/02\/esteban.png);\"><\/div>\n\t\t\t\t<\/div>\n\t\t\t<\/div>\n<p class=\"western\">Le temps consacr\u00e9 par les jeunes aux \u00e9crans de loisirs est immense et les r\u00e9percussions sur la sant\u00e9 physique et mentale sont durables. Le ph\u00e9nom\u00e8ne est mondial, les organismes publics en charge de la sant\u00e9 alertent et publient des recommandations claires dans plusieurs pays. Il s\u2019agit de pr\u00e9server l\u2019activit\u00e9 physique, de r\u00e9duire le temps de s\u00e9dentarit\u00e9 devant \u00e9crans et de pr\u00e9server le temps et la qualit\u00e9 de sommeil.<\/p>\n<p><a href=\"#sdfootnote1anc\" name=\"sdfootnote1sym\">1<\/a>ESTEBAN, Etude de sant\u00e9 sur l&#8217;environnement, la biosurveillance, l&#8217;activit\u00e9 physique et la nutrition. Sant\u00e9 Public France et Universit\u00e9 Paris 13, 2020. <a href=\"https:\/\/www.santepubliquefrance.fr\/content\/download\/230409\/2504914\">https:\/\/www.santepubliquefrance.fr\/content\/download\/230409\/2504914<\/a><\/p>\n<\/div>\n<p>&nbsp;<\/p>\n","protected":false},"excerpt":{"rendered":"<p>Jeunes et \u00e9crans : des donn\u00e9es chiffr\u00e9es. &#8220;Nos enfants ont un mauvais capital sant\u00e9. Le grand probl\u00e8me de cette s\u00e9dentarit\u00e9, de cette inactivit\u00e9, comme le tabagisme, comme la malbouffe, c&#8217;est [&hellip;]<\/p>\n","protected":false},"author":5,"featured_media":0,"parent":3510,"menu_order":2,"comment_status":"closed","ping_status":"closed","template":"","meta":{"_et_pb_use_builder":"","_et_pb_old_content":"","_et_gb_content_width":"","footnotes":""},"class_list":["post-4769","page","type-page","status-publish","hentry"],"_links":{"self":[{"href":"https:\/\/10jourssansecrans.org\/en\/wp-json\/wp\/v2\/pages\/4769","targetHints":{"allow":["GET"]}}],"collection":[{"href":"https:\/\/10jourssansecrans.org\/en\/wp-json\/wp\/v2\/pages"}],"about":[{"href":"https:\/\/10jourssansecrans.org\/en\/wp-json\/wp\/v2\/types\/page"}],"author":[{"embeddable":true,"href":"https:\/\/10jourssansecrans.org\/en\/wp-json\/wp\/v2\/users\/5"}],"replies":[{"embeddable":true,"href":"https:\/\/10jourssansecrans.org\/en\/wp-json\/wp\/v2\/comments?post=4769"}],"version-history":[{"count":2,"href":"https:\/\/10jourssansecrans.org\/en\/wp-json\/wp\/v2\/pages\/4769\/revisions"}],"predecessor-version":[{"id":6650,"href":"https:\/\/10jourssansecrans.org\/en\/wp-json\/wp\/v2\/pages\/4769\/revisions\/6650"}],"up":[{"embeddable":true,"href":"https:\/\/10jourssansecrans.org\/en\/wp-json\/wp\/v2\/pages\/3510"}],"wp:attachment":[{"href":"https:\/\/10jourssansecrans.org\/en\/wp-json\/wp\/v2\/media?parent=4769"}],"curies":[{"name":"wp","href":"https:\/\/api.w.org\/{rel}","templated":true}]}}