{"id":4763,"date":"2021-02-15T15:25:19","date_gmt":"2021-02-15T14:25:19","guid":{"rendered":"https:\/\/10jourssansecrans.org\/accueil\/resources\/carnets-de-bord-et-grilles-de-points\/"},"modified":"2023-09-18T15:54:12","modified_gmt":"2023-09-18T13:54:12","slug":"carnets-de-bord-et-grilles-de-points","status":"publish","type":"page","link":"https:\/\/10jourssansecrans.org\/en\/accueil\/resources\/carnets-de-bord-et-grilles-de-points\/","title":{"rendered":"Carnets de bord et grilles de points"},"content":{"rendered":"<p>Le carnets de bord sont des outils indispensables pour les enfants et les adolescents qui rel\u00e8vent le d\u00e9fi. En le tenant \u00e0 jour, chacun comptabilise ses points, prend des notes sur les moments pr\u00e9f\u00e9r\u00e9s, les \u00e9motions ressenties.\u00a0 Certains carnets donnent droit \u00e0 un acc\u00e8s gratuit \u00e0 des infrastructures municipales (mus\u00e9es, piscine etc&#8230;). Ils peuvent \u00eatre r\u00e9alis\u00e9s par une \u00e9cole, une municipalit\u00e9, une association. En voici quelques exemples :<\/p>\n<h2>Carnets de bord 2021 :<\/h2>\n<p>L&#8217;association 10 Jours Sans \u00c9crans met \u00e0 disposition des carnets de bords librement t\u00e9l\u00e9chargeables et adapt\u00e9s \u00e0 l&#8217;\u00e9dition 2021 :<\/p>\n<p><img loading=\"lazy\" decoding=\"async\" class=\"alignnone wp-image-2454 size-large\" src=\"https:\/\/10jourssansecrans.org\/wp-content\/uploads\/2021\/05\/carnet-de-bord-mockup3-1024x677.jpg\" alt=\"Carnets de bord\" width=\"1024\" height=\"677\" srcset=\"https:\/\/10jourssansecrans.org\/wp-content\/uploads\/2021\/05\/carnet-de-bord-mockup3-980x648.jpg 980w, https:\/\/10jourssansecrans.org\/wp-content\/uploads\/2021\/05\/carnet-de-bord-mockup3-480x317.jpg 480w\" sizes=\"(min-width: 0px) and (max-width: 480px) 480px, (min-width: 481px) and (max-width: 980px) 980px, (min-width: 981px) 1024px, 100vw\" \/><\/p>\n<p><strong>NB : ce carnet a \u00e9t\u00e9 r\u00e9alis\u00e9 afin d&#8217;\u00eatre imprim\u00e9 au format A5, \u00e0 partir de feuilles au format A4 pli\u00e9es en deux (chaque carnet n\u00e9cessite 6 feuilles A4). Vous avez le choix de le faire imprimer par un professionnel ou de l&#8217;imprimer \u00e0 l&#8217;\u00e9cole avec un photocopieur. Dans ce dernier cas veillez \u00e0 l&#8217;imprimer en mode &#8220;livret&#8221;. <\/strong><\/p>\n<p><strong><a href=\"https:\/\/helpx.adobe.com\/fr\/acrobat\/using\/ways-print-pdfs.html\" target=\"_blank\" rel=\"noopener\">Comment imprimer en mode livret avec Adobe reader.<\/a><br \/>\n<\/strong><\/p>\n<h4>T\u00e9l\u00e9chargement des livrets en euskara et en fran\u00e7ais :<\/h4>\n<a href='https:\/\/10jourssansecrans.org\/wp-content\/uploads\/2021\/05\/fr_carnet-de-bord_PP.pdf' class='icon-button download-icon' target=\"_blank\">Carnet de bord en fran\u00e7ais<span class='et-icon'><\/span><\/a>\n<a href='https:\/\/10jourssansecrans.org\/wp-content\/uploads\/2021\/05\/Bs_carnet-de-bord_PP.pdf' class='icon-button download-icon' target=\"_blank\">Kontu liburuxka euskaraz<span class='et-icon'><\/span><\/a>\n<h2>D&#8217;autres exemples :<\/h2>\n<ul>\n<li>La communaut\u00e9 des communes du<strong> Cr\u00e9onnais<\/strong> met \u00e0 disposition des carnets de bord de la cr\u00e8che au CM2 :\n<ul>\n<li style=\"list-style-type: none;\">\n<ul>\n<li><a href=\"https:\/\/10jourssansecrans.org\/2019\/10\/les-carnets-de-bord-de-la-creche-au-cm2\/\" target=\"_blank\" rel=\"noopener\">https:\/\/10jourssansecrans.org\/2019\/10\/les-carnets-de-bord-de-la-creche-au-cm2\/<\/a><\/li>\n<\/ul>\n<\/li>\n<\/ul>\n<p><iframe loading=\"lazy\" src=\"https:\/\/player.vimeo.com\/video\/336445121?title=0&amp;byline=0&amp;portrait=0\" width=\"640\" height=\"360\" frameborder=\"0\" allowfullscreen=\"allowfullscreen\"><\/iframe><\/li>\n<\/ul>\n<ul>\n<li>Municipalit\u00e9 de <strong>Pau<\/strong> \u00e0 ses \u00e9coliers le d\u00e9fi 10 jours sans \u00e9cran depuis 2016 :<\/li>\n<li style=\"list-style-type: none;\">\n<ul>\n<li style=\"list-style-type: none;\">\n<ul>\n<li>Carnet de bord :<a href=\"https:\/\/www.pau.fr\/article\/10-jours-sans-ecran-pour-voir-autrement\" target=\"_blank\" rel=\"noopener\"> https:\/\/www.pau.fr\/article\/10-jours-sans-ecran-pour-voir-autrement<\/a><\/li>\n<li>Id\u00e9es de sortie \u00e0 faire en famille<a href=\"https:\/\/www.pau.fr\/allmedias\/visuels\/livret-Web.pdf\" target=\"_blank\" rel=\"noopener\"> https:\/\/www.pau.fr\/allmedias\/visuels\/livret-Web.pdf<\/a><\/li>\n<\/ul>\n<\/li>\n<\/ul>\n<\/li>\n<\/ul>\n<ul>\n<li style=\"list-style-type: none;\"><\/li>\n<\/ul>\n<p><iframe loading=\"lazy\" src=\"\/\/embedftv-a.akamaihd.net\/3d1aea2cad9c9f26a81f47aabb3c5318\" width=\"560\" height=\"315\" frameborder=\"0\" scrolling=\"no\" allowfullscreen=\"allowfullscreen\"><\/iframe><\/p>\n<ul>\n<li>Municipalit\u00e9 d&#8217;<strong>Orthez<\/strong> :\n<ul>\n<li><a href=\"https:\/\/fr.calameo.com\/read\/0001028223bd1158b9c24\" target=\"_blank\" rel=\"nofollow noopener noreferrer\">https:\/\/fr.calameo.com\/read\/0001028223bd1158b9c24<\/a><\/li>\n<li><a href=\"https:\/\/fr.calameo.com\/read\/00010282226a727189714\" target=\"_blank\" rel=\"nofollow noopener noreferrer\">https:\/\/fr.calameo.com\/read\/00010282226a727189714<\/a><\/li>\n<\/ul>\n<\/li>\n<\/ul>\n<ul>\n<li>RPI du <strong>Gaveausset<\/strong> :\n<ul>\n<li><a href=\"https:\/\/10jourssansecrans.org\/wp-content\/uploads\/2020\/12\/Livret-RPI-Gaveausset-avec-carte-defi-mail.pdf\" target=\"_blank\" rel=\"noopener\">Livret RPI Gaveausset avec carte d\u00e9fi mail<\/a><\/li>\n<\/ul>\n<\/li>\n<\/ul>\n","protected":false},"excerpt":{"rendered":"<p>Le carnets de bord sont des outils indispensables pour les enfants et les adolescents qui rel\u00e8vent le d\u00e9fi. En le tenant \u00e0 jour, chacun comptabilise ses points, prend des notes [&hellip;]<\/p>\n","protected":false},"author":5,"featured_media":0,"parent":3510,"menu_order":3,"comment_status":"closed","ping_status":"closed","template":"","meta":{"_et_pb_use_builder":"","_et_pb_old_content":"","_et_gb_content_width":"","footnotes":""},"class_list":["post-4763","page","type-page","status-publish","hentry"],"_links":{"self":[{"href":"https:\/\/10jourssansecrans.org\/en\/wp-json\/wp\/v2\/pages\/4763","targetHints":{"allow":["GET"]}}],"collection":[{"href":"https:\/\/10jourssansecrans.org\/en\/wp-json\/wp\/v2\/pages"}],"about":[{"href":"https:\/\/10jourssansecrans.org\/en\/wp-json\/wp\/v2\/types\/page"}],"author":[{"embeddable":true,"href":"https:\/\/10jourssansecrans.org\/en\/wp-json\/wp\/v2\/users\/5"}],"replies":[{"embeddable":true,"href":"https:\/\/10jourssansecrans.org\/en\/wp-json\/wp\/v2\/comments?post=4763"}],"version-history":[{"count":1,"href":"https:\/\/10jourssansecrans.org\/en\/wp-json\/wp\/v2\/pages\/4763\/revisions"}],"predecessor-version":[{"id":4766,"href":"https:\/\/10jourssansecrans.org\/en\/wp-json\/wp\/v2\/pages\/4763\/revisions\/4766"}],"up":[{"embeddable":true,"href":"https:\/\/10jourssansecrans.org\/en\/wp-json\/wp\/v2\/pages\/3510"}],"wp:attachment":[{"href":"https:\/\/10jourssansecrans.org\/en\/wp-json\/wp\/v2\/media?parent=4763"}],"curies":[{"name":"wp","href":"https:\/\/api.w.org\/{rel}","templated":true}]}}