{"id":4757,"date":"2021-01-30T19:04:49","date_gmt":"2021-01-30T18:04:49","guid":{"rendered":"https:\/\/10jourssansecrans.org\/accueil\/resources\/guides-pratiques\/"},"modified":"2023-09-18T15:51:49","modified_gmt":"2023-09-18T13:51:49","slug":"guides-pratiques","status":"publish","type":"page","link":"https:\/\/10jourssansecrans.org\/en\/accueil\/resources\/guides-pratiques\/","title":{"rendered":"Guides Pratiques"},"content":{"rendered":"<p>Pour pr\u00e9parer un d\u00e9fi 10 jours sans \u00e9crans, un peu de m\u00e9thodologie et des outils bien choisis sont n\u00e9cessaires. De nombreux outils pour la pr\u00e9paration du d\u00e9fi sont disponibles sur le site <a href=\"https:\/\/edupax.org\">Edupax.org<\/a>. Cependant quelques guides pratiques ont \u00e9t\u00e9 r\u00e9dig\u00e9s par le pass\u00e9.<\/p>\n<h3>Num\u00e9ro sp\u00e9cial Vents Crois\u00e9s<\/h3>\n<p>Dans un num\u00e9ro sp\u00e9cial du magazine qu\u00e9b\u00e9cois Vents Crois\u00e9s, paru en 2008,<a href=\"https:\/\/10jourssansecrans.org\/jacques-brodeur\/\"> Jacques Brodeur<\/a> avait r\u00e9dig\u00e9 un article de plusieurs chapitres sur toute la d\u00e9marche du d\u00e9fi 10 jours sans \u00e9crans et la r\u00e9flexion qui l&#8217;avait amen\u00e9 \u00e0 cr\u00e9er cet outil \u00e9ducatif : <a href=\"https:\/\/10jourssansecrans.org\/wp-content\/uploads\/2021\/01\/vc_no15_contenu.pdf\">Vents Crois\u00e9s &#8211; T\u00e9l\u00e9 &#8211; films et jeux vid\u00e9os<\/a><\/p>\n<h3>Guide pratique D\u00e9fi 10 Jours pour apprivoiser les \u00e9crans<\/h3>\n<p>R\u00e9alis\u00e9 par<strong> J\u00e9r\u00f4me Gaillard<\/strong> et pr\u00e9fac\u00e9 par <strong>Serge Tisseron<\/strong> : <a href=\"https:\/\/www.parents-atout-eure.org\/IMG\/pdf\/Guide-pratique-defi-10-jours-pour-apprivoiser-les-ecrans.pdf\">https:\/\/www.parents-atout-eure.org\/IMG\/pdf\/Guide-pratique-defi-10-jours-pour-apprivoiser-les-ecrans.pdf<\/a><\/p>\n<h3>Activit\u00e9s pr\u00e9paratoires &#8211; D\u00e9fi 10 jours Sans \u00c9crans<\/h3>\n<p>r\u00e9dig\u00e9 par le DDEC64 \u00e0 partir du num\u00e9ro de Vents Crois\u00e9s (ci-dessus) <a href=\"https:\/\/www.edupax.org\/images\/stories\/edupax\/Outils_du_DEFI\/Activites_preparatoires_au_defi.pdf\">https:\/\/www.edupax.org\/images\/stories\/edupax\/Outils_du_DEFI\/Activites_preparatoires_au_defi.pdf<\/a><\/p>\n","protected":false},"excerpt":{"rendered":"<p>Pour pr\u00e9parer un d\u00e9fi 10 jours sans \u00e9crans, un peu de m\u00e9thodologie et des outils bien choisis sont n\u00e9cessaires. De nombreux outils pour la pr\u00e9paration du d\u00e9fi sont disponibles sur [&hellip;]<\/p>\n","protected":false},"author":5,"featured_media":0,"parent":3510,"menu_order":1,"comment_status":"open","ping_status":"closed","template":"","meta":{"_et_pb_use_builder":"off","_et_pb_old_content":"","_et_gb_content_width":"","footnotes":""},"class_list":["post-4757","page","type-page","status-publish","hentry"],"_links":{"self":[{"href":"https:\/\/10jourssansecrans.org\/en\/wp-json\/wp\/v2\/pages\/4757","targetHints":{"allow":["GET"]}}],"collection":[{"href":"https:\/\/10jourssansecrans.org\/en\/wp-json\/wp\/v2\/pages"}],"about":[{"href":"https:\/\/10jourssansecrans.org\/en\/wp-json\/wp\/v2\/types\/page"}],"author":[{"embeddable":true,"href":"https:\/\/10jourssansecrans.org\/en\/wp-json\/wp\/v2\/users\/5"}],"replies":[{"embeddable":true,"href":"https:\/\/10jourssansecrans.org\/en\/wp-json\/wp\/v2\/comments?post=4757"}],"version-history":[{"count":1,"href":"https:\/\/10jourssansecrans.org\/en\/wp-json\/wp\/v2\/pages\/4757\/revisions"}],"predecessor-version":[{"id":4759,"href":"https:\/\/10jourssansecrans.org\/en\/wp-json\/wp\/v2\/pages\/4757\/revisions\/4759"}],"up":[{"embeddable":true,"href":"https:\/\/10jourssansecrans.org\/en\/wp-json\/wp\/v2\/pages\/3510"}],"wp:attachment":[{"href":"https:\/\/10jourssansecrans.org\/en\/wp-json\/wp\/v2\/media?parent=4757"}],"curies":[{"name":"wp","href":"https:\/\/api.w.org\/{rel}","templated":true}]}}