{"id":4744,"date":"2022-07-08T10:22:20","date_gmt":"2022-07-08T08:22:20","guid":{"rendered":"https:\/\/10jourssansecrans.org\/defi-collectif\/bilan-du-defi-2022\/"},"modified":"2024-02-26T08:25:12","modified_gmt":"2024-02-26T07:25:12","slug":"bilan-du-defi-2022","status":"publish","type":"page","link":"https:\/\/10jourssansecrans.org\/en\/defi-collectif\/bilan-du-defi-2022\/","title":{"rendered":"Bilan du d\u00e9fi 2022"},"content":{"rendered":"<p><strong>En r\u00e9sum\u00e9 :<\/strong><\/p>\n<p><strong><a href=\"https:\/\/10jourssansecrans.org\/en\/defi-collectif\/bilan-du-defi-2022\/exterieur-2\/\" rel=\"attachment wp-att-5362\"><img loading=\"lazy\" decoding=\"async\" class=\"wp-image-5362 size-medium alignright\" src=\"https:\/\/10jourssansecrans.org\/wp-content\/uploads\/2024\/02\/exterieur-300x148.jpg\" alt=\"Laissez-les jouer \u00e0 l'ext\u00e9rieur\" width=\"300\" height=\"148\" \/><\/a><\/strong>\u2022 L\u2019<strong>engagement autour du d\u00e9fi a \u00e9t\u00e9 important,<\/strong> car 83 % des enfants r\u00e9pondants ont tenu au moins <strong>sept jours complets sans \u00e9crans<\/strong> de loisirs. 76 % des enseignants ont estim\u00e9 que l\u2019implication de la communaut\u00e9 autour du d\u00e9fi avait \u00e9t\u00e9 importante. Et 68 % des parents ont tent\u00e9 de r\u00e9duire significativement leur propre consommation d\u2019\u00e9cran pendant le d\u00e9fi.<br \/>\n\u2022 Durant le d\u00e9fi les parents ont observ\u00e9 des <strong>changements positifs dans les habitudes<\/strong>. Pour la majorit\u00e9 il s\u2019agit une augmentation du temps pass\u00e9 en famille, de l\u2019activit\u00e9 physique et de la lecture.<br \/>\n\u2022 La majorit\u00e9 des enfants et des parents ont not\u00e9 des<strong> b\u00e9n\u00e9fices dans le vivre-ensemble familial<\/strong>\u00a0: augmentation de l\u2019entraide, baisse des disputes, et\/ou une meilleure humeur de leur enfant.<br \/>\n\u2022 La tr\u00e8s grande majorit\u00e9 des parents se sentent <strong>renforc\u00e9s dans leur r\u00f4le \u00e9ducatif<\/strong> puisque 92\u00a0% pensent que le d\u00e9fi aide les familles \u00e0 mieux ma\u00eetriser la place des \u00e9crans de loisirs et qu\u2019il a une influence positive significative sur les habitudes de vie \u00e0 la maison.<br \/>\n\u2022 <strong>99\u00a0%<\/strong> des parents et <strong>74\u00a0%<\/strong> des enfants souhaitent que l\u2019\u00e9cole <strong>propose \u00e0 nouveau le d\u00e9fi<\/strong>.<br \/>\n\u2022 La majorit\u00e9 des parents et des enseignants pensent que le d\u00e9fi <strong>am\u00e9liore la sant\u00e9 et le bien-\u00eatre<\/strong> des enfants et des adolescents et qu\u2019il leur permet de <strong>d\u00e9velopper leur sens critique<\/strong> face aux \u00e9crans.<br \/>\n\u2022 Lorsqu\u2019un d\u00e9fi est soigneusement pr\u00e9par\u00e9, on obtient le taux de participation <strong>sup\u00e9rieurs \u00e0 95 %.<\/strong><\/p>\n<p>Retrouvez les r\u00e9sultats complets du bilan <strong>2022<\/strong> ici : <a href=\"https:\/\/10jourssansecrans.org\/en\/defi-collectif\/bilan-du-defi-2022\/resultats-du-questionnaire-2022-2-2\/\" rel=\"attachment wp-att-5358\">R\u00e9sultats du questionnaire 2022<\/a><\/p>\n<p>Retrouvez les donn\u00e9es brutes des <strong>369<\/strong> r\u00e9ponses des questionnaires 2022<\/p>\n<ul>\n<li><strong>Questionnaire parents<\/strong> : 151 soumissions provenant de 21 \u00e9coles\/coll\u00e8ges diff\u00e9rents\n<ul>\n<li>formulaire : <a href=\"https:\/\/10jourssansecrans.org\/wp-content\/uploads\/2022\/07\/Questionnaire-Parents-2022.pdf\" target=\"_blank\" rel=\"noopener\">https:\/\/10jourssansecrans.org\/wp-content\/uploads\/2022\/07\/Questionnaire-Parents-2022.pdf<\/a><\/li>\n<li>r\u00e9sultats : <a href=\"https:\/\/10jourssansecrans.org\/wp-content\/uploads\/2022\/07\/Parents-results-survey155576.xlsx\" target=\"_blank\" rel=\"noopener\">https:\/\/10jourssansecrans.org\/wp-content\/uploads\/2022\/07\/Parents-results-survey155576.xlsx<\/a><\/li>\n<\/ul>\n<\/li>\n<li><strong>Questionnaire enseignants<\/strong> : 45 soumissions provenant de 21 \u00e9coles diff\u00e9rents\n<ul>\n<li>formulaire : <a href=\"https:\/\/10jourssansecrans.org\/wp-content\/uploads\/2022\/07\/Questionnaire-enseignants-2022.pdf\" target=\"_blank\" rel=\"noopener\">https:\/\/10jourssansecrans.org\/wp-content\/uploads\/2022\/07\/Questionnaire-enseignants-2022.pdf<\/a><\/li>\n<li>r\u00e9sultats : <a href=\"https:\/\/10jourssansecrans.org\/wp-content\/uploads\/2022\/07\/Enseignants-results-survey155576.xlsx\" target=\"_blank\" rel=\"noopener\">https:\/\/10jourssansecrans.org\/wp-content\/uploads\/2022\/07\/Enseignants-results-survey155576.xlsx<\/a><\/li>\n<\/ul>\n<\/li>\n<li><strong>Questionnaire enfants-ados<\/strong> : 173 soumissions provenant de 16 \u00e9coles\/coll\u00e8ges diff\u00e9rents\n<ul>\n<li>formulaire : <a href=\"https:\/\/10jourssansecrans.org\/wp-content\/uploads\/2022\/07\/Questionnaire-enfants-ados-2022.pdf\" target=\"_blank\" rel=\"noopener\">https:\/\/10jourssansecrans.org\/wp-content\/uploads\/2022\/07\/Questionnaire-enfants-ados-2022.pdf<\/a><\/li>\n<li>r\u00e9sultats : <a href=\"https:\/\/10jourssansecrans.org\/wp-content\/uploads\/2022\/07\/Enfants-Ados-results-survey389438.xlsx\" target=\"_blank\" rel=\"noopener\">https:\/\/10jourssansecrans.org\/wp-content\/uploads\/2022\/07\/Enfants-Ados-results-survey389438.xlsx<\/a><\/li>\n<\/ul>\n<\/li>\n<\/ul>\n","protected":false},"excerpt":{"rendered":"<p>En r\u00e9sum\u00e9 : \u2022 L\u2019engagement autour du d\u00e9fi a \u00e9t\u00e9 important, car 83 % des enfants r\u00e9pondants ont tenu au moins sept jours complets sans \u00e9crans de loisirs. 76 % [&hellip;]<\/p>\n","protected":false},"author":5,"featured_media":0,"parent":4647,"menu_order":0,"comment_status":"closed","ping_status":"closed","template":"","meta":{"_et_pb_use_builder":"","_et_pb_old_content":"","_et_gb_content_width":"","footnotes":""},"class_list":["post-4744","page","type-page","status-publish","hentry"],"_links":{"self":[{"href":"https:\/\/10jourssansecrans.org\/en\/wp-json\/wp\/v2\/pages\/4744","targetHints":{"allow":["GET"]}}],"collection":[{"href":"https:\/\/10jourssansecrans.org\/en\/wp-json\/wp\/v2\/pages"}],"about":[{"href":"https:\/\/10jourssansecrans.org\/en\/wp-json\/wp\/v2\/types\/page"}],"author":[{"embeddable":true,"href":"https:\/\/10jourssansecrans.org\/en\/wp-json\/wp\/v2\/users\/5"}],"replies":[{"embeddable":true,"href":"https:\/\/10jourssansecrans.org\/en\/wp-json\/wp\/v2\/comments?post=4744"}],"version-history":[{"count":4,"href":"https:\/\/10jourssansecrans.org\/en\/wp-json\/wp\/v2\/pages\/4744\/revisions"}],"predecessor-version":[{"id":5375,"href":"https:\/\/10jourssansecrans.org\/en\/wp-json\/wp\/v2\/pages\/4744\/revisions\/5375"}],"up":[{"embeddable":true,"href":"https:\/\/10jourssansecrans.org\/en\/wp-json\/wp\/v2\/pages\/4647"}],"wp:attachment":[{"href":"https:\/\/10jourssansecrans.org\/en\/wp-json\/wp\/v2\/media?parent=4744"}],"curies":[{"name":"wp","href":"https:\/\/api.w.org\/{rel}","templated":true}]}}