{"id":4738,"date":"2023-05-30T06:43:49","date_gmt":"2023-05-30T04:43:49","guid":{"rendered":"https:\/\/10jourssansecrans.org\/certificats-et-questionnaires\/"},"modified":"2023-09-18T15:41:47","modified_gmt":"2023-09-18T13:41:47","slug":"certificats-et-questionnaires","status":"publish","type":"page","link":"https:\/\/10jourssansecrans.org\/en\/certificats-et-questionnaires\/","title":{"rendered":"Dipl\u00f4mes et questionnaires"},"content":{"rendered":"<p>C&#8217;est bient\u00f4t la fin du d\u00e9fi. Il est temps de faire un bilan.<\/p>\n<h2>Dipl\u00f4mes<\/h2>\n<p>Les \u00e9l\u00e8ves ayant gard\u00e9 les \u00e9crans \u00e9teints 10, 9 ou 8 jours complets se voient d\u00e9cerner un certificat (cf p.41 du carnet de bord) :<\/p>\n<ul>\n<li><a href=\"https:\/\/10jourssansecrans.org\/en\/certificats-et-questionnaires\/diplome-3-2\/\" rel=\"attachment wp-att-3368\">DIPLOME or<\/a><\/li>\n<li><a href=\"https:\/\/10jourssansecrans.org\/wp-content\/uploads\/2023\/05\/DIPLOME-1.pdf\">DIPLOME argent<\/a><\/li>\n<li><a href=\"https:\/\/10jourssansecrans.org\/wp-content\/uploads\/2023\/05\/DIPLOME-2.pdf\">DIPLOME bronze<\/a><\/li>\n<\/ul>\n<h2>Questionnaires<\/h2>\n<p>Nous aimerions recueillir les opinions des parents, des enseignants et des enfants eux-m\u00eames pour comprendre leur perception des b\u00e9n\u00e9fices de cette exp\u00e9rience. Pour cela, nous avons pr\u00e9par\u00e9 trois questionnaires anonymes sp\u00e9cifiquement con\u00e7us pour chaque groupe. Ils peuvent \u00eatre remplis \u00e0 la maison ou \u00e0 l&#8217;\u00e9cole\/coll\u00e8ge.<\/p>\n<p>Les questionnaires en ligne nous aideront \u00e0 recueillir des donn\u00e9es sur l&#8217;ensemble des d\u00e9fis organis\u00e9s dans diff\u00e9rentes villes, mais ils peuvent \u00e9galement \u00eatre utilis\u00e9s pour \u00e9valuer les r\u00e9sultats d&#8217;un \u00e9tablissement donn\u00e9.<\/p>\n<p>Si vous \u00eates int\u00e9ress\u00e9 par ces donn\u00e9es et souhaitez entrer en contact avec nous, veuillez utiliser les coordonn\u00e9es suivantes : \u00a0<a href=\"https:\/\/10jourssansecrans.org\/contact\/\">CONTACT<\/a><\/p>\n<h4>Comment r\u00e9cup\u00e9rer les donn\u00e9es concernant son \u00e9cole ?<\/h4>\n<p>Diffusez les liens vers les questionnaires en ligne aupr\u00e8s des parents et des enseignants. \u00c9tablissez la date limite de votre choix et informez-en les participants. \u00c0 l&#8217;aide des liens &#8220;statistiques des r\u00e9ponses&#8221; (cf ci-dessous), surveillez en temps r\u00e9el l&#8217;\u00e9volution du nombre de soumissions pour votre \u00e9cole. \u00c0 la fin de votre campagne, contactez-nous pour obtenir le fichier complet avec les donn\u00e9es brutes de l&#8217;ensemble des soumissions. \u00c0 l&#8217;aide du tableur, calculez les pourcentages concernant cotre \u00e9cole.<\/p>\n<p>Fin juin, le fichier regroupant toutes les soumissions sera disponible en ligne sur cette page.<\/p>\n<p>\u00c0 la fin de l&#8217;\u00e9t\u00e9, un bilan sera mis en ligne.<\/p>\n<ul>\n<li>Questionnaire <strong>parents<\/strong> :\n<ul>\n<li>en <strong>ligne<\/strong> : <a href=\"https:\/\/10jourssansecrans.org\/limesurvey\/index.php\/216439?lang=fr\" target=\"_blank\" rel=\"noopener\">https:\/\/10jourssansecrans.org\/limesurvey\/index.php\/216439?lang=fr<\/a><\/li>\n<li>version <strong>PDF<\/strong> : <a href=\"https:\/\/10jourssansecrans.org\/en\/certificats-et-questionnaires\/2023-questionnaire-parents-2\/\" rel=\"attachment wp-att-3380\">2023 Questionnaire parent<\/a><\/li>\n<li>retrouvez les <strong>statistiques<\/strong> des <strong>r\u00e9ponses<\/strong>, et gardez un \u0153il sur le nombre de soumissions concernant votre \u00e9tablissement : <a href=\"https:\/\/10jourssansecrans.org\/limesurvey\/index.php\/statistics_user\/216439?language=fr\" target=\"_blank\" rel=\"noopener\">https:\/\/10jourssansecrans.org\/limesurvey\/index.php\/statistics_user\/216439?language=fr<\/a><\/li>\n<\/ul>\n<\/li>\n<li>Questionnaire <strong>enfants-ados<\/strong> : :\n<ul>\n<li>en ligne : <a href=\"https:\/\/10jourssansecrans.org\/limesurvey\/index.php\/923256?lang=fr\" target=\"_blank\" rel=\"noopener\">https:\/\/10jourssansecrans.org\/limesurvey\/index.php\/923256?lang=fr<\/a><\/li>\n<li>version PDF : <a href=\"https:\/\/10jourssansecrans.org\/en\/certificats-et-questionnaires\/defi-2023-bilan-enfants-ados-2\/\" rel=\"attachment wp-att-3382\">D\u00e9fi 2023 bilan enfants-ados<\/a><\/li>\n<li>retrouvez les <strong>statistiques<\/strong> des <strong>r\u00e9ponses<\/strong>, et gardez un \u0153il sur le nombre de soumissions quant \u00e0 votre \u00e9tablissement : <a href=\"https:\/\/10jourssansecrans.org\/limesurvey\/index.php\/statistics_user\/414737?language=fr\" target=\"_blank\" rel=\"noopener\">https:\/\/10jourssansecrans.org\/limesurvey\/index.php\/statistics_user\/414737?language=fr<\/a><\/li>\n<\/ul>\n<\/li>\n<li>Questionnaire <strong>enseignants<\/strong> :\n<ul>\n<li>en ligne : <a href=\"https:\/\/10jourssansecrans.org\/limesurvey\/index.php\/414737?lang=fr\" target=\"_blank\" rel=\"noopener\">https:\/\/10jourssansecrans.org\/limesurvey\/index.php\/414737?lang=fr<\/a><\/li>\n<li>version PDF : <a href=\"https:\/\/10jourssansecrans.org\/en\/certificats-et-questionnaires\/defi-2023-bilan-enseignants-2\/\" rel=\"attachment wp-att-3384\">D\u00e9fi 2023 Bilan enseignants<\/a><\/li>\n<li>retrouvez les <strong>statistiques<\/strong> des <strong>r\u00e9ponses<\/strong>, et gardez un \u0153il sur le nombre de soumissions quant \u00e0 votre \u00e9tablissement : <a href=\"https:\/\/10jourssansecrans.org\/limesurvey\/index.php\/statistics_user\/414737?language=fr\" target=\"_blank\" rel=\"noopener\">https:\/\/10jourssansecrans.org\/limesurvey\/index.php\/statistics_user\/414737?language=fr<\/a><\/li>\n<\/ul>\n<\/li>\n<\/ul>\n<h4>Retrouvez toutes les donn\u00e9es brutes des r\u00e9ponses soumises (au 23 juin 2023):<\/h4>\n<ul>\n<li>R\u00e9ponses de 43 enseignants : <a href=\"https:\/\/10jourssansecrans.org\/en\/certificats-et-questionnaires\/resultats_questionnaire_enseignants_23-06-23-2\/\" rel=\"attachment wp-att-3410\">r\u00e9sultats_questionnaire_enseignants_23-06-23<\/a><\/li>\n<li>R\u00e9ponses de 156 enfants et ados : <a href=\"https:\/\/10jourssansecrans.org\/en\/certificats-et-questionnaires\/resultats_questionnaire_enfants-ados_23-06-23-2\/\" rel=\"attachment wp-att-3409\">r\u00e9sultats_questionnaire_enfants-ados_23-06-23<\/a><\/li>\n<li>R\u00e9ponses de 405 parents :\u00a0<a href=\"https:\/\/10jourssansecrans.org\/en\/certificats-et-questionnaires\/resultats_questionnaire_parents_23-06-23-2\/\" rel=\"attachment wp-att-3411\">r\u00e9sultats_questionnaire_parents_23-06-23<\/a><\/li>\n<\/ul>\n<p>&nbsp;<\/p>\n","protected":false},"excerpt":{"rendered":"<p>C&#8217;est bient\u00f4t la fin du d\u00e9fi. Il est temps de faire un bilan. Dipl\u00f4mes Les \u00e9l\u00e8ves ayant gard\u00e9 les \u00e9crans \u00e9teints 10, 9 ou 8 jours complets se voient d\u00e9cerner [&hellip;]<\/p>\n","protected":false},"author":5,"featured_media":0,"parent":0,"menu_order":0,"comment_status":"closed","ping_status":"closed","template":"","meta":{"_et_pb_use_builder":"","_et_pb_old_content":"","_et_gb_content_width":"","footnotes":""},"class_list":["post-4738","page","type-page","status-publish","hentry"],"_links":{"self":[{"href":"https:\/\/10jourssansecrans.org\/en\/wp-json\/wp\/v2\/pages\/4738","targetHints":{"allow":["GET"]}}],"collection":[{"href":"https:\/\/10jourssansecrans.org\/en\/wp-json\/wp\/v2\/pages"}],"about":[{"href":"https:\/\/10jourssansecrans.org\/en\/wp-json\/wp\/v2\/types\/page"}],"author":[{"embeddable":true,"href":"https:\/\/10jourssansecrans.org\/en\/wp-json\/wp\/v2\/users\/5"}],"replies":[{"embeddable":true,"href":"https:\/\/10jourssansecrans.org\/en\/wp-json\/wp\/v2\/comments?post=4738"}],"version-history":[{"count":1,"href":"https:\/\/10jourssansecrans.org\/en\/wp-json\/wp\/v2\/pages\/4738\/revisions"}],"predecessor-version":[{"id":4741,"href":"https:\/\/10jourssansecrans.org\/en\/wp-json\/wp\/v2\/pages\/4738\/revisions\/4741"}],"wp:attachment":[{"href":"https:\/\/10jourssansecrans.org\/en\/wp-json\/wp\/v2\/media?parent=4738"}],"curies":[{"name":"wp","href":"https:\/\/api.w.org\/{rel}","templated":true}]}}