{"id":4722,"date":"2023-01-23T06:52:10","date_gmt":"2023-01-23T05:52:10","guid":{"rendered":"https:\/\/10jourssansecrans.org\/defi-collectif\/echeancier\/"},"modified":"2025-11-24T11:23:27","modified_gmt":"2025-11-24T10:23:27","slug":"echeancier","status":"publish","type":"page","link":"https:\/\/10jourssansecrans.org\/en\/defi-collectif\/echeancier\/","title":{"rendered":"\u00c9ch\u00e9ancier du d\u00e9fi collectif 2026"},"content":{"rendered":"<p>Le <strong>d\u00e9fi collectif 10 Jours sans \u00e9crans<\/strong> se d\u00e9roulera du <strong>19 mai au 28 mai 2026<\/strong>.<\/p>\n<p>Voici un \u00e9ch\u00e9ancier type des mois qui pr\u00e9c\u00e8dent le d\u00e9fi.<\/p>\n<p>\ud83c\udf10 Pour accompagner la pr\u00e9paration, l\u2019association <em>10 Jours sans \u00e9crans<\/em> propose <strong>cinq visioconf\u00e9rences<\/strong> tout au long de l\u2019ann\u00e9e scolaire.<\/p>\n<p>\ud83d\udcc4 Un d\u00e9pliant de pr\u00e9sentation de la d\u00e9marche du d\u00e9fi est disponible ici : <a href=\"https:\/\/10jourssansecrans.org\/wp-content\/uploads\/2022\/03\/Depliant_demarche-defi.pdf\">[D\u00e9pliant_d\u00e9marche d\u00e9fi]<\/a><\/p>\n<p><span style=\"color: #0f499a;\">\ud83d\udd14 <strong>Important<\/strong> : <\/span><\/p>\n<ul>\n<li><span style=\"color: #0f499a;\">Les visioconf\u00e9rences et les commandes sont accessibles aux <strong>adh\u00e9rents \u00e0 jour de leur cotisation :\u00a0<\/strong><\/span><a href=\"https:\/\/10jourssansecrans.org\/mon-compte\/?logStep=register\">\ud83d\udd17 [Adh\u00e9rer \u00e0 10 jours sans \u00e9crans]<\/a><\/li>\n<\/ul>\n<hr \/>\n<h3><strong>Septembre<\/strong><\/h3>\n<ul>\n<li>Vous pouvez inscrire votre structure gratuitement ici : <a href=\"https:\/\/10jourssansecrans.org\/en\/sinscrire\/\">[Inscription]<\/a><\/li>\n<li>Afin de pouvoir b\u00e9n\u00e9ficier de certains avantages (acc\u00e8s \u00e0 des visios, commande de kits gratuits, etc.) vous pouvez adh\u00e9rer ici : <a href=\"https:\/\/10jourssansecrans.org\/mon-compte\/?logStep=register\" target=\"_blank\" rel=\"noopener\">[Adh\u00e9sion]<\/a><\/li>\n<\/ul>\n<hr \/>\n<h3 class=\"western\"><strong>Novembre<\/strong><\/h3>\n<ul>\n<li>\ud83c\udf10 <strong><a href=\"https:\/\/10jourssansecrans.org\/event\/visioconference-n1\/\" target=\"_blank\" rel=\"noopener\">Mercredi 19 novembre 2025<\/a> \u2013 10:00 \u00e0 11:00<\/strong><br \/>\n<em>Visioconf\u00e9rence n\u00b01 :<\/em> <em>En quoi la r\u00e9duction et la ma\u00eetrise du temps d\u2019\u00e9cran sont-elles des enjeux majeurs de sant\u00e9 et d\u2019\u00e9ducation ?<br \/>\nSi vous n&#8217;avez pas pu y assister, une session de rattrapage aura lieu <strong><a href=\"https:\/\/10jourssansecrans.org\/event\/session-de-rattrapage-webinaire-n1\/\" target=\"_blank\" rel=\"noopener\">mardi 9 d\u00e9cembre \u00e0 18 h 00<\/a>.<\/strong><\/em><\/li>\n<li>\ud83c\udf10 <strong><del>Mercredi 26 novembre 2025<\/del> <a href=\"https:\/\/10jourssansecrans.org\/event\/visioconference-n2-elements-de-methodologie\/\" target=\"_blank\" rel=\"noopener\">Mercredi 10 d\u00e9cembre<\/a> \u2013 10:00 \u00e0 11:00<\/strong><br \/>\n<em>Visioconf\u00e9rence n\u00b02 :<\/em> <em>Pr\u00e9parer un d\u00e9fi sans \u00e9crans : \u00e9l\u00e9ments de m\u00e9thodologie.<\/em><br \/>\nComment se d\u00e9roule concr\u00e8tement un d\u00e9fi ? Comment le pr\u00e9parer et mobiliser \u00e9l\u00e8ves, \u00e9quipes enseignantes, parents d\u2019\u00e9l\u00e8ves, associations locales\u2026<\/li>\n<\/ul>\n<hr \/>\n<h3 class=\"western\"><strong>D\u00e9cembre<\/strong><\/h3>\n<ul>\n<li>Ouverture de la <strong>commande des kits<\/strong> (badges, affiches et carnets de bord) vers la <strong>mi-d\u00e9cembre<\/strong> :<br \/>\n<strong><a href=\"https:\/\/10jourssansecrans.org\/en\/defi-collectif\/badges-affiches-et-carnets-de-bord\/\">Commander les kits<\/a><\/strong><\/li>\n<\/ul>\n<hr \/>\n<h3 class=\"western\"><strong>Janvier<\/strong><\/h3>\n<ul>\n<li>\ud83c\udf10 <strong>Mercredi 7 janvier 2026 \u2013 10:00 \u00e0 11:00<\/strong><br \/>\n<em>Visioconf\u00e9rence n\u00b03 :<\/em> <em>Pr\u00e9paration du d\u00e9fi en classe \u2013 quelles activit\u00e9s p\u00e9dagogiques ?<\/em><\/li>\n<li>\ud83c\udf10 <strong>Mardi 20 janvier 2026 \u2013 13:30 \u00e0 14:30<\/strong><br \/>\n<em>Visioconf\u00e9rence n\u00b04 :<\/em> <em>Pr\u00e9paration du d\u00e9fi dans une cr\u00e8che ou structure d\u2019accueil de la petite enfance.<\/em><\/li>\n<li>\ud83c\udf10 <strong>Mardi 27 janvier 2026 \u2013 10:00 \u00e0 11:00<\/strong><br \/>\n<em>Visioconf\u00e9rence n\u00b05 :<\/em> <em>Se pr\u00e9parer au d\u00e9fi en coll\u00e8ge et lyc\u00e9e \u2013 activit\u00e9s p\u00e9dagogiques.<\/em><\/li>\n<li>\ud83c\udfeb Mise en place d\u2019un <strong>comit\u00e9 de pilotage<\/strong> dans chaque \u00e9cole (enseignants + parents).<br \/>\nCe comit\u00e9 pr\u00e9pare le programme d\u2019activit\u00e9s des 10 jours, fixe un \u00e9ch\u00e9ancier de pr\u00e9paration et prend les premiers contacts (associations, municipalit\u00e9\u2026).<br \/>\n\ud83d\udc49 Il est recommand\u00e9 de pr\u00e9voir <strong>3 \u00e0 4 r\u00e9unions<\/strong> avant le d\u00e9fi.<\/li>\n<\/ul>\n<hr \/>\n<h3 class=\"western\"><strong>F\u00e9vrier<\/strong><\/h3>\n<ul>\n<li><strong>\ud83c\udfeb Annonce officielle du d\u00e9fi<\/strong> aux enfants et aux parents.<br \/>\nMots-cl\u00e9s : <strong>Libert\u00e9, honn\u00eatet\u00e9, solidarit\u00e9.<\/strong><\/li>\n<li><strong>\ud83c\udfeb R\u00e9union d\u2019information pour les parents<\/strong> : enjeux, b\u00e9n\u00e9fices, mobilisation soci\u00e9tale.<\/li>\n<li>\ud83c\udfeb Solliciter des <strong>champions sportifs<\/strong> et <strong>personnalit\u00e9s locales<\/strong> pour encourager les familles.<\/li>\n<li>\ud83c\udfeb Mettre en place une <strong>bo\u00eete \u00e0 id\u00e9es<\/strong> \u00e0 l\u2019\u00e9cole : quelles activit\u00e9s partager pendant ces 10 jours ?<br \/>\n(Les suggestions des enfants, parents et enseignants r\u00e9servent souvent de belles surprises !)<\/li>\n<\/ul>\n<hr \/>\n<h3 class=\"western\"><strong>Mars<\/strong><\/h3>\n<ul>\n<li><strong>\ud83c\udfeb R\u00e9ception du mat\u00e9riel<\/strong> dans les \u00e9coles.<\/li>\n<li>\ud83c\udfeb D\u00e9but des <strong>activit\u00e9s pr\u00e9paratoires en classe<\/strong>.<\/li>\n<\/ul>\n<hr \/>\n<h3 class=\"western\"><strong>Avril<\/strong><\/h3>\n<ul>\n<li><strong>\ud83c\udfeb Finalisation du programme d\u2019activit\u00e9s<\/strong> de la dizaine.<\/li>\n<\/ul>\n<hr \/>\n<h3 class=\"western\"><strong>Mai<\/strong><\/h3>\n<ul>\n<li>\ud83c\udfeb Actions de <strong>communication<\/strong> (selon le calendrier du comit\u00e9 de pilotage) : conf\u00e9rence publique, communiqu\u00e9 de presse\u2026<\/li>\n<li><strong>\ud83c\udfeb 19 mai 2026<\/strong> : c\u00e9r\u00e9monie d\u2019ouverture et lancement du d\u00e9fi.<\/li>\n<li><strong>\ud83c\udfeb 28 mai 2026<\/strong> : fin du d\u00e9fi.<\/li>\n<\/ul>\n<hr \/>\n<h3 class=\"western\"><strong>Juin<\/strong><\/h3>\n<ul>\n<li><strong>\ud83c\udfeb Bilan du d\u00e9fi<\/strong> : compl\u00e9ter les questionnaires, mesurer la participation dans votre \u00e9cole et obtenir des retours chiffr\u00e9s de votre \u00e9cole. <a href=\"https:\/\/10jourssansecrans.org\/defi-collectif\/questionnaires\/\">[ Questionnaires ]<\/a><\/li>\n<\/ul>\n","protected":false},"excerpt":{"rendered":"<p>Le d\u00e9fi collectif 10 Jours sans \u00e9crans se d\u00e9roulera du 19 mai au 28 mai 2026. Voici un \u00e9ch\u00e9ancier type des mois qui pr\u00e9c\u00e8dent le d\u00e9fi. \ud83c\udf10 Pour accompagner la [&hellip;]<\/p>\n","protected":false},"author":5,"featured_media":0,"parent":4647,"menu_order":0,"comment_status":"open","ping_status":"open","template":"","meta":{"_et_pb_use_builder":"","_et_pb_old_content":"","_et_gb_content_width":"","footnotes":""},"class_list":["post-4722","page","type-page","status-publish","hentry"],"_links":{"self":[{"href":"https:\/\/10jourssansecrans.org\/en\/wp-json\/wp\/v2\/pages\/4722","targetHints":{"allow":["GET"]}}],"collection":[{"href":"https:\/\/10jourssansecrans.org\/en\/wp-json\/wp\/v2\/pages"}],"about":[{"href":"https:\/\/10jourssansecrans.org\/en\/wp-json\/wp\/v2\/types\/page"}],"author":[{"embeddable":true,"href":"https:\/\/10jourssansecrans.org\/en\/wp-json\/wp\/v2\/users\/5"}],"replies":[{"embeddable":true,"href":"https:\/\/10jourssansecrans.org\/en\/wp-json\/wp\/v2\/comments?post=4722"}],"version-history":[{"count":11,"href":"https:\/\/10jourssansecrans.org\/en\/wp-json\/wp\/v2\/pages\/4722\/revisions"}],"predecessor-version":[{"id":6882,"href":"https:\/\/10jourssansecrans.org\/en\/wp-json\/wp\/v2\/pages\/4722\/revisions\/6882"}],"up":[{"embeddable":true,"href":"https:\/\/10jourssansecrans.org\/en\/wp-json\/wp\/v2\/pages\/4647"}],"wp:attachment":[{"href":"https:\/\/10jourssansecrans.org\/en\/wp-json\/wp\/v2\/media?parent=4722"}],"curies":[{"name":"wp","href":"https:\/\/api.w.org\/{rel}","templated":true}]}}