{"id":3510,"date":"2019-12-29T18:33:30","date_gmt":"2019-12-29T17:33:30","guid":{"rendered":"https:\/\/10jourssansecrans.org\/resources\/?lang=en"},"modified":"2023-09-18T15:46:24","modified_gmt":"2023-09-18T13:46:24","slug":"resources","status":"publish","type":"page","link":"https:\/\/10jourssansecrans.org\/en\/accueil\/resources\/","title":{"rendered":"Resources"},"content":{"rendered":"<div class='et-box et-info'>\n\t\t\t\t\t<div class='et-box-content'>Page en construction : Bient\u00f4t un trousseau complet sera disponible sur cette page.<\/p><\/div><\/div>\n<p>Du 25 mai au 3 juin 2021, dans de nombreuses communes, des dizaines d\u2019associations, de municipalit\u00e9s, de cr\u00e8ches, d\u2019\u00e9coles, de coll\u00e8ges et de lyc\u00e9es proposeront aux jeunes qu\u2019ils accueillent de se passer d\u2019\u00e9crans de loisirs.<\/p>\n<p>T\u00e9l\u00e9visions, jeux vid\u00e9os, consoles, tablettes et smartphones, pendant dix jours des milliers d\u2019enfants et d\u2019adolescents vont d\u00e9cider de relever ce d\u00e9fi collectif en s\u2019y pr\u00e9parant comme des sportifs le font pour un match de tr\u00e8s haut niveau face \u00e0 des adversaires redoutables !<\/p>\n<p>Un \u00e9v\u00e9nement qui a pour objectif de faire vivre \u00e0 tous les acteurs d\u2019un \u00e9tablissement scolaire (personnel et enseignants compris) et aux familles qui le souhaitent, un moment convivial, voire festif, de r\u00e9flexion et de prise de recul sur l\u2019usage que nous avons de ces objets. Nous rendre compte de l&#8217;emprise qu&#8217;ils peuvent avoir dans nos vies et apprendre \u00e0 ne plus nous laisser tyranniser par eux. Donner aux \u00e9crans leur juste place.<\/p>\n<p>Le d\u00e9fi vient du Qu\u00e9bec et a travers\u00e9 l&#8217;Atlantique en 2008. Retrouvez un reportage sur l&#8217;initiative du <span class=\"style-scope yt-formatted-string\" dir=\"auto\">regroupement Grouille-toi le Fjord!, soutenue par Qu\u00e9bec en Forme.<\/span><\/p>\n<p><iframe loading=\"lazy\" title=\"Bon Coup - D\u00e9fi de la dizaine sans \u00e9crans\" width=\"1080\" height=\"608\" src=\"https:\/\/www.youtube.com\/embed\/Ir-36XVxu-4?feature=oembed\"  allow=\"accelerometer; autoplay; clipboard-write; encrypted-media; gyroscope; picture-in-picture; web-share\" allowfullscreen><\/iframe><\/p>\n<p>Pr\u00e9parer les enfants et les adolescents \u00e0 se servir des outils num\u00e9riques sans se laisser asservir, \u00e9coles, familles, professionnels de la sant\u00e9 et de l\u2019\u00e9ducation, et municipalit\u00e9s se mobilisent collectivement pour un enjeu majeur d\u2019\u00e9ducation du 21\u00e8me si\u00e8cle.<\/p>\n<p class=\"western\">La question du temps pass\u00e9 devant les \u00e9crans est au c\u0153ur des d\u00e9fis actuels en mati\u00e8re d\u2019\u00e9ducation\u00a0:<\/p>\n<ul>\n<li><strong>Sant\u00e9\u00a0<\/strong>: sant\u00e9 physique (s\u00e9dentarit\u00e9, surpoids\/ob\u00e9sit\u00e9, capacit\u00e9s cardio-vasculaires, sommeil) et sant\u00e9 mentale.<\/li>\n<li>\n<p class=\"western\"><b>Vivre ensemble et climat scolaire<\/b> : violence (physique et verbale), resserrement des liens familiaux et interg\u00e9n\u00e9rationnels.<\/p>\n<\/li>\n<li>\n<p class=\"western\"><b>Environnement et consommation : <\/b>r\u00e9duction de la sollicitation publicitaire, consommation responsable, renouement des liens avec la nature.<\/p>\n<\/li>\n<li>\n<p class=\"western\"><b>\u00c9ducation aux m\u00e9dias et \u00e0 l\u2019information<\/b> : Permettre aux jeunes de mieux contr\u00f4ler la technologie, et de mieux d\u00e9limiter la fronti\u00e8re qui s\u00e9pare les \u00e9crans qui rendent service des \u00e9crans qui asservissent.<\/p>\n<\/li>\n<\/ul>\n<h2>Guides pratiques :<\/h2>\n<p>Pour pr\u00e9parer un d\u00e9fi 10 jours sans \u00e9crans, un peu de m\u00e9thodologie et des outils bien choisis sont n\u00e9cessaires. De nombreux outils pour la pr\u00e9paration du d\u00e9fi sont disponibles sur le site <a href=\"https:\/\/edupax.org\">Edupax.org<\/a>.<\/p>\n<h2>Carnets de bord et grilles de points :<\/h2>\n<p>Le carnets de bord sont des outils indispensables pour les enfants et les adolescents qui rel\u00e8vent le d\u00e9fi. En le tenant \u00e0 jour, chacun comptabilise ses points, prend des notes sur les moments pr\u00e9f\u00e9r\u00e9s, les \u00e9motions ressenties. Certains carnets donnent droit \u00e0 un acc\u00e8s gratuit \u00e0 des infrastructures municipales (mus\u00e9es, piscine etc&#8230;). Ils peuvent \u00eatre r\u00e9alis\u00e9s par une \u00e9cole, une municipalit\u00e9, une association. En voici quelques exemples :<\/p>\n<ul>\n<li>La communaut\u00e9 des communes du cr\u00e9onnais met \u00e0 disposition des carnets de bord de la cr\u00e8che au CM2 :\n<ul>\n<li><a href=\"https:\/\/10jourssansecrans.org\/2019\/10\/les-carnets-de-bord-de-la-creche-au-cm2\/\" target=\"_blank\" rel=\"noopener\">https:\/\/10jourssansecrans.org\/2019\/10\/les-carnets-de-bord-de-la-creche-au-cm2\/<\/a><\/li>\n<\/ul>\n<\/li>\n<li>Municipalit\u00e9 d&#8217;Orthez :\n<ul>\n<li><a href=\"https:\/\/fr.calameo.com\/read\/0001028223bd1158b9c24\" target=\"_blank\" rel=\"nofollow noopener noreferrer\">https:\/\/fr.calameo.com\/read\/0001028223bd1158b9c24<\/a><\/li>\n<li><a href=\"https:\/\/fr.calameo.com\/read\/00010282226a727189714\" target=\"_blank\" rel=\"nofollow noopener noreferrer\">https:\/\/fr.calameo.com\/read\/00010282226a727189714<\/a><\/li>\n<\/ul>\n<\/li>\n<\/ul>\n<ul>\n<li>Municipalit\u00e9 de Pau :<br \/>\nLa municipalit\u00e9 de Pau propose \u00e0 ses \u00e9coliers le d\u00e9fi 10 jours sans \u00e9cran depuis 2016 :<\/p>\n<ul>\n<li>Carnet de bord :<a href=\"https:\/\/www.pau.fr\/article\/10-jours-sans-ecran-pour-voir-autrement\" target=\"_blank\" rel=\"noopener\"> https:\/\/www.pau.fr\/article\/10-jours-sans-ecran-pour-voir-autrement<\/a><\/li>\n<li>Id\u00e9es de sortie \u00e0 faire en famille<a href=\"https:\/\/www.pau.fr\/allmedias\/visuels\/livret-Web.pdf\" target=\"_blank\" rel=\"noopener\"> https:\/\/www.pau.fr\/allmedias\/visuels\/livret-Web.pdf<\/a><\/li>\n<\/ul>\n<\/li>\n<li>RPI du Gaveausset :\n<ul>\n<li style=\"list-style-type: none;\">\n<ul>\n<li><a href=\"https:\/\/10jourssansecrans.org\/wp-content\/uploads\/2020\/12\/Livret-RPI-Gaveausset-avec-carte-defi-mail.pdf\" target=\"_blank\" rel=\"noopener\">Livret RPI Gaveausset avec carte d\u00e9fi mail<\/a><\/li>\n<\/ul>\n<\/li>\n<\/ul>\n<\/li>\n<\/ul>\n<p>&nbsp;<\/p>\n<div class=\"et_pb_column et_pb_column_4_4 et_pb_column_0 et_pb_css_mix_blend_mode_passthrough et-last-child\">\n<div class=\"et_pb_module et_pb_text et_pb_text_0 et_pb_text_align_left et_pb_bg_layout_light\">\n<div class=\"et_pb_text_inner\">\n<p>&nbsp;<\/p>\n<\/div>\n<\/div>\n<\/div>\n","protected":false},"excerpt":{"rendered":"<p>Du 25 mai au 3 juin 2021, dans de nombreuses communes, des dizaines d\u2019associations, de municipalit\u00e9s, de cr\u00e8ches, d\u2019\u00e9coles, de coll\u00e8ges et de lyc\u00e9es proposeront aux jeunes qu\u2019ils accueillent de [&hellip;]<\/p>\n","protected":false},"author":5,"featured_media":0,"parent":4583,"menu_order":0,"comment_status":"closed","ping_status":"closed","template":"","meta":{"_et_pb_use_builder":"off","_et_pb_old_content":"","_et_gb_content_width":"","footnotes":""},"class_list":["post-3510","page","type-page","status-publish","hentry"],"_links":{"self":[{"href":"https:\/\/10jourssansecrans.org\/en\/wp-json\/wp\/v2\/pages\/3510","targetHints":{"allow":["GET"]}}],"collection":[{"href":"https:\/\/10jourssansecrans.org\/en\/wp-json\/wp\/v2\/pages"}],"about":[{"href":"https:\/\/10jourssansecrans.org\/en\/wp-json\/wp\/v2\/types\/page"}],"author":[{"embeddable":true,"href":"https:\/\/10jourssansecrans.org\/en\/wp-json\/wp\/v2\/users\/5"}],"replies":[{"embeddable":true,"href":"https:\/\/10jourssansecrans.org\/en\/wp-json\/wp\/v2\/comments?post=3510"}],"version-history":[{"count":1,"href":"https:\/\/10jourssansecrans.org\/en\/wp-json\/wp\/v2\/pages\/3510\/revisions"}],"predecessor-version":[{"id":4750,"href":"https:\/\/10jourssansecrans.org\/en\/wp-json\/wp\/v2\/pages\/3510\/revisions\/4750"}],"up":[{"embeddable":true,"href":"https:\/\/10jourssansecrans.org\/en\/wp-json\/wp\/v2\/pages\/4583"}],"wp:attachment":[{"href":"https:\/\/10jourssansecrans.org\/en\/wp-json\/wp\/v2\/media?parent=3510"}],"curies":[{"name":"wp","href":"https:\/\/api.w.org\/{rel}","templated":true}]}}